{"id":2506,"date":"2026-03-09T12:00:37","date_gmt":"2026-03-09T10:00:37","guid":{"rendered":"https:\/\/visitpovljana.eu\/atrakcije\/veliko-i-malo-blato\/"},"modified":"2026-03-09T12:00:38","modified_gmt":"2026-03-09T10:00:38","slug":"veliko-i-malo-blato","status":"publish","type":"page","link":"https:\/\/visitpovljana.eu\/hr\/atrakcije\/veliko-i-malo-blato\/","title":{"rendered":"Veliko i malo blato"},"content":{"rendered":"<div class=\"wpb-content-wrapper\"><p>[vc_row][vc_column][vc_column_text css=&#8221;&#8221;]Rezervat ptica Veliko blato, skloni\u0161te je za \u0161iroku paletu ptica mo\u010dvarica, osobito tijekom razdoblja gnije\u017e\u0111enja, migracija i zimovanja. Du\u017eina mo\u010dvarnog stani\u0161ta je oko 2 km, s prosje\u010dnom \u0161irinom pribli\u017eno 1.2 km. Takav sa\u010duvani mo\u010dvarni teritorij danas je vrlo rijedak, pogotovo zbog sve ve\u0107e ranjivosti mo\u010dvare ornitofaune i nestanka mo\u010dvarnog biotopa diljem Europe. Od svih vrsta stani\u0161ta u Europi, mo\u010dvarna stani\u0161ta definitivno su najbogatija i najrazli\u010ditija u \u017eivotu ptica. Rezervat Veliko blato je va\u017eno mjesto za promatranje ptica i povezane aktivnosti, jer postoje izuzetni sadr\u017eaji za takav rekreativni<br \/>turizam koji se temelji na razgledavanju, promatranju ptica i fotografiji. U rezervatu postoji promatra\u010dnica ptica i info-plo\u010da. Stru\u010dnjaci su do sada dokumentirali 143 vrste ptica na mjestu, sastavili liste ptica i ozna\u010dili najprikladnija razdoblja u svakoj sezoni za promatra\u010de ptica, kao i vrste ptica \u0161to se mo\u017ee vidjeti tijekom odre\u0111enog razdoblja.<\/p>\n<p><strong>\u0160evar \u2013 Trstik<\/strong><br \/>Sjeverni dio je okru\u017een trsticima (Phragmites communis), koji su posebno dobro razvijeni u jugoisto\u010dnom dijelu rezervata. Uz \u0161evar, postoje neke vrste \u0161a\u0161a (Carex sp.), sita (Juncus acutus, J. conglomeratus, J.maritimus) i drugih mo\u010dvarnih vrsta: \u0161a\u0161ine, je\u017einac (Scirpus sp., Sparganium erctum itd.).<\/p>\n<p><strong>Kr\u0161<\/strong><br \/>Rub depresije prekriven je livadama koje su ponekad poplavljene u prolje\u0107e i jesen. Ju\u017eni dio rezervata okru\u017een je kr\u0161kim terenom, sporadi\u010dno prekrivenim biljnim vrstama kr\u0161a: kaduljom, smiljem, omanom, bijelim bu\u0161inom (Salvia officinalis, Helychrisum italicum, Euphorbia spinosa, Inula candida, Stachis<br \/>salviaefolius itd.).<\/p>\n<p><strong>Ptice<\/strong><br \/>Ovdje se \u010desto mogu vidjeti ptice: crna liska, patuljasti gnjurac (Tachybatus ruficollis), \u0107ubasti gnjurac (Podiceps cristatus), siva \u010daplja (Ardea cinerea), bijela \u010daplja (Egretta alba), bukavac (Botaurus stellaris) , sjajni ibis (Plegadis falcinellus), patka njorka (Aythya nyroca), i \u010daplja \u017eli\u010darka (Platalea leucorodia).<\/p>\n<p><strong>Patka Kreketaljka, Eja livadarska i velika \u0161eva<\/strong><br \/>Ono \u0161to ovaj rezervat \u010dini posebnim jest \u010dinjenica da je to mjesto gnije\u017e\u0111enja patke kreketaljke (Anas strepera), eje livadarke (Circus pygargus) i velike \u0161eve (Melanocorypha calandra), sve tri ugro\u017eene ptice Europe, dok su u Hrvatskoj vrlo rijetke ptice gnjezdarice.<br \/><strong><br \/>\nMalo blato, Kolansko blato<\/strong><br \/>Osim Velikog blata, na otoku Pagu nalaze se jo\u0161 dva mo\u010dvarna podru\u010dja: Malo blato u blizini Velikog blata i Kolansko blato u op\u0107ini Kolan. Sva tri lokaliteta dobila su status rezervata ptica.<\/p>\n<p><strong>Ulaznice<\/strong><br \/>za razgledavanje Velikog blata prodaju se u Turisti\u010dkoj zajednici Povljana.<\/p>\n<p>Rezervat ptica je za\u0161ti\u0107eno podru\u010dje.Nemojte ostavljati u prostoru rezervata nikakve predmete koji bi mogli naru\u0161iti prirodni sklad.[\/vc_column_text][\/vc_column][\/vc_row]<\/p>\n<\/div>","protected":false},"excerpt":{"rendered":"<p>[vc_row][vc_column][vc_column_text css=&#8221;&#8221;]Rezervat ptica Veliko blato, skloni\u0161te je za \u0161iroku paletu ptica mo\u010dvarica, osobito tijekom razdoblja gnije\u017e\u0111enja, migracija i zimovanja. Du\u017eina mo\u010dvarnog stani\u0161ta je oko 2 km, s prosje\u010dnom \u0161irinom pribli\u017eno&hellip;<\/p>\n","protected":false},"author":1,"featured_media":0,"parent":1565,"menu_order":0,"comment_status":"closed","ping_status":"closed","template":"","meta":{"footnotes":""},"class_list":["post-2506","page","type-page","status-publish","hentry"],"yoast_head":"<!-- This site is optimized with the Yoast SEO plugin v27.1.1 - https:\/\/yoast.com\/product\/yoast-seo-wordpress\/ -->\n<title>Veliko i malo blato | Povljana Tourist Board<\/title>\n<meta name=\"robots\" content=\"index, follow, max-snippet:-1, max-image-preview:large, max-video-preview:-1\" \/>\n<link rel=\"canonical\" href=\"https:\/\/visitpovljana.eu\/attractions\/veliko-i-malo-blato\/\" \/>\n<meta property=\"og:locale\" content=\"hr_HR\" \/>\n<meta property=\"og:type\" content=\"article\" \/>\n<meta property=\"og:title\" content=\"Veliko i malo blato | Povljana Tourist Board\" \/>\n<meta property=\"og:description\" content=\"[vc_row][vc_column][vc_column_text css=&#8221;&#8221;]Rezervat ptica Veliko blato, skloni\u0161te je za \u0161iroku paletu ptica mo\u010dvarica, osobito tijekom razdoblja gnije\u017e\u0111enja, migracija i zimovanja. Du\u017eina mo\u010dvarnog stani\u0161ta je oko 2 km, s prosje\u010dnom \u0161irinom pribli\u017eno&hellip;\" \/>\n<meta property=\"og:url\" content=\"https:\/\/visitpovljana.eu\/attractions\/veliko-i-malo-blato\/\" \/>\n<meta property=\"og:site_name\" content=\"Povljana Tourist Board\" \/>\n<meta property=\"article:publisher\" content=\"https:\/\/www.facebook.com\/turistickazajednica.povljana.9\" \/>\n<meta property=\"article:modified_time\" content=\"2026-03-09T10:00:38+00:00\" \/>\n<meta name=\"twitter:card\" content=\"summary_large_image\" \/>\n<meta name=\"twitter:label1\" content=\"Procijenjeno vrijeme \u010ditanja\" \/>\n\t<meta name=\"twitter:data1\" content=\"2 minute\" \/>\n<script type=\"application\/ld+json\" class=\"yoast-schema-graph\">{\"@context\":\"https:\/\/schema.org\",\"@graph\":[{\"@type\":\"WebPage\",\"@id\":\"https:\/\/visitpovljana.eu\/attractions\/veliko-i-malo-blato\/\",\"url\":\"https:\/\/visitpovljana.eu\/attractions\/veliko-i-malo-blato\/\",\"name\":\"Veliko i malo blato | Povljana Tourist Board\",\"isPartOf\":{\"@id\":\"https:\/\/visitpovljana.eu\/#website\"},\"datePublished\":\"2026-03-09T10:00:37+00:00\",\"dateModified\":\"2026-03-09T10:00:38+00:00\",\"breadcrumb\":{\"@id\":\"https:\/\/visitpovljana.eu\/attractions\/veliko-i-malo-blato\/#breadcrumb\"},\"inLanguage\":\"hr\",\"potentialAction\":[{\"@type\":\"ReadAction\",\"target\":[\"https:\/\/visitpovljana.eu\/attractions\/veliko-i-malo-blato\/\"]}]},{\"@type\":\"BreadcrumbList\",\"@id\":\"https:\/\/visitpovljana.eu\/attractions\/veliko-i-malo-blato\/#breadcrumb\",\"itemListElement\":[{\"@type\":\"ListItem\",\"position\":1,\"name\":\"Naslovnica\",\"item\":\"https:\/\/visitpovljana.eu\/hr\/\"},{\"@type\":\"ListItem\",\"position\":2,\"name\":\"Atrakcije\",\"item\":\"https:\/\/visitpovljana.eu\/hr\/atrakcije\/\"},{\"@type\":\"ListItem\",\"position\":3,\"name\":\"Veliko i malo blato\"}]},{\"@type\":\"WebSite\",\"@id\":\"https:\/\/visitpovljana.eu\/#website\",\"url\":\"https:\/\/visitpovljana.eu\/\",\"name\":\"Povljana Tourist Board\",\"description\":\"Official Website for Povljana Tourist Board\",\"publisher\":{\"@id\":\"https:\/\/visitpovljana.eu\/#organization\"},\"potentialAction\":[{\"@type\":\"SearchAction\",\"target\":{\"@type\":\"EntryPoint\",\"urlTemplate\":\"https:\/\/visitpovljana.eu\/?s={search_term_string}\"},\"query-input\":{\"@type\":\"PropertyValueSpecification\",\"valueRequired\":true,\"valueName\":\"search_term_string\"}}],\"inLanguage\":\"hr\"},{\"@type\":\"Organization\",\"@id\":\"https:\/\/visitpovljana.eu\/#organization\",\"name\":\"Povljana Tourist Board\",\"url\":\"https:\/\/visitpovljana.eu\/\",\"logo\":{\"@type\":\"ImageObject\",\"inLanguage\":\"hr\",\"@id\":\"https:\/\/visitpovljana.eu\/#\/schema\/logo\/image\/\",\"url\":\"https:\/\/visitpovljana.eu\/wp-content\/uploads\/2018\/11\/logo.png\",\"contentUrl\":\"https:\/\/visitpovljana.eu\/wp-content\/uploads\/2018\/11\/logo.png\",\"width\":225,\"height\":53,\"caption\":\"Povljana Tourist Board\"},\"image\":{\"@id\":\"https:\/\/visitpovljana.eu\/#\/schema\/logo\/image\/\"},\"sameAs\":[\"https:\/\/www.facebook.com\/turistickazajednica.povljana.9\",\"https:\/\/www.instagram.com\/povljanatz\/\",\"https:\/\/www.youtube.com\/channel\/UCxdqlvStUxA6OnUy3WyOIyw\"]}]}<\/script>\n<!-- \/ Yoast SEO plugin. -->","yoast_head_json":{"title":"Veliko i malo blato | Povljana Tourist Board","robots":{"index":"index","follow":"follow","max-snippet":"max-snippet:-1","max-image-preview":"max-image-preview:large","max-video-preview":"max-video-preview:-1"},"canonical":"https:\/\/visitpovljana.eu\/attractions\/veliko-i-malo-blato\/","og_locale":"hr_HR","og_type":"article","og_title":"Veliko i malo blato | Povljana Tourist Board","og_description":"[vc_row][vc_column][vc_column_text css=&#8221;&#8221;]Rezervat ptica Veliko blato, skloni\u0161te je za \u0161iroku paletu ptica mo\u010dvarica, osobito tijekom razdoblja gnije\u017e\u0111enja, migracija i zimovanja. Du\u017eina mo\u010dvarnog stani\u0161ta je oko 2 km, s prosje\u010dnom \u0161irinom pribli\u017eno&hellip;","og_url":"https:\/\/visitpovljana.eu\/attractions\/veliko-i-malo-blato\/","og_site_name":"Povljana Tourist Board","article_publisher":"https:\/\/www.facebook.com\/turistickazajednica.povljana.9","article_modified_time":"2026-03-09T10:00:38+00:00","twitter_card":"summary_large_image","twitter_misc":{"Procijenjeno vrijeme \u010ditanja":"2 minute"},"schema":{"@context":"https:\/\/schema.org","@graph":[{"@type":"WebPage","@id":"https:\/\/visitpovljana.eu\/attractions\/veliko-i-malo-blato\/","url":"https:\/\/visitpovljana.eu\/attractions\/veliko-i-malo-blato\/","name":"Veliko i malo blato | Povljana Tourist Board","isPartOf":{"@id":"https:\/\/visitpovljana.eu\/#website"},"datePublished":"2026-03-09T10:00:37+00:00","dateModified":"2026-03-09T10:00:38+00:00","breadcrumb":{"@id":"https:\/\/visitpovljana.eu\/attractions\/veliko-i-malo-blato\/#breadcrumb"},"inLanguage":"hr","potentialAction":[{"@type":"ReadAction","target":["https:\/\/visitpovljana.eu\/attractions\/veliko-i-malo-blato\/"]}]},{"@type":"BreadcrumbList","@id":"https:\/\/visitpovljana.eu\/attractions\/veliko-i-malo-blato\/#breadcrumb","itemListElement":[{"@type":"ListItem","position":1,"name":"Naslovnica","item":"https:\/\/visitpovljana.eu\/hr\/"},{"@type":"ListItem","position":2,"name":"Atrakcije","item":"https:\/\/visitpovljana.eu\/hr\/atrakcije\/"},{"@type":"ListItem","position":3,"name":"Veliko i malo blato"}]},{"@type":"WebSite","@id":"https:\/\/visitpovljana.eu\/#website","url":"https:\/\/visitpovljana.eu\/","name":"Povljana Tourist Board","description":"Official Website for Povljana Tourist Board","publisher":{"@id":"https:\/\/visitpovljana.eu\/#organization"},"potentialAction":[{"@type":"SearchAction","target":{"@type":"EntryPoint","urlTemplate":"https:\/\/visitpovljana.eu\/?s={search_term_string}"},"query-input":{"@type":"PropertyValueSpecification","valueRequired":true,"valueName":"search_term_string"}}],"inLanguage":"hr"},{"@type":"Organization","@id":"https:\/\/visitpovljana.eu\/#organization","name":"Povljana Tourist Board","url":"https:\/\/visitpovljana.eu\/","logo":{"@type":"ImageObject","inLanguage":"hr","@id":"https:\/\/visitpovljana.eu\/#\/schema\/logo\/image\/","url":"https:\/\/visitpovljana.eu\/wp-content\/uploads\/2018\/11\/logo.png","contentUrl":"https:\/\/visitpovljana.eu\/wp-content\/uploads\/2018\/11\/logo.png","width":225,"height":53,"caption":"Povljana Tourist Board"},"image":{"@id":"https:\/\/visitpovljana.eu\/#\/schema\/logo\/image\/"},"sameAs":["https:\/\/www.facebook.com\/turistickazajednica.povljana.9","https:\/\/www.instagram.com\/povljanatz\/","https:\/\/www.youtube.com\/channel\/UCxdqlvStUxA6OnUy3WyOIyw"]}]}},"_links":{"self":[{"href":"https:\/\/visitpovljana.eu\/hr\/wp-json\/wp\/v2\/pages\/2506","targetHints":{"allow":["GET"]}}],"collection":[{"href":"https:\/\/visitpovljana.eu\/hr\/wp-json\/wp\/v2\/pages"}],"about":[{"href":"https:\/\/visitpovljana.eu\/hr\/wp-json\/wp\/v2\/types\/page"}],"author":[{"embeddable":true,"href":"https:\/\/visitpovljana.eu\/hr\/wp-json\/wp\/v2\/users\/1"}],"replies":[{"embeddable":true,"href":"https:\/\/visitpovljana.eu\/hr\/wp-json\/wp\/v2\/comments?post=2506"}],"version-history":[{"count":2,"href":"https:\/\/visitpovljana.eu\/hr\/wp-json\/wp\/v2\/pages\/2506\/revisions"}],"predecessor-version":[{"id":2508,"href":"https:\/\/visitpovljana.eu\/hr\/wp-json\/wp\/v2\/pages\/2506\/revisions\/2508"}],"up":[{"embeddable":true,"href":"https:\/\/visitpovljana.eu\/hr\/wp-json\/wp\/v2\/pages\/1565"}],"wp:attachment":[{"href":"https:\/\/visitpovljana.eu\/hr\/wp-json\/wp\/v2\/media?parent=2506"}],"curies":[{"name":"wp","href":"https:\/\/api.w.org\/{rel}","templated":true}]}}