{"id":2440,"date":"2025-04-03T12:02:04","date_gmt":"2025-04-03T10:02:04","guid":{"rendered":"https:\/\/visitpovljana.eu\/?page_id=2440"},"modified":"2025-04-03T12:02:04","modified_gmt":"2025-04-03T10:02:04","slug":"livade","status":"publish","type":"page","link":"https:\/\/visitpovljana.eu\/hr\/plaze\/livade\/","title":{"rendered":"Livade"},"content":{"rendered":"<p><iframe src=\"https:\/\/www.google.com\/maps\/embed?pb=!1m17!1m12!1m3!1d3659.780162175969!2d15.104109076764153!3d44.340493807707766!2m3!1f0!2f0!3f0!3m2!1i1024!2i768!4f13.1!3m2!1m1!2zNDTCsDIwJzI1LjgiTiAxNcKwMDYnMjQuMSJF!5e1!3m2!1shr!2shr!4v1742472370510!5m2!1shr!2shr\" width=\"100%\" height=\"450\" style=\"border:0;\" allowfullscreen=\"\" loading=\"lazy\" referrerpolicy=\"no-referrer-when-downgrade\"><\/iframe><\/p>\n<p><strong>KARAKTERISTIKE<\/strong><br \/>\npje\u0161\u010dana pla\u017ea, vrlo plitko more, pogodno za obitelji sa malom djecom<\/p>\n<p>SPREMNICI ZA OTPAD    +<br \/>\nKABINE ZA PRESVLA\u010cENJE    &#8211;<br \/>\nPEDALINE     &#8211;<br \/>\nUGOSTITELJSKI SADR\u017dAJI       &#8211;<br \/>\nRAMPA ZA INVALIDE     &#8211;<br \/>\nPARKING    &#8211;<br \/>\nKU\u0106NI LJUBIMCI     &#8211;<br \/>\n<strong><br \/>\nPREPORUKE<\/strong><br \/>\nVozilo mo\u017eete parkirati uz obli\u017enju lokalnu cestu.<\/p>\n","protected":false},"excerpt":{"rendered":"<p>KARAKTERISTIKE pje\u0161\u010dana pla\u017ea, vrlo plitko more, pogodno za obitelji sa malom djecom SPREMNICI ZA OTPAD + KABINE ZA PRESVLA\u010cENJE &#8211; PEDALINE &#8211; UGOSTITELJSKI SADR\u017dAJI &#8211; RAMPA ZA INVALIDE &#8211; PARKING&hellip;<\/p>\n","protected":false},"author":1,"featured_media":0,"parent":1550,"menu_order":0,"comment_status":"closed","ping_status":"closed","template":"","meta":{"footnotes":""},"class_list":["post-2440","page","type-page","status-publish","hentry"],"yoast_head":"<!-- This site is optimized with the Yoast SEO plugin v27.1.1 - https:\/\/yoast.com\/product\/yoast-seo-wordpress\/ -->\n<title>Livade | Povljana Tourist Board<\/title>\n<meta name=\"robots\" content=\"index, follow, max-snippet:-1, max-image-preview:large, max-video-preview:-1\" \/>\n<link rel=\"canonical\" href=\"https:\/\/visitpovljana.eu\/hr\/plaze\/livade\/\" \/>\n<meta property=\"og:locale\" content=\"hr_HR\" \/>\n<meta property=\"og:type\" content=\"article\" \/>\n<meta property=\"og:title\" content=\"Livade | Povljana Tourist Board\" \/>\n<meta property=\"og:description\" content=\"KARAKTERISTIKE pje\u0161\u010dana pla\u017ea, vrlo plitko more, pogodno za obitelji sa malom djecom SPREMNICI ZA OTPAD + KABINE ZA PRESVLA\u010cENJE &#8211; PEDALINE &#8211; UGOSTITELJSKI SADR\u017dAJI &#8211; RAMPA ZA INVALIDE &#8211; PARKING&hellip;\" \/>\n<meta property=\"og:url\" content=\"https:\/\/visitpovljana.eu\/hr\/plaze\/livade\/\" \/>\n<meta property=\"og:site_name\" content=\"Povljana Tourist Board\" \/>\n<meta property=\"article:publisher\" content=\"https:\/\/www.facebook.com\/turistickazajednica.povljana.9\" \/>\n<meta name=\"twitter:card\" content=\"summary_large_image\" \/>\n<script type=\"application\/ld+json\" class=\"yoast-schema-graph\">{\"@context\":\"https:\/\/schema.org\",\"@graph\":[{\"@type\":\"WebPage\",\"@id\":\"https:\/\/visitpovljana.eu\/hr\/plaze\/livade\/\",\"url\":\"https:\/\/visitpovljana.eu\/hr\/plaze\/livade\/\",\"name\":\"Livade | Povljana Tourist Board\",\"isPartOf\":{\"@id\":\"https:\/\/visitpovljana.eu\/#website\"},\"datePublished\":\"2025-04-03T10:02:04+00:00\",\"breadcrumb\":{\"@id\":\"https:\/\/visitpovljana.eu\/hr\/plaze\/livade\/#breadcrumb\"},\"inLanguage\":\"hr\",\"potentialAction\":[{\"@type\":\"ReadAction\",\"target\":[\"https:\/\/visitpovljana.eu\/hr\/plaze\/livade\/\"]}]},{\"@type\":\"BreadcrumbList\",\"@id\":\"https:\/\/visitpovljana.eu\/hr\/plaze\/livade\/#breadcrumb\",\"itemListElement\":[{\"@type\":\"ListItem\",\"position\":1,\"name\":\"Naslovnica\",\"item\":\"https:\/\/visitpovljana.eu\/hr\/\"},{\"@type\":\"ListItem\",\"position\":2,\"name\":\"Pla\u017ee\",\"item\":\"https:\/\/visitpovljana.eu\/hr\/plaze\/\"},{\"@type\":\"ListItem\",\"position\":3,\"name\":\"Livade\"}]},{\"@type\":\"WebSite\",\"@id\":\"https:\/\/visitpovljana.eu\/#website\",\"url\":\"https:\/\/visitpovljana.eu\/\",\"name\":\"Povljana Tourist Board\",\"description\":\"Official Website for Povljana Tourist Board\",\"publisher\":{\"@id\":\"https:\/\/visitpovljana.eu\/#organization\"},\"potentialAction\":[{\"@type\":\"SearchAction\",\"target\":{\"@type\":\"EntryPoint\",\"urlTemplate\":\"https:\/\/visitpovljana.eu\/?s={search_term_string}\"},\"query-input\":{\"@type\":\"PropertyValueSpecification\",\"valueRequired\":true,\"valueName\":\"search_term_string\"}}],\"inLanguage\":\"hr\"},{\"@type\":\"Organization\",\"@id\":\"https:\/\/visitpovljana.eu\/#organization\",\"name\":\"Povljana Tourist Board\",\"url\":\"https:\/\/visitpovljana.eu\/\",\"logo\":{\"@type\":\"ImageObject\",\"inLanguage\":\"hr\",\"@id\":\"https:\/\/visitpovljana.eu\/#\/schema\/logo\/image\/\",\"url\":\"https:\/\/visitpovljana.eu\/wp-content\/uploads\/2018\/11\/logo.png\",\"contentUrl\":\"https:\/\/visitpovljana.eu\/wp-content\/uploads\/2018\/11\/logo.png\",\"width\":225,\"height\":53,\"caption\":\"Povljana Tourist Board\"},\"image\":{\"@id\":\"https:\/\/visitpovljana.eu\/#\/schema\/logo\/image\/\"},\"sameAs\":[\"https:\/\/www.facebook.com\/turistickazajednica.povljana.9\",\"https:\/\/www.instagram.com\/povljanatz\/\",\"https:\/\/www.youtube.com\/channel\/UCxdqlvStUxA6OnUy3WyOIyw\"]}]}<\/script>\n<!-- \/ Yoast SEO plugin. -->","yoast_head_json":{"title":"Livade | Povljana Tourist Board","robots":{"index":"index","follow":"follow","max-snippet":"max-snippet:-1","max-image-preview":"max-image-preview:large","max-video-preview":"max-video-preview:-1"},"canonical":"https:\/\/visitpovljana.eu\/hr\/plaze\/livade\/","og_locale":"hr_HR","og_type":"article","og_title":"Livade | Povljana Tourist Board","og_description":"KARAKTERISTIKE pje\u0161\u010dana pla\u017ea, vrlo plitko more, pogodno za obitelji sa malom djecom SPREMNICI ZA OTPAD + KABINE ZA PRESVLA\u010cENJE &#8211; PEDALINE &#8211; UGOSTITELJSKI SADR\u017dAJI &#8211; RAMPA ZA INVALIDE &#8211; PARKING&hellip;","og_url":"https:\/\/visitpovljana.eu\/hr\/plaze\/livade\/","og_site_name":"Povljana Tourist Board","article_publisher":"https:\/\/www.facebook.com\/turistickazajednica.povljana.9","twitter_card":"summary_large_image","schema":{"@context":"https:\/\/schema.org","@graph":[{"@type":"WebPage","@id":"https:\/\/visitpovljana.eu\/hr\/plaze\/livade\/","url":"https:\/\/visitpovljana.eu\/hr\/plaze\/livade\/","name":"Livade | Povljana Tourist Board","isPartOf":{"@id":"https:\/\/visitpovljana.eu\/#website"},"datePublished":"2025-04-03T10:02:04+00:00","breadcrumb":{"@id":"https:\/\/visitpovljana.eu\/hr\/plaze\/livade\/#breadcrumb"},"inLanguage":"hr","potentialAction":[{"@type":"ReadAction","target":["https:\/\/visitpovljana.eu\/hr\/plaze\/livade\/"]}]},{"@type":"BreadcrumbList","@id":"https:\/\/visitpovljana.eu\/hr\/plaze\/livade\/#breadcrumb","itemListElement":[{"@type":"ListItem","position":1,"name":"Naslovnica","item":"https:\/\/visitpovljana.eu\/hr\/"},{"@type":"ListItem","position":2,"name":"Pla\u017ee","item":"https:\/\/visitpovljana.eu\/hr\/plaze\/"},{"@type":"ListItem","position":3,"name":"Livade"}]},{"@type":"WebSite","@id":"https:\/\/visitpovljana.eu\/#website","url":"https:\/\/visitpovljana.eu\/","name":"Povljana Tourist Board","description":"Official Website for Povljana Tourist Board","publisher":{"@id":"https:\/\/visitpovljana.eu\/#organization"},"potentialAction":[{"@type":"SearchAction","target":{"@type":"EntryPoint","urlTemplate":"https:\/\/visitpovljana.eu\/?s={search_term_string}"},"query-input":{"@type":"PropertyValueSpecification","valueRequired":true,"valueName":"search_term_string"}}],"inLanguage":"hr"},{"@type":"Organization","@id":"https:\/\/visitpovljana.eu\/#organization","name":"Povljana Tourist Board","url":"https:\/\/visitpovljana.eu\/","logo":{"@type":"ImageObject","inLanguage":"hr","@id":"https:\/\/visitpovljana.eu\/#\/schema\/logo\/image\/","url":"https:\/\/visitpovljana.eu\/wp-content\/uploads\/2018\/11\/logo.png","contentUrl":"https:\/\/visitpovljana.eu\/wp-content\/uploads\/2018\/11\/logo.png","width":225,"height":53,"caption":"Povljana Tourist Board"},"image":{"@id":"https:\/\/visitpovljana.eu\/#\/schema\/logo\/image\/"},"sameAs":["https:\/\/www.facebook.com\/turistickazajednica.povljana.9","https:\/\/www.instagram.com\/povljanatz\/","https:\/\/www.youtube.com\/channel\/UCxdqlvStUxA6OnUy3WyOIyw"]}]}},"_links":{"self":[{"href":"https:\/\/visitpovljana.eu\/hr\/wp-json\/wp\/v2\/pages\/2440","targetHints":{"allow":["GET"]}}],"collection":[{"href":"https:\/\/visitpovljana.eu\/hr\/wp-json\/wp\/v2\/pages"}],"about":[{"href":"https:\/\/visitpovljana.eu\/hr\/wp-json\/wp\/v2\/types\/page"}],"author":[{"embeddable":true,"href":"https:\/\/visitpovljana.eu\/hr\/wp-json\/wp\/v2\/users\/1"}],"replies":[{"embeddable":true,"href":"https:\/\/visitpovljana.eu\/hr\/wp-json\/wp\/v2\/comments?post=2440"}],"version-history":[{"count":1,"href":"https:\/\/visitpovljana.eu\/hr\/wp-json\/wp\/v2\/pages\/2440\/revisions"}],"predecessor-version":[{"id":2441,"href":"https:\/\/visitpovljana.eu\/hr\/wp-json\/wp\/v2\/pages\/2440\/revisions\/2441"}],"up":[{"embeddable":true,"href":"https:\/\/visitpovljana.eu\/hr\/wp-json\/wp\/v2\/pages\/1550"}],"wp:attachment":[{"href":"https:\/\/visitpovljana.eu\/hr\/wp-json\/wp\/v2\/media?parent=2440"}],"curies":[{"name":"wp","href":"https:\/\/api.w.org\/{rel}","templated":true}]}}