{"id":2438,"date":"2025-04-03T12:01:00","date_gmt":"2025-04-03T10:01:00","guid":{"rendered":"https:\/\/visitpovljana.eu\/?page_id=2438"},"modified":"2026-03-09T11:43:11","modified_gmt":"2026-03-09T09:43:11","slug":"perilo","status":"publish","type":"page","link":"https:\/\/visitpovljana.eu\/hr\/plaze\/perilo\/","title":{"rendered":"Perilo"},"content":{"rendered":"<p><iframe src=\"https:\/\/www.google.com\/maps\/embed?pb=!1m17!1m12!1m3!1d3659.6694248558097!2d15.103934076764276!3d44.34226780759173!2m3!1f0!2f0!3f0!3m2!1i1024!2i768!4f13.1!3m2!1m1!2zNDTCsDIwJzMyLjIiTiAxNcKwMDYnMjMuNCJF!5e1!3m2!1shr!2shr!4v1742470988061!5m2!1shr!2shr\" width=\"100%\" height=\"450\" style=\"border:0;\" allowfullscreen=\"\" loading=\"lazy\" referrerpolicy=\"no-referrer-when-downgrade\"><\/iframe><\/p>\n<p>Pla\u017ea Perilo je pje\u0161\u010dana pla\u017ea idealna za obitelji s djecom. Zbog plitkog mora idealna je za sve sportove u vodi, a ponajvi\u0161e za picigin. Uz pla\u017eu Perilo postoji vi\u0161e beach barova u kojima mo\u017eete prona\u0107i osvje\u017eenje za vru\u0107ih ljetnih dana. Dostupan je najam najam le\u017ealjki, suncobrana i pedalina. Uz pla\u017eu dostupno je i odbojka\u0161ko igrali\u0161te. Pla\u017ea Perilo opremljena je tu\u0161em i kabinom za presvla\u010denje. U neposrednoj blizini pla\u017ee mogu\u0107nost parking.<\/p>\n<p><strong>KARAKTERISTIKE<\/strong><br \/>\npje\u0161\u010dana pla\u017ea, pogodna za obitelji sa djecom zbog plitkog mora, nema prirodnog hlada, <\/p>\n<p>SPREMNICI ZA OTPAD     +<br \/>\nKABINE ZA PRESVLA\u010cENJE    +<br \/>\nPEDALINE     +<br \/>\nUGOSTITELJSKI SADR\u017dAJI        +<br \/>\nRAMPA ZA INVALIDE    &#8211;<br \/>\n PARKING      &#8211;<br \/>\nKU\u0106NI LJUBIMCI   &#8211;<\/p>\n<p><strong>PREPORUKE<\/strong><br \/>\nna pla\u017eu do\u0107i pje\u0161ke; premalo parkirnih mjesta<\/p>\n","protected":false},"excerpt":{"rendered":"<p>Pla\u017ea Perilo je pje\u0161\u010dana pla\u017ea idealna za obitelji s djecom. Zbog plitkog mora idealna je za sve sportove u vodi, a ponajvi\u0161e za picigin. Uz pla\u017eu Perilo postoji vi\u0161e beach&hellip;<\/p>\n","protected":false},"author":1,"featured_media":0,"parent":1550,"menu_order":0,"comment_status":"closed","ping_status":"closed","template":"","meta":{"footnotes":""},"class_list":["post-2438","page","type-page","status-publish","hentry"],"yoast_head":"<!-- This site is optimized with the Yoast SEO plugin v27.1.1 - https:\/\/yoast.com\/product\/yoast-seo-wordpress\/ -->\n<title>Perilo | Povljana Tourist Board<\/title>\n<meta name=\"robots\" content=\"index, follow, max-snippet:-1, max-image-preview:large, max-video-preview:-1\" \/>\n<link rel=\"canonical\" href=\"https:\/\/visitpovljana.eu\/hr\/plaze\/perilo\/\" \/>\n<meta property=\"og:locale\" content=\"hr_HR\" \/>\n<meta property=\"og:type\" content=\"article\" \/>\n<meta property=\"og:title\" content=\"Perilo | Povljana Tourist Board\" \/>\n<meta property=\"og:description\" content=\"Pla\u017ea Perilo je pje\u0161\u010dana pla\u017ea idealna za obitelji s djecom. Zbog plitkog mora idealna je za sve sportove u vodi, a ponajvi\u0161e za picigin. Uz pla\u017eu Perilo postoji vi\u0161e beach&hellip;\" \/>\n<meta property=\"og:url\" content=\"https:\/\/visitpovljana.eu\/hr\/plaze\/perilo\/\" \/>\n<meta property=\"og:site_name\" content=\"Povljana Tourist Board\" \/>\n<meta property=\"article:publisher\" content=\"https:\/\/www.facebook.com\/turistickazajednica.povljana.9\" \/>\n<meta property=\"article:modified_time\" content=\"2026-03-09T09:43:11+00:00\" \/>\n<meta name=\"twitter:card\" content=\"summary_large_image\" \/>\n<meta name=\"twitter:label1\" content=\"Procijenjeno vrijeme \u010ditanja\" \/>\n\t<meta name=\"twitter:data1\" content=\"1 minuta\" \/>\n<script type=\"application\/ld+json\" class=\"yoast-schema-graph\">{\"@context\":\"https:\/\/schema.org\",\"@graph\":[{\"@type\":\"WebPage\",\"@id\":\"https:\/\/visitpovljana.eu\/hr\/plaze\/perilo\/\",\"url\":\"https:\/\/visitpovljana.eu\/hr\/plaze\/perilo\/\",\"name\":\"Perilo | Povljana Tourist Board\",\"isPartOf\":{\"@id\":\"https:\/\/visitpovljana.eu\/#website\"},\"datePublished\":\"2025-04-03T10:01:00+00:00\",\"dateModified\":\"2026-03-09T09:43:11+00:00\",\"breadcrumb\":{\"@id\":\"https:\/\/visitpovljana.eu\/hr\/plaze\/perilo\/#breadcrumb\"},\"inLanguage\":\"hr\",\"potentialAction\":[{\"@type\":\"ReadAction\",\"target\":[\"https:\/\/visitpovljana.eu\/hr\/plaze\/perilo\/\"]}]},{\"@type\":\"BreadcrumbList\",\"@id\":\"https:\/\/visitpovljana.eu\/hr\/plaze\/perilo\/#breadcrumb\",\"itemListElement\":[{\"@type\":\"ListItem\",\"position\":1,\"name\":\"Naslovnica\",\"item\":\"https:\/\/visitpovljana.eu\/hr\/\"},{\"@type\":\"ListItem\",\"position\":2,\"name\":\"Pla\u017ee\",\"item\":\"https:\/\/visitpovljana.eu\/hr\/plaze\/\"},{\"@type\":\"ListItem\",\"position\":3,\"name\":\"Perilo\"}]},{\"@type\":\"WebSite\",\"@id\":\"https:\/\/visitpovljana.eu\/#website\",\"url\":\"https:\/\/visitpovljana.eu\/\",\"name\":\"Povljana Tourist Board\",\"description\":\"Official Website for Povljana Tourist Board\",\"publisher\":{\"@id\":\"https:\/\/visitpovljana.eu\/#organization\"},\"potentialAction\":[{\"@type\":\"SearchAction\",\"target\":{\"@type\":\"EntryPoint\",\"urlTemplate\":\"https:\/\/visitpovljana.eu\/?s={search_term_string}\"},\"query-input\":{\"@type\":\"PropertyValueSpecification\",\"valueRequired\":true,\"valueName\":\"search_term_string\"}}],\"inLanguage\":\"hr\"},{\"@type\":\"Organization\",\"@id\":\"https:\/\/visitpovljana.eu\/#organization\",\"name\":\"Povljana Tourist Board\",\"url\":\"https:\/\/visitpovljana.eu\/\",\"logo\":{\"@type\":\"ImageObject\",\"inLanguage\":\"hr\",\"@id\":\"https:\/\/visitpovljana.eu\/#\/schema\/logo\/image\/\",\"url\":\"https:\/\/visitpovljana.eu\/wp-content\/uploads\/2018\/11\/logo.png\",\"contentUrl\":\"https:\/\/visitpovljana.eu\/wp-content\/uploads\/2018\/11\/logo.png\",\"width\":225,\"height\":53,\"caption\":\"Povljana Tourist Board\"},\"image\":{\"@id\":\"https:\/\/visitpovljana.eu\/#\/schema\/logo\/image\/\"},\"sameAs\":[\"https:\/\/www.facebook.com\/turistickazajednica.povljana.9\",\"https:\/\/www.instagram.com\/povljanatz\/\",\"https:\/\/www.youtube.com\/channel\/UCxdqlvStUxA6OnUy3WyOIyw\"]}]}<\/script>\n<!-- \/ Yoast SEO plugin. -->","yoast_head_json":{"title":"Perilo | Povljana Tourist Board","robots":{"index":"index","follow":"follow","max-snippet":"max-snippet:-1","max-image-preview":"max-image-preview:large","max-video-preview":"max-video-preview:-1"},"canonical":"https:\/\/visitpovljana.eu\/hr\/plaze\/perilo\/","og_locale":"hr_HR","og_type":"article","og_title":"Perilo | Povljana Tourist Board","og_description":"Pla\u017ea Perilo je pje\u0161\u010dana pla\u017ea idealna za obitelji s djecom. Zbog plitkog mora idealna je za sve sportove u vodi, a ponajvi\u0161e za picigin. Uz pla\u017eu Perilo postoji vi\u0161e beach&hellip;","og_url":"https:\/\/visitpovljana.eu\/hr\/plaze\/perilo\/","og_site_name":"Povljana Tourist Board","article_publisher":"https:\/\/www.facebook.com\/turistickazajednica.povljana.9","article_modified_time":"2026-03-09T09:43:11+00:00","twitter_card":"summary_large_image","twitter_misc":{"Procijenjeno vrijeme \u010ditanja":"1 minuta"},"schema":{"@context":"https:\/\/schema.org","@graph":[{"@type":"WebPage","@id":"https:\/\/visitpovljana.eu\/hr\/plaze\/perilo\/","url":"https:\/\/visitpovljana.eu\/hr\/plaze\/perilo\/","name":"Perilo | Povljana Tourist Board","isPartOf":{"@id":"https:\/\/visitpovljana.eu\/#website"},"datePublished":"2025-04-03T10:01:00+00:00","dateModified":"2026-03-09T09:43:11+00:00","breadcrumb":{"@id":"https:\/\/visitpovljana.eu\/hr\/plaze\/perilo\/#breadcrumb"},"inLanguage":"hr","potentialAction":[{"@type":"ReadAction","target":["https:\/\/visitpovljana.eu\/hr\/plaze\/perilo\/"]}]},{"@type":"BreadcrumbList","@id":"https:\/\/visitpovljana.eu\/hr\/plaze\/perilo\/#breadcrumb","itemListElement":[{"@type":"ListItem","position":1,"name":"Naslovnica","item":"https:\/\/visitpovljana.eu\/hr\/"},{"@type":"ListItem","position":2,"name":"Pla\u017ee","item":"https:\/\/visitpovljana.eu\/hr\/plaze\/"},{"@type":"ListItem","position":3,"name":"Perilo"}]},{"@type":"WebSite","@id":"https:\/\/visitpovljana.eu\/#website","url":"https:\/\/visitpovljana.eu\/","name":"Povljana Tourist Board","description":"Official Website for Povljana Tourist Board","publisher":{"@id":"https:\/\/visitpovljana.eu\/#organization"},"potentialAction":[{"@type":"SearchAction","target":{"@type":"EntryPoint","urlTemplate":"https:\/\/visitpovljana.eu\/?s={search_term_string}"},"query-input":{"@type":"PropertyValueSpecification","valueRequired":true,"valueName":"search_term_string"}}],"inLanguage":"hr"},{"@type":"Organization","@id":"https:\/\/visitpovljana.eu\/#organization","name":"Povljana Tourist Board","url":"https:\/\/visitpovljana.eu\/","logo":{"@type":"ImageObject","inLanguage":"hr","@id":"https:\/\/visitpovljana.eu\/#\/schema\/logo\/image\/","url":"https:\/\/visitpovljana.eu\/wp-content\/uploads\/2018\/11\/logo.png","contentUrl":"https:\/\/visitpovljana.eu\/wp-content\/uploads\/2018\/11\/logo.png","width":225,"height":53,"caption":"Povljana Tourist Board"},"image":{"@id":"https:\/\/visitpovljana.eu\/#\/schema\/logo\/image\/"},"sameAs":["https:\/\/www.facebook.com\/turistickazajednica.povljana.9","https:\/\/www.instagram.com\/povljanatz\/","https:\/\/www.youtube.com\/channel\/UCxdqlvStUxA6OnUy3WyOIyw"]}]}},"_links":{"self":[{"href":"https:\/\/visitpovljana.eu\/hr\/wp-json\/wp\/v2\/pages\/2438","targetHints":{"allow":["GET"]}}],"collection":[{"href":"https:\/\/visitpovljana.eu\/hr\/wp-json\/wp\/v2\/pages"}],"about":[{"href":"https:\/\/visitpovljana.eu\/hr\/wp-json\/wp\/v2\/types\/page"}],"author":[{"embeddable":true,"href":"https:\/\/visitpovljana.eu\/hr\/wp-json\/wp\/v2\/users\/1"}],"replies":[{"embeddable":true,"href":"https:\/\/visitpovljana.eu\/hr\/wp-json\/wp\/v2\/comments?post=2438"}],"version-history":[{"count":2,"href":"https:\/\/visitpovljana.eu\/hr\/wp-json\/wp\/v2\/pages\/2438\/revisions"}],"predecessor-version":[{"id":2494,"href":"https:\/\/visitpovljana.eu\/hr\/wp-json\/wp\/v2\/pages\/2438\/revisions\/2494"}],"up":[{"embeddable":true,"href":"https:\/\/visitpovljana.eu\/hr\/wp-json\/wp\/v2\/pages\/1550"}],"wp:attachment":[{"href":"https:\/\/visitpovljana.eu\/hr\/wp-json\/wp\/v2\/media?parent=2438"}],"curies":[{"name":"wp","href":"https:\/\/api.w.org\/{rel}","templated":true}]}}