{"id":2434,"date":"2025-04-03T11:59:11","date_gmt":"2025-04-03T09:59:11","guid":{"rendered":"https:\/\/visitpovljana.eu\/?page_id=2434"},"modified":"2026-03-09T11:47:08","modified_gmt":"2026-03-09T09:47:08","slug":"mali-dubrovnik","status":"publish","type":"page","link":"https:\/\/visitpovljana.eu\/hr\/plaze\/mali-dubrovnik\/","title":{"rendered":"Mali Dubrovnik"},"content":{"rendered":"<p><iframe loading=\"lazy\" style=\"border: 0;\" src=\"https:\/\/www.google.com\/maps\/embed?pb=!1m17!1m12!1m3!1d3659.2603405183786!2d15.098697076764488!3d44.34882080716245!2m3!1f0!2f0!3f0!3m2!1i1024!2i768!4f13.1!3m2!1m1!2zNDTCsDIwJzU1LjciTiAxNcKwMDYnMDQuNiJF!5e1!3m2!1shr!2shr!4v1742470862485!5m2!1shr!2shr\" width=\"100%\" height=\"450\" allowfullscreen=\"allowfullscreen\"><\/iframe><\/p>\n<p>Mali Dubrovnik je predivna \u0161ljun\u010dana pla\u017ea i prikladna za sve dobi. Na pla\u017ei se nalazi beach bar za<br \/>\nosvje\u017eenje u vru\u0107im ljetnim danima. Pla\u017ea je opremljena kabinom za presvla\u010denje i tu\u0161em. Du\u017einom ove \u0161ljun\u010dane pla\u017ee prote\u017ee se \u0161etnica Viverone.<\/p>\n<p><strong><br \/>\nKARAKTERISTIKE <\/strong><br \/>\n\u0160ljun\u010dana pla\u017ea, povezana \u0161etnicom s pla\u017eom DUBROVNIK, bez prirodnog hlada<\/p>\n<p>KONTEJNERI ZA SITNI OTPAD +<br \/>\nKABINA ZA PREVLA\u010cENJE +<br \/>\nPEDALINA &#8211;<br \/>\nBAR \/ RESTORAN +<br \/>\nRAMPA ZA INVALIDNE OSOBE &#8211;<br \/>\nPARKING +<br \/>\nPRIHODNO ZA KU\u0106NE LJUBIMCE &#8211;<\/p>\n<p><strong>PREPORUKE<\/strong><br \/>\nPreporu\u010damo do pla\u017ee do\u0107i pje\u0161ice; premalo je parking mjesta.<\/p>\n","protected":false},"excerpt":{"rendered":"<p>Mali Dubrovnik je predivna \u0161ljun\u010dana pla\u017ea i prikladna za sve dobi. Na pla\u017ei se nalazi beach bar za osvje\u017eenje u vru\u0107im ljetnim danima. Pla\u017ea je opremljena kabinom za presvla\u010denje i&hellip;<\/p>\n","protected":false},"author":1,"featured_media":0,"parent":1550,"menu_order":0,"comment_status":"closed","ping_status":"closed","template":"","meta":{"footnotes":""},"class_list":["post-2434","page","type-page","status-publish","hentry"],"yoast_head":"<!-- This site is optimized with the Yoast SEO plugin v27.1.1 - https:\/\/yoast.com\/product\/yoast-seo-wordpress\/ -->\n<title>Mali Dubrovnik | Povljana Tourist Board<\/title>\n<meta name=\"robots\" content=\"index, follow, max-snippet:-1, max-image-preview:large, max-video-preview:-1\" \/>\n<link rel=\"canonical\" href=\"https:\/\/visitpovljana.eu\/hr\/plaze\/mali-dubrovnik\/\" \/>\n<meta property=\"og:locale\" content=\"hr_HR\" \/>\n<meta property=\"og:type\" content=\"article\" \/>\n<meta property=\"og:title\" content=\"Mali Dubrovnik | Povljana Tourist Board\" \/>\n<meta property=\"og:description\" content=\"Mali Dubrovnik je predivna \u0161ljun\u010dana pla\u017ea i prikladna za sve dobi. Na pla\u017ei se nalazi beach bar za osvje\u017eenje u vru\u0107im ljetnim danima. Pla\u017ea je opremljena kabinom za presvla\u010denje i&hellip;\" \/>\n<meta property=\"og:url\" content=\"https:\/\/visitpovljana.eu\/hr\/plaze\/mali-dubrovnik\/\" \/>\n<meta property=\"og:site_name\" content=\"Povljana Tourist Board\" \/>\n<meta property=\"article:publisher\" content=\"https:\/\/www.facebook.com\/turistickazajednica.povljana.9\" \/>\n<meta property=\"article:modified_time\" content=\"2026-03-09T09:47:08+00:00\" \/>\n<meta name=\"twitter:card\" content=\"summary_large_image\" \/>\n<meta name=\"twitter:label1\" content=\"Procijenjeno vrijeme \u010ditanja\" \/>\n\t<meta name=\"twitter:data1\" content=\"1 minuta\" \/>\n<script type=\"application\/ld+json\" class=\"yoast-schema-graph\">{\"@context\":\"https:\/\/schema.org\",\"@graph\":[{\"@type\":\"WebPage\",\"@id\":\"https:\/\/visitpovljana.eu\/hr\/plaze\/mali-dubrovnik\/\",\"url\":\"https:\/\/visitpovljana.eu\/hr\/plaze\/mali-dubrovnik\/\",\"name\":\"Mali Dubrovnik | Povljana Tourist Board\",\"isPartOf\":{\"@id\":\"https:\/\/visitpovljana.eu\/#website\"},\"datePublished\":\"2025-04-03T09:59:11+00:00\",\"dateModified\":\"2026-03-09T09:47:08+00:00\",\"breadcrumb\":{\"@id\":\"https:\/\/visitpovljana.eu\/hr\/plaze\/mali-dubrovnik\/#breadcrumb\"},\"inLanguage\":\"hr\",\"potentialAction\":[{\"@type\":\"ReadAction\",\"target\":[\"https:\/\/visitpovljana.eu\/hr\/plaze\/mali-dubrovnik\/\"]}]},{\"@type\":\"BreadcrumbList\",\"@id\":\"https:\/\/visitpovljana.eu\/hr\/plaze\/mali-dubrovnik\/#breadcrumb\",\"itemListElement\":[{\"@type\":\"ListItem\",\"position\":1,\"name\":\"Naslovnica\",\"item\":\"https:\/\/visitpovljana.eu\/hr\/\"},{\"@type\":\"ListItem\",\"position\":2,\"name\":\"Pla\u017ee\",\"item\":\"https:\/\/visitpovljana.eu\/hr\/plaze\/\"},{\"@type\":\"ListItem\",\"position\":3,\"name\":\"Mali Dubrovnik\"}]},{\"@type\":\"WebSite\",\"@id\":\"https:\/\/visitpovljana.eu\/#website\",\"url\":\"https:\/\/visitpovljana.eu\/\",\"name\":\"Povljana Tourist Board\",\"description\":\"Official Website for Povljana Tourist Board\",\"publisher\":{\"@id\":\"https:\/\/visitpovljana.eu\/#organization\"},\"potentialAction\":[{\"@type\":\"SearchAction\",\"target\":{\"@type\":\"EntryPoint\",\"urlTemplate\":\"https:\/\/visitpovljana.eu\/?s={search_term_string}\"},\"query-input\":{\"@type\":\"PropertyValueSpecification\",\"valueRequired\":true,\"valueName\":\"search_term_string\"}}],\"inLanguage\":\"hr\"},{\"@type\":\"Organization\",\"@id\":\"https:\/\/visitpovljana.eu\/#organization\",\"name\":\"Povljana Tourist Board\",\"url\":\"https:\/\/visitpovljana.eu\/\",\"logo\":{\"@type\":\"ImageObject\",\"inLanguage\":\"hr\",\"@id\":\"https:\/\/visitpovljana.eu\/#\/schema\/logo\/image\/\",\"url\":\"https:\/\/visitpovljana.eu\/wp-content\/uploads\/2018\/11\/logo.png\",\"contentUrl\":\"https:\/\/visitpovljana.eu\/wp-content\/uploads\/2018\/11\/logo.png\",\"width\":225,\"height\":53,\"caption\":\"Povljana Tourist Board\"},\"image\":{\"@id\":\"https:\/\/visitpovljana.eu\/#\/schema\/logo\/image\/\"},\"sameAs\":[\"https:\/\/www.facebook.com\/turistickazajednica.povljana.9\",\"https:\/\/www.instagram.com\/povljanatz\/\",\"https:\/\/www.youtube.com\/channel\/UCxdqlvStUxA6OnUy3WyOIyw\"]}]}<\/script>\n<!-- \/ Yoast SEO plugin. -->","yoast_head_json":{"title":"Mali Dubrovnik | Povljana Tourist Board","robots":{"index":"index","follow":"follow","max-snippet":"max-snippet:-1","max-image-preview":"max-image-preview:large","max-video-preview":"max-video-preview:-1"},"canonical":"https:\/\/visitpovljana.eu\/hr\/plaze\/mali-dubrovnik\/","og_locale":"hr_HR","og_type":"article","og_title":"Mali Dubrovnik | Povljana Tourist Board","og_description":"Mali Dubrovnik je predivna \u0161ljun\u010dana pla\u017ea i prikladna za sve dobi. Na pla\u017ei se nalazi beach bar za osvje\u017eenje u vru\u0107im ljetnim danima. Pla\u017ea je opremljena kabinom za presvla\u010denje i&hellip;","og_url":"https:\/\/visitpovljana.eu\/hr\/plaze\/mali-dubrovnik\/","og_site_name":"Povljana Tourist Board","article_publisher":"https:\/\/www.facebook.com\/turistickazajednica.povljana.9","article_modified_time":"2026-03-09T09:47:08+00:00","twitter_card":"summary_large_image","twitter_misc":{"Procijenjeno vrijeme \u010ditanja":"1 minuta"},"schema":{"@context":"https:\/\/schema.org","@graph":[{"@type":"WebPage","@id":"https:\/\/visitpovljana.eu\/hr\/plaze\/mali-dubrovnik\/","url":"https:\/\/visitpovljana.eu\/hr\/plaze\/mali-dubrovnik\/","name":"Mali Dubrovnik | Povljana Tourist Board","isPartOf":{"@id":"https:\/\/visitpovljana.eu\/#website"},"datePublished":"2025-04-03T09:59:11+00:00","dateModified":"2026-03-09T09:47:08+00:00","breadcrumb":{"@id":"https:\/\/visitpovljana.eu\/hr\/plaze\/mali-dubrovnik\/#breadcrumb"},"inLanguage":"hr","potentialAction":[{"@type":"ReadAction","target":["https:\/\/visitpovljana.eu\/hr\/plaze\/mali-dubrovnik\/"]}]},{"@type":"BreadcrumbList","@id":"https:\/\/visitpovljana.eu\/hr\/plaze\/mali-dubrovnik\/#breadcrumb","itemListElement":[{"@type":"ListItem","position":1,"name":"Naslovnica","item":"https:\/\/visitpovljana.eu\/hr\/"},{"@type":"ListItem","position":2,"name":"Pla\u017ee","item":"https:\/\/visitpovljana.eu\/hr\/plaze\/"},{"@type":"ListItem","position":3,"name":"Mali Dubrovnik"}]},{"@type":"WebSite","@id":"https:\/\/visitpovljana.eu\/#website","url":"https:\/\/visitpovljana.eu\/","name":"Povljana Tourist Board","description":"Official Website for Povljana Tourist Board","publisher":{"@id":"https:\/\/visitpovljana.eu\/#organization"},"potentialAction":[{"@type":"SearchAction","target":{"@type":"EntryPoint","urlTemplate":"https:\/\/visitpovljana.eu\/?s={search_term_string}"},"query-input":{"@type":"PropertyValueSpecification","valueRequired":true,"valueName":"search_term_string"}}],"inLanguage":"hr"},{"@type":"Organization","@id":"https:\/\/visitpovljana.eu\/#organization","name":"Povljana Tourist Board","url":"https:\/\/visitpovljana.eu\/","logo":{"@type":"ImageObject","inLanguage":"hr","@id":"https:\/\/visitpovljana.eu\/#\/schema\/logo\/image\/","url":"https:\/\/visitpovljana.eu\/wp-content\/uploads\/2018\/11\/logo.png","contentUrl":"https:\/\/visitpovljana.eu\/wp-content\/uploads\/2018\/11\/logo.png","width":225,"height":53,"caption":"Povljana Tourist Board"},"image":{"@id":"https:\/\/visitpovljana.eu\/#\/schema\/logo\/image\/"},"sameAs":["https:\/\/www.facebook.com\/turistickazajednica.povljana.9","https:\/\/www.instagram.com\/povljanatz\/","https:\/\/www.youtube.com\/channel\/UCxdqlvStUxA6OnUy3WyOIyw"]}]}},"_links":{"self":[{"href":"https:\/\/visitpovljana.eu\/hr\/wp-json\/wp\/v2\/pages\/2434","targetHints":{"allow":["GET"]}}],"collection":[{"href":"https:\/\/visitpovljana.eu\/hr\/wp-json\/wp\/v2\/pages"}],"about":[{"href":"https:\/\/visitpovljana.eu\/hr\/wp-json\/wp\/v2\/types\/page"}],"author":[{"embeddable":true,"href":"https:\/\/visitpovljana.eu\/hr\/wp-json\/wp\/v2\/users\/1"}],"replies":[{"embeddable":true,"href":"https:\/\/visitpovljana.eu\/hr\/wp-json\/wp\/v2\/comments?post=2434"}],"version-history":[{"count":2,"href":"https:\/\/visitpovljana.eu\/hr\/wp-json\/wp\/v2\/pages\/2434\/revisions"}],"predecessor-version":[{"id":2495,"href":"https:\/\/visitpovljana.eu\/hr\/wp-json\/wp\/v2\/pages\/2434\/revisions\/2495"}],"up":[{"embeddable":true,"href":"https:\/\/visitpovljana.eu\/hr\/wp-json\/wp\/v2\/pages\/1550"}],"wp:attachment":[{"href":"https:\/\/visitpovljana.eu\/hr\/wp-json\/wp\/v2\/media?parent=2434"}],"curies":[{"name":"wp","href":"https:\/\/api.w.org\/{rel}","templated":true}]}}