{"id":2423,"date":"2025-04-03T11:46:24","date_gmt":"2025-04-03T09:46:24","guid":{"rendered":"https:\/\/visitpovljana.eu\/?page_id=2423"},"modified":"2026-03-06T16:03:06","modified_gmt":"2026-03-06T14:03:06","slug":"dubrovnik","status":"publish","type":"page","link":"https:\/\/visitpovljana.eu\/hr\/plaze\/dubrovnik\/","title":{"rendered":"Dubrovnik"},"content":{"rendered":"<div class=\"wpb-content-wrapper\"><p>[vc_row][vc_column][vc_column_text css=&#8221;&#8221;]<iframe loading=\"lazy\" style=\"border: 0;\" src=\"https:\/\/www.google.com\/maps\/embed?pb=!1m17!1m12!1m3!1d3659.070733391008!2d15.095609076764564!3d44.35185780696388!2m3!1f0!2f0!3f0!3m2!1i1024!2i768!4f13.1!3m2!1m1!2zNDTCsDIxJzA2LjciTiAxNcKwMDUnNTMuNSJF!5e1!3m2!1shr!2shr!4v1742468800317!5m2!1shr!2shr\" width=\"100%\" height=\"450\" allowfullscreen=\"allowfullscreen\"><\/iframe><\/p>\n<p>Prekrasna \u0161ljun\u010dana pla\u017ea, koju krasi kristalno \u010disto more. Dostupna je automobilom, a iz bajkovite uvale pru\u017ea se pogled na otvoreno more. Dostupan je najam le\u017ealjki, suncobrana i pedalina. Uz pla\u017eu se nalaze beach barovi za osvje\u017eenje u vru\u0107im ljetnim danima, a zabava je mogu\u0107a i u aquaparku. Do pla\u017ee mo\u017eete do\u0107i i hodaju\u0107i preko \u0161etnice Viverone.<\/p>\n<p><strong>KARAKTERISTIKE<\/strong><br \/>\n\u0161ljun\u010dana pla\u017ea, povezana \u0161etnicom sa pla\u017eom MALI DUBROVNIK, uz pla\u017eu postoji<br \/>\n\u0161uma (hladovina), nedaleko je pla\u017ea Segal gdje je dozvoljen pristup sa ku\u0107nim<br \/>\nljubimcima<\/p>\n<p>VODENI PARK +<br \/>\nSPREMNICI ZA OTPAD +<br \/>\nKABINE ZA PRESVLA\u010cENJE +<br \/>\nPEDALINE +<br \/>\nUGOSTITELJSKI SADR\u017dAJI +<br \/>\nRAMPA ZA INVALIDE +<br \/>\nPARKING +<br \/>\nKU\u0106NI LJUBIMCI &#8211;<\/p>\n<p><strong>PREPORUKE<\/strong><br \/>\nNa obli\u017enjoj pla\u017ei Segal dozvoljeno je kupanje sa ku\u0107nim ljubimcima.[\/vc_column_text][\/vc_column][\/vc_row]<\/p>\n<\/div>","protected":false},"excerpt":{"rendered":"<p>[vc_row][vc_column][vc_column_text css=&#8221;&#8221;] Prekrasna \u0161ljun\u010dana pla\u017ea, koju krasi kristalno \u010disto more. Dostupna je automobilom, a iz bajkovite uvale pru\u017ea se pogled na otvoreno more. Dostupan je najam le\u017ealjki, suncobrana i pedalina.&hellip;<\/p>\n","protected":false},"author":1,"featured_media":0,"parent":1550,"menu_order":0,"comment_status":"closed","ping_status":"closed","template":"","meta":{"footnotes":""},"class_list":["post-2423","page","type-page","status-publish","hentry"],"yoast_head":"<!-- This site is optimized with the Yoast SEO plugin v27.1.1 - https:\/\/yoast.com\/product\/yoast-seo-wordpress\/ -->\n<title>Dubrovnik | Povljana Tourist Board<\/title>\n<meta name=\"robots\" content=\"index, follow, max-snippet:-1, max-image-preview:large, max-video-preview:-1\" \/>\n<link rel=\"canonical\" href=\"https:\/\/visitpovljana.eu\/hr\/plaze\/dubrovnik\/\" \/>\n<meta property=\"og:locale\" content=\"hr_HR\" \/>\n<meta property=\"og:type\" content=\"article\" \/>\n<meta property=\"og:title\" content=\"Dubrovnik | Povljana Tourist Board\" \/>\n<meta property=\"og:description\" content=\"[vc_row][vc_column][vc_column_text css=&#8221;&#8221;] Prekrasna \u0161ljun\u010dana pla\u017ea, koju krasi kristalno \u010disto more. Dostupna je automobilom, a iz bajkovite uvale pru\u017ea se pogled na otvoreno more. Dostupan je najam le\u017ealjki, suncobrana i pedalina.&hellip;\" \/>\n<meta property=\"og:url\" content=\"https:\/\/visitpovljana.eu\/hr\/plaze\/dubrovnik\/\" \/>\n<meta property=\"og:site_name\" content=\"Povljana Tourist Board\" \/>\n<meta property=\"article:publisher\" content=\"https:\/\/www.facebook.com\/turistickazajednica.povljana.9\" \/>\n<meta property=\"article:modified_time\" content=\"2026-03-06T14:03:06+00:00\" \/>\n<meta name=\"twitter:card\" content=\"summary_large_image\" \/>\n<meta name=\"twitter:label1\" content=\"Procijenjeno vrijeme \u010ditanja\" \/>\n\t<meta name=\"twitter:data1\" content=\"1 minuta\" \/>\n<script type=\"application\/ld+json\" class=\"yoast-schema-graph\">{\"@context\":\"https:\/\/schema.org\",\"@graph\":[{\"@type\":\"WebPage\",\"@id\":\"https:\/\/visitpovljana.eu\/hr\/plaze\/dubrovnik\/\",\"url\":\"https:\/\/visitpovljana.eu\/hr\/plaze\/dubrovnik\/\",\"name\":\"Dubrovnik | Povljana Tourist Board\",\"isPartOf\":{\"@id\":\"https:\/\/visitpovljana.eu\/#website\"},\"datePublished\":\"2025-04-03T09:46:24+00:00\",\"dateModified\":\"2026-03-06T14:03:06+00:00\",\"breadcrumb\":{\"@id\":\"https:\/\/visitpovljana.eu\/hr\/plaze\/dubrovnik\/#breadcrumb\"},\"inLanguage\":\"hr\",\"potentialAction\":[{\"@type\":\"ReadAction\",\"target\":[\"https:\/\/visitpovljana.eu\/hr\/plaze\/dubrovnik\/\"]}]},{\"@type\":\"BreadcrumbList\",\"@id\":\"https:\/\/visitpovljana.eu\/hr\/plaze\/dubrovnik\/#breadcrumb\",\"itemListElement\":[{\"@type\":\"ListItem\",\"position\":1,\"name\":\"Naslovnica\",\"item\":\"https:\/\/visitpovljana.eu\/hr\/\"},{\"@type\":\"ListItem\",\"position\":2,\"name\":\"Pla\u017ee\",\"item\":\"https:\/\/visitpovljana.eu\/hr\/plaze\/\"},{\"@type\":\"ListItem\",\"position\":3,\"name\":\"Dubrovnik\"}]},{\"@type\":\"WebSite\",\"@id\":\"https:\/\/visitpovljana.eu\/#website\",\"url\":\"https:\/\/visitpovljana.eu\/\",\"name\":\"Povljana Tourist Board\",\"description\":\"Official Website for Povljana Tourist Board\",\"publisher\":{\"@id\":\"https:\/\/visitpovljana.eu\/#organization\"},\"potentialAction\":[{\"@type\":\"SearchAction\",\"target\":{\"@type\":\"EntryPoint\",\"urlTemplate\":\"https:\/\/visitpovljana.eu\/?s={search_term_string}\"},\"query-input\":{\"@type\":\"PropertyValueSpecification\",\"valueRequired\":true,\"valueName\":\"search_term_string\"}}],\"inLanguage\":\"hr\"},{\"@type\":\"Organization\",\"@id\":\"https:\/\/visitpovljana.eu\/#organization\",\"name\":\"Povljana Tourist Board\",\"url\":\"https:\/\/visitpovljana.eu\/\",\"logo\":{\"@type\":\"ImageObject\",\"inLanguage\":\"hr\",\"@id\":\"https:\/\/visitpovljana.eu\/#\/schema\/logo\/image\/\",\"url\":\"https:\/\/visitpovljana.eu\/wp-content\/uploads\/2018\/11\/logo.png\",\"contentUrl\":\"https:\/\/visitpovljana.eu\/wp-content\/uploads\/2018\/11\/logo.png\",\"width\":225,\"height\":53,\"caption\":\"Povljana Tourist Board\"},\"image\":{\"@id\":\"https:\/\/visitpovljana.eu\/#\/schema\/logo\/image\/\"},\"sameAs\":[\"https:\/\/www.facebook.com\/turistickazajednica.povljana.9\",\"https:\/\/www.instagram.com\/povljanatz\/\",\"https:\/\/www.youtube.com\/channel\/UCxdqlvStUxA6OnUy3WyOIyw\"]}]}<\/script>\n<!-- \/ Yoast SEO plugin. -->","yoast_head_json":{"title":"Dubrovnik | Povljana Tourist Board","robots":{"index":"index","follow":"follow","max-snippet":"max-snippet:-1","max-image-preview":"max-image-preview:large","max-video-preview":"max-video-preview:-1"},"canonical":"https:\/\/visitpovljana.eu\/hr\/plaze\/dubrovnik\/","og_locale":"hr_HR","og_type":"article","og_title":"Dubrovnik | Povljana Tourist Board","og_description":"[vc_row][vc_column][vc_column_text css=&#8221;&#8221;] Prekrasna \u0161ljun\u010dana pla\u017ea, koju krasi kristalno \u010disto more. Dostupna je automobilom, a iz bajkovite uvale pru\u017ea se pogled na otvoreno more. Dostupan je najam le\u017ealjki, suncobrana i pedalina.&hellip;","og_url":"https:\/\/visitpovljana.eu\/hr\/plaze\/dubrovnik\/","og_site_name":"Povljana Tourist Board","article_publisher":"https:\/\/www.facebook.com\/turistickazajednica.povljana.9","article_modified_time":"2026-03-06T14:03:06+00:00","twitter_card":"summary_large_image","twitter_misc":{"Procijenjeno vrijeme \u010ditanja":"1 minuta"},"schema":{"@context":"https:\/\/schema.org","@graph":[{"@type":"WebPage","@id":"https:\/\/visitpovljana.eu\/hr\/plaze\/dubrovnik\/","url":"https:\/\/visitpovljana.eu\/hr\/plaze\/dubrovnik\/","name":"Dubrovnik | Povljana Tourist Board","isPartOf":{"@id":"https:\/\/visitpovljana.eu\/#website"},"datePublished":"2025-04-03T09:46:24+00:00","dateModified":"2026-03-06T14:03:06+00:00","breadcrumb":{"@id":"https:\/\/visitpovljana.eu\/hr\/plaze\/dubrovnik\/#breadcrumb"},"inLanguage":"hr","potentialAction":[{"@type":"ReadAction","target":["https:\/\/visitpovljana.eu\/hr\/plaze\/dubrovnik\/"]}]},{"@type":"BreadcrumbList","@id":"https:\/\/visitpovljana.eu\/hr\/plaze\/dubrovnik\/#breadcrumb","itemListElement":[{"@type":"ListItem","position":1,"name":"Naslovnica","item":"https:\/\/visitpovljana.eu\/hr\/"},{"@type":"ListItem","position":2,"name":"Pla\u017ee","item":"https:\/\/visitpovljana.eu\/hr\/plaze\/"},{"@type":"ListItem","position":3,"name":"Dubrovnik"}]},{"@type":"WebSite","@id":"https:\/\/visitpovljana.eu\/#website","url":"https:\/\/visitpovljana.eu\/","name":"Povljana Tourist Board","description":"Official Website for Povljana Tourist Board","publisher":{"@id":"https:\/\/visitpovljana.eu\/#organization"},"potentialAction":[{"@type":"SearchAction","target":{"@type":"EntryPoint","urlTemplate":"https:\/\/visitpovljana.eu\/?s={search_term_string}"},"query-input":{"@type":"PropertyValueSpecification","valueRequired":true,"valueName":"search_term_string"}}],"inLanguage":"hr"},{"@type":"Organization","@id":"https:\/\/visitpovljana.eu\/#organization","name":"Povljana Tourist Board","url":"https:\/\/visitpovljana.eu\/","logo":{"@type":"ImageObject","inLanguage":"hr","@id":"https:\/\/visitpovljana.eu\/#\/schema\/logo\/image\/","url":"https:\/\/visitpovljana.eu\/wp-content\/uploads\/2018\/11\/logo.png","contentUrl":"https:\/\/visitpovljana.eu\/wp-content\/uploads\/2018\/11\/logo.png","width":225,"height":53,"caption":"Povljana Tourist Board"},"image":{"@id":"https:\/\/visitpovljana.eu\/#\/schema\/logo\/image\/"},"sameAs":["https:\/\/www.facebook.com\/turistickazajednica.povljana.9","https:\/\/www.instagram.com\/povljanatz\/","https:\/\/www.youtube.com\/channel\/UCxdqlvStUxA6OnUy3WyOIyw"]}]}},"_links":{"self":[{"href":"https:\/\/visitpovljana.eu\/hr\/wp-json\/wp\/v2\/pages\/2423","targetHints":{"allow":["GET"]}}],"collection":[{"href":"https:\/\/visitpovljana.eu\/hr\/wp-json\/wp\/v2\/pages"}],"about":[{"href":"https:\/\/visitpovljana.eu\/hr\/wp-json\/wp\/v2\/types\/page"}],"author":[{"embeddable":true,"href":"https:\/\/visitpovljana.eu\/hr\/wp-json\/wp\/v2\/users\/1"}],"replies":[{"embeddable":true,"href":"https:\/\/visitpovljana.eu\/hr\/wp-json\/wp\/v2\/comments?post=2423"}],"version-history":[{"count":2,"href":"https:\/\/visitpovljana.eu\/hr\/wp-json\/wp\/v2\/pages\/2423\/revisions"}],"predecessor-version":[{"id":2492,"href":"https:\/\/visitpovljana.eu\/hr\/wp-json\/wp\/v2\/pages\/2423\/revisions\/2492"}],"up":[{"embeddable":true,"href":"https:\/\/visitpovljana.eu\/hr\/wp-json\/wp\/v2\/pages\/1550"}],"wp:attachment":[{"href":"https:\/\/visitpovljana.eu\/hr\/wp-json\/wp\/v2\/media?parent=2423"}],"curies":[{"name":"wp","href":"https:\/\/api.w.org\/{rel}","templated":true}]}}