{"id":1927,"date":"2018-12-17T11:40:35","date_gmt":"2018-12-17T11:40:35","guid":{"rendered":"https:\/\/visitpovljana.eu\/?page_id=1927"},"modified":"2018-12-17T11:41:41","modified_gmt":"2018-12-17T11:41:41","slug":"zastita-privatnosti","status":"publish","type":"page","link":"https:\/\/visitpovljana.eu\/hr\/zastita-privatnosti\/","title":{"rendered":"Za\u0161tita privatnosti"},"content":{"rendered":"<p>Molimo vrlo pa\u017eljivo i potpuno pro\u010ditajte Politiku za\u0161tite osobnih podataka (dalje u tekstu: Politika). Molimo Vas da Politiku povremeno provjerite s obzirom na mogu\u0107e izmjene koje \u0107e biti prikazane na stranici.<\/p>\n<p>Pristupom na na\u0161u web stranicu potvr\u0111ujete da ste pro\u010ditali, razumjeli i da se sla\u017eete sa svim uvjetima povjerljivosti podataka i na\u010dinima kori\u0161tenja. Va\u0161i osobni podaci ne prikupljaju se pregledavanjem na\u0161e slu\u017ebene web stranice.<\/p>\n<p>Slu\u017ebenom web stranicom www.visitpovljana.eu upravlja voditelj obrade &#8211; TURISTI\u010cKA ZAJEDNICA OP\u0106INE POVLJANA (dalje u tekstu: TZO Povljana) sa sjedi\u0161tem u Povljani na adresi: Stjepana Radi\u0107a 20, OIB: 89804721559.<\/p>\n<p>TZO Povljana prikuplja podatke o ispitanicima koji su potrebni za ispunjenje usluga koje pru\u017eamo te se obvezujemo za\u0161tititi osobne podatke sada\u0161njih i budu\u0107ih ispitanika u skladu sa <a href=\"http:\/\/eur-lex.europa.eu\/legal-content\/HR\/TXT\/HTML\/?uri=CELEX:32016R0679&amp;qid=1462363761441&amp;from=HR\">UREDBOM (EU) 2016\/679 EUROPSKOG PARLAMENTA I VIJE\u0106A O ZA\u0160TITI POJEDINACA U VEZI S OBRADOM OSOBNIH PODATAKA I O SLOBODNOM KRETANJU TAKVIH PODATAKA<\/a> (GDPR) (dalje u tekstu: Uredba). Obrada podataka podlije\u017ee zakonitoj obradi na temelju \u010dlanka 6. Uredbe.<\/p>\n<p>Svi podaci o ispitanicima strogo se \u010duvaju i dostupni su samo zaposlenicima kojima su ti podaci nu\u017eni u obavljanju svojih du\u017enosti. Svi zaposlenici TZO Povljana odgovorni su za po\u0161tivanje na\u010dela obrade osobnih podataka i zakonitosti obrade.<\/p>\n<p>TZO Povljana prije zaprimljenih podataka od ispitanika, informira ispitanika o zakonitosti obrade, uvjetima, svrsi za prikupljanje i obradu podataka kao i podacima o voditelju ove obrade, kontaktnim podacima slu\u017ebenika za za\u0161titu podataka, pravnom osnovu za obradu podataka, primateljima ili kategorijama primatelja osobnih podataka prema potrebi, razdoblju u kojem \u0107e se osobni podaci pohranjivati ili kriterijima kojima se utvr\u0111uje to razdoblje. Osim u navedenu svrhu, Va\u0161e podatke ne dajemo, ne iznajmljujemo, ne prodajemo niti ustupamo tre\u0107im privatnim i pravnim subjektima i tre\u0107im zemljama.<\/p>\n<p>O na\u010dinu kori\u0161tenja prikupljenih podataka, daje se ispitanicima mogu\u0107nost izbora o upotrebi njihovih podataka, uklju\u010duju\u0107i mogu\u0107nost odluke \u017eele li ili ne da se njihovo ime ukloni s lista koje se mogu koristiti za marketin\u0161ke kampanje.<\/p>\n<p>U skladu sa na\u0161om zada\u0107om koja je od javnog interesa, objavljujemo fotografije koje se slikaju na javnim skupovima i objavljujemo ih na slu\u017ebenoj Internet stranici u svrhu promocije na\u0161eg rada.<\/p>\n<p>Sva pitanja u vezi s obradom osobnih podataka, zahtjeve za ispravak, brisanje, ograni\u010denje i prigovor, molimo uputiti prema slu\u017ebeniku za za\u0161titu podataka.<\/p>\n<p>Slu\u017ebeni kontaktni podaci slu\u017ebenika za za\u0161titu podataka:<\/p>\n<ul>\n<li>slu\u017ebenik za za\u0161titu podataka: Neven Ti\u010di\u0107<\/li>\n<li>adresa: Stjepana Radi\u0107a 20, 23249 Povljana<\/li>\n<li>telefon: +385 (0)23 692 003<\/li>\n<li>faks: +385 (0)23 692 003<\/li>\n<li>e-mail: info@visitpovljana.eu<\/li>\n<\/ul>\n<p>Uredovno vrijeme za rad sa strankama odre\u0111uje se od ponedjeljka do petka od 08:00 do 12:00 sati.<\/p>\n","protected":false},"excerpt":{"rendered":"<p>Molimo vrlo pa\u017eljivo i potpuno pro\u010ditajte Politiku za\u0161tite osobnih podataka (dalje u tekstu: Politika). Molimo Vas da Politiku povremeno provjerite s obzirom na mogu\u0107e izmjene koje \u0107e biti prikazane na&hellip;<\/p>\n","protected":false},"author":1,"featured_media":0,"parent":0,"menu_order":0,"comment_status":"closed","ping_status":"closed","template":"","meta":{"footnotes":""},"class_list":["post-1927","page","type-page","status-publish","hentry"],"yoast_head":"<!-- This site is optimized with the Yoast SEO plugin v27.1.1 - https:\/\/yoast.com\/product\/yoast-seo-wordpress\/ -->\n<title>Za\u0161tita privatnosti | Povljana Tourist Board<\/title>\n<meta name=\"robots\" content=\"index, follow, max-snippet:-1, max-image-preview:large, max-video-preview:-1\" \/>\n<link rel=\"canonical\" href=\"https:\/\/visitpovljana.eu\/hr\/zastita-privatnosti\/\" \/>\n<meta property=\"og:locale\" content=\"hr_HR\" \/>\n<meta property=\"og:type\" content=\"article\" \/>\n<meta property=\"og:title\" content=\"Za\u0161tita privatnosti | Povljana Tourist Board\" \/>\n<meta property=\"og:description\" content=\"Molimo vrlo pa\u017eljivo i potpuno pro\u010ditajte Politiku za\u0161tite osobnih podataka (dalje u tekstu: Politika). Molimo Vas da Politiku povremeno provjerite s obzirom na mogu\u0107e izmjene koje \u0107e biti prikazane na&hellip;\" \/>\n<meta property=\"og:url\" content=\"https:\/\/visitpovljana.eu\/hr\/zastita-privatnosti\/\" \/>\n<meta property=\"og:site_name\" content=\"Povljana Tourist Board\" \/>\n<meta property=\"article:publisher\" content=\"https:\/\/www.facebook.com\/turistickazajednica.povljana.9\" \/>\n<meta property=\"article:modified_time\" content=\"2018-12-17T11:41:41+00:00\" \/>\n<meta name=\"twitter:card\" content=\"summary_large_image\" \/>\n<meta name=\"twitter:label1\" content=\"Procijenjeno vrijeme \u010ditanja\" \/>\n\t<meta name=\"twitter:data1\" content=\"2 minute\" \/>\n<script type=\"application\/ld+json\" class=\"yoast-schema-graph\">{\"@context\":\"https:\/\/schema.org\",\"@graph\":[{\"@type\":\"WebPage\",\"@id\":\"https:\/\/visitpovljana.eu\/hr\/zastita-privatnosti\/\",\"url\":\"https:\/\/visitpovljana.eu\/hr\/zastita-privatnosti\/\",\"name\":\"Za\u0161tita privatnosti | Povljana Tourist Board\",\"isPartOf\":{\"@id\":\"https:\/\/visitpovljana.eu\/#website\"},\"datePublished\":\"2018-12-17T11:40:35+00:00\",\"dateModified\":\"2018-12-17T11:41:41+00:00\",\"breadcrumb\":{\"@id\":\"https:\/\/visitpovljana.eu\/hr\/zastita-privatnosti\/#breadcrumb\"},\"inLanguage\":\"hr\",\"potentialAction\":[{\"@type\":\"ReadAction\",\"target\":[\"https:\/\/visitpovljana.eu\/hr\/zastita-privatnosti\/\"]}]},{\"@type\":\"BreadcrumbList\",\"@id\":\"https:\/\/visitpovljana.eu\/hr\/zastita-privatnosti\/#breadcrumb\",\"itemListElement\":[{\"@type\":\"ListItem\",\"position\":1,\"name\":\"Naslovnica\",\"item\":\"https:\/\/visitpovljana.eu\/hr\/\"},{\"@type\":\"ListItem\",\"position\":2,\"name\":\"Za\u0161tita privatnosti\"}]},{\"@type\":\"WebSite\",\"@id\":\"https:\/\/visitpovljana.eu\/#website\",\"url\":\"https:\/\/visitpovljana.eu\/\",\"name\":\"Povljana Tourist Board\",\"description\":\"Official Website for Povljana Tourist Board\",\"publisher\":{\"@id\":\"https:\/\/visitpovljana.eu\/#organization\"},\"potentialAction\":[{\"@type\":\"SearchAction\",\"target\":{\"@type\":\"EntryPoint\",\"urlTemplate\":\"https:\/\/visitpovljana.eu\/?s={search_term_string}\"},\"query-input\":{\"@type\":\"PropertyValueSpecification\",\"valueRequired\":true,\"valueName\":\"search_term_string\"}}],\"inLanguage\":\"hr\"},{\"@type\":\"Organization\",\"@id\":\"https:\/\/visitpovljana.eu\/#organization\",\"name\":\"Povljana Tourist Board\",\"url\":\"https:\/\/visitpovljana.eu\/\",\"logo\":{\"@type\":\"ImageObject\",\"inLanguage\":\"hr\",\"@id\":\"https:\/\/visitpovljana.eu\/#\/schema\/logo\/image\/\",\"url\":\"https:\/\/visitpovljana.eu\/wp-content\/uploads\/2018\/11\/logo.png\",\"contentUrl\":\"https:\/\/visitpovljana.eu\/wp-content\/uploads\/2018\/11\/logo.png\",\"width\":225,\"height\":53,\"caption\":\"Povljana Tourist Board\"},\"image\":{\"@id\":\"https:\/\/visitpovljana.eu\/#\/schema\/logo\/image\/\"},\"sameAs\":[\"https:\/\/www.facebook.com\/turistickazajednica.povljana.9\",\"https:\/\/www.instagram.com\/povljanatz\/\",\"https:\/\/www.youtube.com\/channel\/UCxdqlvStUxA6OnUy3WyOIyw\"]}]}<\/script>\n<!-- \/ Yoast SEO plugin. -->","yoast_head_json":{"title":"Za\u0161tita privatnosti | Povljana Tourist Board","robots":{"index":"index","follow":"follow","max-snippet":"max-snippet:-1","max-image-preview":"max-image-preview:large","max-video-preview":"max-video-preview:-1"},"canonical":"https:\/\/visitpovljana.eu\/hr\/zastita-privatnosti\/","og_locale":"hr_HR","og_type":"article","og_title":"Za\u0161tita privatnosti | Povljana Tourist Board","og_description":"Molimo vrlo pa\u017eljivo i potpuno pro\u010ditajte Politiku za\u0161tite osobnih podataka (dalje u tekstu: Politika). Molimo Vas da Politiku povremeno provjerite s obzirom na mogu\u0107e izmjene koje \u0107e biti prikazane na&hellip;","og_url":"https:\/\/visitpovljana.eu\/hr\/zastita-privatnosti\/","og_site_name":"Povljana Tourist Board","article_publisher":"https:\/\/www.facebook.com\/turistickazajednica.povljana.9","article_modified_time":"2018-12-17T11:41:41+00:00","twitter_card":"summary_large_image","twitter_misc":{"Procijenjeno vrijeme \u010ditanja":"2 minute"},"schema":{"@context":"https:\/\/schema.org","@graph":[{"@type":"WebPage","@id":"https:\/\/visitpovljana.eu\/hr\/zastita-privatnosti\/","url":"https:\/\/visitpovljana.eu\/hr\/zastita-privatnosti\/","name":"Za\u0161tita privatnosti | Povljana Tourist Board","isPartOf":{"@id":"https:\/\/visitpovljana.eu\/#website"},"datePublished":"2018-12-17T11:40:35+00:00","dateModified":"2018-12-17T11:41:41+00:00","breadcrumb":{"@id":"https:\/\/visitpovljana.eu\/hr\/zastita-privatnosti\/#breadcrumb"},"inLanguage":"hr","potentialAction":[{"@type":"ReadAction","target":["https:\/\/visitpovljana.eu\/hr\/zastita-privatnosti\/"]}]},{"@type":"BreadcrumbList","@id":"https:\/\/visitpovljana.eu\/hr\/zastita-privatnosti\/#breadcrumb","itemListElement":[{"@type":"ListItem","position":1,"name":"Naslovnica","item":"https:\/\/visitpovljana.eu\/hr\/"},{"@type":"ListItem","position":2,"name":"Za\u0161tita privatnosti"}]},{"@type":"WebSite","@id":"https:\/\/visitpovljana.eu\/#website","url":"https:\/\/visitpovljana.eu\/","name":"Povljana Tourist Board","description":"Official Website for Povljana Tourist Board","publisher":{"@id":"https:\/\/visitpovljana.eu\/#organization"},"potentialAction":[{"@type":"SearchAction","target":{"@type":"EntryPoint","urlTemplate":"https:\/\/visitpovljana.eu\/?s={search_term_string}"},"query-input":{"@type":"PropertyValueSpecification","valueRequired":true,"valueName":"search_term_string"}}],"inLanguage":"hr"},{"@type":"Organization","@id":"https:\/\/visitpovljana.eu\/#organization","name":"Povljana Tourist Board","url":"https:\/\/visitpovljana.eu\/","logo":{"@type":"ImageObject","inLanguage":"hr","@id":"https:\/\/visitpovljana.eu\/#\/schema\/logo\/image\/","url":"https:\/\/visitpovljana.eu\/wp-content\/uploads\/2018\/11\/logo.png","contentUrl":"https:\/\/visitpovljana.eu\/wp-content\/uploads\/2018\/11\/logo.png","width":225,"height":53,"caption":"Povljana Tourist Board"},"image":{"@id":"https:\/\/visitpovljana.eu\/#\/schema\/logo\/image\/"},"sameAs":["https:\/\/www.facebook.com\/turistickazajednica.povljana.9","https:\/\/www.instagram.com\/povljanatz\/","https:\/\/www.youtube.com\/channel\/UCxdqlvStUxA6OnUy3WyOIyw"]}]}},"_links":{"self":[{"href":"https:\/\/visitpovljana.eu\/hr\/wp-json\/wp\/v2\/pages\/1927","targetHints":{"allow":["GET"]}}],"collection":[{"href":"https:\/\/visitpovljana.eu\/hr\/wp-json\/wp\/v2\/pages"}],"about":[{"href":"https:\/\/visitpovljana.eu\/hr\/wp-json\/wp\/v2\/types\/page"}],"author":[{"embeddable":true,"href":"https:\/\/visitpovljana.eu\/hr\/wp-json\/wp\/v2\/users\/1"}],"replies":[{"embeddable":true,"href":"https:\/\/visitpovljana.eu\/hr\/wp-json\/wp\/v2\/comments?post=1927"}],"version-history":[{"count":2,"href":"https:\/\/visitpovljana.eu\/hr\/wp-json\/wp\/v2\/pages\/1927\/revisions"}],"predecessor-version":[{"id":1929,"href":"https:\/\/visitpovljana.eu\/hr\/wp-json\/wp\/v2\/pages\/1927\/revisions\/1929"}],"wp:attachment":[{"href":"https:\/\/visitpovljana.eu\/hr\/wp-json\/wp\/v2\/media?parent=1927"}],"curies":[{"name":"wp","href":"https:\/\/api.w.org\/{rel}","templated":true}]}}