{"id":1852,"date":"2018-12-14T13:33:04","date_gmt":"2018-12-14T13:33:04","guid":{"rendered":"https:\/\/visitpovljana.eu\/?page_id=1852"},"modified":"2018-12-14T13:49:13","modified_gmt":"2018-12-14T13:49:13","slug":"pristup-informacijama","status":"publish","type":"page","link":"https:\/\/visitpovljana.eu\/hr\/pristup-informacijama\/","title":{"rendered":"Pristup informacijama"},"content":{"rendered":"<div class=\"wpb-content-wrapper\"><p>[vc_row][vc_column width=&#8221;1\/3&#8243;]<div class=\"sc_item_button sc_button_wrap\"><a href=\"https:\/\/visitpovljana.eu\/wp-content\/uploads\/2018\/12\/TZO-Povljana-izvje\u0161\u0107e-I-XII-2016.pdf\" id=\"sc_button_904257438\" class=\"sc_button sc_button_default sc_button_size_normal sc_button_icon_left\"><span class=\"sc_button_text\"><span class=\"sc_button_title\">Izvje\u0161\u0107e za 2016. godinu<\/span><\/span><!-- \/.sc_button_text --><\/a><!-- \/.sc_button --><\/div><!-- \/.sc_item_button -->[\/vc_column][vc_column width=&#8221;1\/3&#8243;]<div class=\"sc_item_button sc_button_wrap\"><a href=\"https:\/\/visitpovljana.eu\/wp-content\/uploads\/2018\/12\/TZO-Povljana-Plan-za-2017.g.pdf\" id=\"sc_button_479928678\" class=\"sc_button sc_button_default sc_button_size_normal sc_button_icon_left\"><span class=\"sc_button_text\"><span class=\"sc_button_title\">Plan za 2017. godinu<\/span><\/span><!-- \/.sc_button_text --><\/a><!-- \/.sc_button --><\/div><!-- \/.sc_item_button -->[\/vc_column][vc_column width=&#8221;1\/3&#8243;]<div class=\"sc_item_button sc_button_wrap\"><a href=\"http:\/\/www.pristup-informacijama.visitpovljana.eu\/povljana-dokumenti\/Turisti%C4%8Dka%20zajednica%20op%C4%87ine%20Povljana%20-%20Plan%20za%202018g.pdf\" id=\"sc_button_1031278486\" class=\"sc_button sc_button_default sc_button_size_normal sc_button_icon_left\"><span class=\"sc_button_text\"><span class=\"sc_button_title\">Plan za 2018. godinu<\/span><\/span><!-- \/.sc_button_text --><\/a><!-- \/.sc_button --><\/div><!-- \/.sc_item_button -->[\/vc_column][\/vc_row][vc_row css=&#8221;.vc_custom_1544794705674{padding-top: 50px !important;}&#8221;][vc_column][vc_column_text]<\/p>\n<h3 style=\"text-align: center;\">Ostvarivanje prava na pristup informacijama<\/h3>\n<p>[\/vc_column_text][\/vc_column][\/vc_row][vc_row css=&#8221;.vc_custom_1544794887506{padding-top: 50px !important;}&#8221;][vc_column width=&#8221;1\/2&#8243;][vc_column_text css=&#8221;.vc_custom_1544794994488{padding-bottom: 20px !important;}&#8221;]<\/p>\n<h5>Ostvarivanje prava<\/h5>\n<ul>\n<li>Zakonom o pravu na pristup informacijama (<a title=\"Narodne novine-Odluka o progla\u0161enju zakona o pravu na pristup informacijama\" href=\"https:\/\/narodne-novine.nn.hr\/clanci\/sluzbeni\/2013_02_25_403.html\" target=\"_blank\" rel=\"noopener\">&#8216;Narodne novine&#8217; broj 25\/2013<\/a>) ure\u0111uje se pravo na pristup informacijama i ponovnu upotrebu informacija. Turisti\u010dka zajednica op\u0107ine Povljana omogu\u0107uje pristup informacijama pravodobnim objavljivanjem informacija o svome radu na primjeren i dostupan na\u010din.<\/li>\n<\/ul>\n<p>[\/vc_column_text]<div class=\"sc_item_button sc_button_wrap\"><a href=\"https:\/\/visitpovljana.eu\/wp-content\/uploads\/2018\/12\/Obrazac_2_Zahtjev-za-pristup-informacijama.pdf\" id=\"sc_button_589352436\" class=\"sc_button sc_button_default sc_button_size_normal sc_button_icon_left\"><span class=\"sc_button_text\"><span class=\"sc_button_title\">Zahtjev za pristup informacijama<\/span><\/span><!-- \/.sc_button_text --><\/a><!-- \/.sc_button --><\/div><!-- \/.sc_item_button -->[\/vc_column][vc_column width=&#8221;1\/2&#8243;][vc_column_text css=&#8221;.vc_custom_1544795018808{padding-bottom: 20px !important;}&#8221;]<\/p>\n<h5>Na\u010din ostvarivanja prava<\/h5>\n<ul>\n<li>Korisnik ostavaruje pravo na pristup informaciji podno\u0161enjem usmenog ili pisanog zahtjeva slu\u017ebeniku za informiranje Turisti\u010dke zajednice op\u0107ine Povljana. Ako je zahtjev podnesen usmeno, sastaviti \u0107e se slu\u017ebena bilje\u0161ka.<\/li>\n<\/ul>\n<p>[\/vc_column_text]<div class=\"sc_item_button sc_button_wrap\"><a href=\"https:\/\/visitpovljana.eu\/wp-content\/uploads\/2018\/12\/Obrazac_3_Zahtjev-za-dopunu-ili-ispravak-informacije.pdf\" id=\"sc_button_620077202\" class=\"sc_button sc_button_default sc_button_size_normal sc_button_icon_left\"><span class=\"sc_button_text\"><span class=\"sc_button_title\">Zahtjev za dopunu ili ispravak informacije<\/span><\/span><!-- \/.sc_button_text --><\/a><!-- \/.sc_button --><\/div><!-- \/.sc_item_button -->[\/vc_column][\/vc_row][vc_row css=&#8221;.vc_custom_1544794887506{padding-top: 50px !important;}&#8221;][vc_column width=&#8221;1\/2&#8243;][vc_column_text css=&#8221;.vc_custom_1544795126949{padding-bottom: 20px !important;}&#8221;]<\/p>\n<h5>Preuzimanje obrasca<\/h5>\n<p>Obrazac obavezno mora sadr\u017eavati:<\/p>\n<p>&nbsp;<\/p>\n<ul>\n<li>Naziv i sjedi\u0161te tijela javne vlasti kojem se zahtjev podnosi;<\/li>\n<li>Podatke koji su va\u017eni za prepoznavanje tra\u017eene informacije;<\/li>\n<li>Ime i prezime i adresu stanovanja fizi\u010dke osobe podnositelja zahtjeva ili<\/li>\n<li>tvrtku odnosno naziv pravne osobe i njezino sjedi\u0161te.<\/li>\n<\/ul>\n<p>&nbsp;<\/p>\n<p>[\/vc_column_text]<div class=\"sc_item_button sc_button_wrap\"><a href=\"https:\/\/visitpovljana.eu\/wp-content\/uploads\/2018\/12\/Obrazac_4_Zahtjev-za-ponovnu-uporabu-informacija.pdf\" id=\"sc_button_379508263\" class=\"sc_button sc_button_default sc_button_size_normal sc_button_icon_left\"><span class=\"sc_button_text\"><span class=\"sc_button_title\">Zahtjev za ponovnu uporabu informacije<\/span><\/span><!-- \/.sc_button_text --><\/a><!-- \/.sc_button --><\/div><!-- \/.sc_item_button -->[\/vc_column][vc_column width=&#8221;1\/2&#8243;][vc_column_text css=&#8221;.vc_custom_1544795214455{padding-bottom: 20px !important;}&#8221;]<\/p>\n<h5>Podno\u0161enje pisanim putem<\/h5>\n<p>Ukoliko se zahtjev podnosi pisanim putem, potrebno je ispuniti Obrazac te ga poslati:<\/p>\n<p>&nbsp;<\/p>\n<ul>\n<li>Po\u0161tom na adresu: Turisti\u010dka zajednica op\u0107ine Povljana, HR-23249 Povljana, Stjepana Radi\u0107a 20<\/li>\n<li>Elektroni\u010dkom po\u0161tom na email adresu: tz-povljana@zd.t-com.hr<\/li>\n<li>Na fax: +385(0)23 69 20 03<\/li>\n<li>Osobno u urud\u017ebenom zapisnku radnim danom od 8,00 do 14,00 sati<\/li>\n<\/ul>\n<p>&nbsp;<\/p>\n<p>[\/vc_column_text]<div class=\"sc_item_button sc_button_wrap\"><a href=\"\" id=\"sc_button_1341566686\" class=\"sc_button sc_button_default sc_button_size_normal sc_button_icon_left\"><span class=\"sc_button_text\"><span class=\"sc_button_title\">Slu\u017ebena objava na web stranici i kontakt<\/span><\/span><!-- \/.sc_button_text --><\/a><!-- \/.sc_button --><\/div><!-- \/.sc_item_button -->[\/vc_column][\/vc_row][vc_row css=&#8221;.vc_custom_1544794887506{padding-top: 50px !important;}&#8221;][vc_column width=&#8221;1\/2&#8243;][vc_column_text css=&#8221;.vc_custom_1544795308140{padding-bottom: 20px !important;}&#8221;]<\/p>\n<h5>Davanje informacija<\/h5>\n<p>Korisniku koji je na propisan na\u010din podnio zahtjev se vr\u0161i na jedan od sljede\u0107ih na\u010dina:<\/p>\n<p>&nbsp;<\/p>\n<ul>\n<li>neposrednim davanjem informacija,<\/li>\n<li>davanje informacije pisanim putem,<\/li>\n<li>uvidom u dokumente i izradom preslika dokumenata koji sadr\u017ee tra\u017eenu informaciju,<\/li>\n<li>na drugi na\u010din koji je prikadan za ostvarivanje prava na pristup informaciji<\/li>\n<\/ul>\n<p>&nbsp;<\/p>\n<p>[\/vc_column_text][\/vc_column][vc_column width=&#8221;1\/2&#8243;][vc_column_text css=&#8221;.vc_custom_1544795351604{padding-bottom: 20px !important;}&#8221;]<\/p>\n<h5>Nepotpuni zahtjevi<\/h5>\n<p>ne mogu se uputiti u postupak.<\/p>\n<p>&nbsp;<\/p>\n<ul>\n<li>Podnositelj zahtjeva nije obavezan navesti razloge zbog kojih tra\u017ei pristup informaciji niti je obvezan pozvati se na primjenu Zakona o pravu na pristup informacijama.<\/li>\n<li>Sve dodatne informacije vezane za ostvarivanje prava temeljem Zakona o pravu na pristup informacijama mogu\u0107e je dobiti na telefon +385(0)23 69 20 03.<\/li>\n<\/ul>\n<p>&nbsp;<\/p>\n<p>[\/vc_column_text][\/vc_column][\/vc_row]<\/p>\n<\/div>","protected":false},"excerpt":{"rendered":"<p>[vc_row][vc_column width=&#8221;1\/3&#8243;][\/vc_column][vc_column width=&#8221;1\/3&#8243;][\/vc_column][vc_column width=&#8221;1\/3&#8243;][\/vc_column][\/vc_row][vc_row css=&#8221;.vc_custom_1544794705674{padding-top: 50px !important;}&#8221;][vc_column][vc_column_text] Ostvarivanje prava na pristup informacijama [\/vc_column_text][\/vc_column][\/vc_row][vc_row css=&#8221;.vc_custom_1544794887506{padding-top: 50px !important;}&#8221;][vc_column width=&#8221;1\/2&#8243;][vc_column_text css=&#8221;.vc_custom_1544794994488{padding-bottom: 20px !important;}&#8221;] Ostvarivanje prava Zakonom o pravu na pristup informacijama (&#8216;Narodne novine&#8217;&hellip;<\/p>\n","protected":false},"author":1,"featured_media":0,"parent":0,"menu_order":0,"comment_status":"closed","ping_status":"closed","template":"","meta":{"footnotes":""},"class_list":["post-1852","page","type-page","status-publish","hentry"],"yoast_head":"<!-- This site is optimized with the Yoast SEO plugin v27.1.1 - https:\/\/yoast.com\/product\/yoast-seo-wordpress\/ -->\n<title>Pristup informacijama | Povljana Tourist Board<\/title>\n<meta name=\"robots\" content=\"index, follow, max-snippet:-1, max-image-preview:large, max-video-preview:-1\" \/>\n<link rel=\"canonical\" href=\"https:\/\/visitpovljana.eu\/hr\/pristup-informacijama\/\" \/>\n<meta property=\"og:locale\" content=\"hr_HR\" \/>\n<meta property=\"og:type\" content=\"article\" \/>\n<meta property=\"og:title\" content=\"Pristup informacijama | Povljana Tourist Board\" \/>\n<meta property=\"og:description\" content=\"[vc_row][vc_column width=&#8221;1\/3&#8243;][\/vc_column][vc_column width=&#8221;1\/3&#8243;][\/vc_column][vc_column width=&#8221;1\/3&#8243;][\/vc_column][\/vc_row][vc_row css=&#8221;.vc_custom_1544794705674{padding-top: 50px !important;}&#8221;][vc_column][vc_column_text] Ostvarivanje prava na pristup informacijama [\/vc_column_text][\/vc_column][\/vc_row][vc_row css=&#8221;.vc_custom_1544794887506{padding-top: 50px !important;}&#8221;][vc_column width=&#8221;1\/2&#8243;][vc_column_text css=&#8221;.vc_custom_1544794994488{padding-bottom: 20px !important;}&#8221;] Ostvarivanje prava Zakonom o pravu na pristup informacijama (&#8216;Narodne novine&#8217;&hellip;\" \/>\n<meta property=\"og:url\" content=\"https:\/\/visitpovljana.eu\/hr\/pristup-informacijama\/\" \/>\n<meta property=\"og:site_name\" content=\"Povljana Tourist Board\" \/>\n<meta property=\"article:publisher\" content=\"https:\/\/www.facebook.com\/turistickazajednica.povljana.9\" \/>\n<meta property=\"article:modified_time\" content=\"2018-12-14T13:49:13+00:00\" \/>\n<meta name=\"twitter:card\" content=\"summary_large_image\" \/>\n<meta name=\"twitter:label1\" content=\"Procijenjeno vrijeme \u010ditanja\" \/>\n\t<meta name=\"twitter:data1\" content=\"3 minute\" \/>\n<script type=\"application\/ld+json\" class=\"yoast-schema-graph\">{\"@context\":\"https:\/\/schema.org\",\"@graph\":[{\"@type\":\"WebPage\",\"@id\":\"https:\/\/visitpovljana.eu\/hr\/pristup-informacijama\/\",\"url\":\"https:\/\/visitpovljana.eu\/hr\/pristup-informacijama\/\",\"name\":\"Pristup informacijama | Povljana Tourist Board\",\"isPartOf\":{\"@id\":\"https:\/\/visitpovljana.eu\/#website\"},\"datePublished\":\"2018-12-14T13:33:04+00:00\",\"dateModified\":\"2018-12-14T13:49:13+00:00\",\"breadcrumb\":{\"@id\":\"https:\/\/visitpovljana.eu\/hr\/pristup-informacijama\/#breadcrumb\"},\"inLanguage\":\"hr\",\"potentialAction\":[{\"@type\":\"ReadAction\",\"target\":[\"https:\/\/visitpovljana.eu\/hr\/pristup-informacijama\/\"]}]},{\"@type\":\"BreadcrumbList\",\"@id\":\"https:\/\/visitpovljana.eu\/hr\/pristup-informacijama\/#breadcrumb\",\"itemListElement\":[{\"@type\":\"ListItem\",\"position\":1,\"name\":\"Naslovnica\",\"item\":\"https:\/\/visitpovljana.eu\/hr\/\"},{\"@type\":\"ListItem\",\"position\":2,\"name\":\"Pristup informacijama\"}]},{\"@type\":\"WebSite\",\"@id\":\"https:\/\/visitpovljana.eu\/#website\",\"url\":\"https:\/\/visitpovljana.eu\/\",\"name\":\"Povljana Tourist Board\",\"description\":\"Official Website for Povljana Tourist Board\",\"publisher\":{\"@id\":\"https:\/\/visitpovljana.eu\/#organization\"},\"potentialAction\":[{\"@type\":\"SearchAction\",\"target\":{\"@type\":\"EntryPoint\",\"urlTemplate\":\"https:\/\/visitpovljana.eu\/?s={search_term_string}\"},\"query-input\":{\"@type\":\"PropertyValueSpecification\",\"valueRequired\":true,\"valueName\":\"search_term_string\"}}],\"inLanguage\":\"hr\"},{\"@type\":\"Organization\",\"@id\":\"https:\/\/visitpovljana.eu\/#organization\",\"name\":\"Povljana Tourist Board\",\"url\":\"https:\/\/visitpovljana.eu\/\",\"logo\":{\"@type\":\"ImageObject\",\"inLanguage\":\"hr\",\"@id\":\"https:\/\/visitpovljana.eu\/#\/schema\/logo\/image\/\",\"url\":\"https:\/\/visitpovljana.eu\/wp-content\/uploads\/2018\/11\/logo.png\",\"contentUrl\":\"https:\/\/visitpovljana.eu\/wp-content\/uploads\/2018\/11\/logo.png\",\"width\":225,\"height\":53,\"caption\":\"Povljana Tourist Board\"},\"image\":{\"@id\":\"https:\/\/visitpovljana.eu\/#\/schema\/logo\/image\/\"},\"sameAs\":[\"https:\/\/www.facebook.com\/turistickazajednica.povljana.9\",\"https:\/\/www.instagram.com\/povljanatz\/\",\"https:\/\/www.youtube.com\/channel\/UCxdqlvStUxA6OnUy3WyOIyw\"]}]}<\/script>\n<!-- \/ Yoast SEO plugin. -->","yoast_head_json":{"title":"Pristup informacijama | Povljana Tourist Board","robots":{"index":"index","follow":"follow","max-snippet":"max-snippet:-1","max-image-preview":"max-image-preview:large","max-video-preview":"max-video-preview:-1"},"canonical":"https:\/\/visitpovljana.eu\/hr\/pristup-informacijama\/","og_locale":"hr_HR","og_type":"article","og_title":"Pristup informacijama | Povljana Tourist Board","og_description":"[vc_row][vc_column width=&#8221;1\/3&#8243;][\/vc_column][vc_column width=&#8221;1\/3&#8243;][\/vc_column][vc_column width=&#8221;1\/3&#8243;][\/vc_column][\/vc_row][vc_row css=&#8221;.vc_custom_1544794705674{padding-top: 50px !important;}&#8221;][vc_column][vc_column_text] Ostvarivanje prava na pristup informacijama [\/vc_column_text][\/vc_column][\/vc_row][vc_row css=&#8221;.vc_custom_1544794887506{padding-top: 50px !important;}&#8221;][vc_column width=&#8221;1\/2&#8243;][vc_column_text css=&#8221;.vc_custom_1544794994488{padding-bottom: 20px !important;}&#8221;] Ostvarivanje prava Zakonom o pravu na pristup informacijama (&#8216;Narodne novine&#8217;&hellip;","og_url":"https:\/\/visitpovljana.eu\/hr\/pristup-informacijama\/","og_site_name":"Povljana Tourist Board","article_publisher":"https:\/\/www.facebook.com\/turistickazajednica.povljana.9","article_modified_time":"2018-12-14T13:49:13+00:00","twitter_card":"summary_large_image","twitter_misc":{"Procijenjeno vrijeme \u010ditanja":"3 minute"},"schema":{"@context":"https:\/\/schema.org","@graph":[{"@type":"WebPage","@id":"https:\/\/visitpovljana.eu\/hr\/pristup-informacijama\/","url":"https:\/\/visitpovljana.eu\/hr\/pristup-informacijama\/","name":"Pristup informacijama | Povljana Tourist Board","isPartOf":{"@id":"https:\/\/visitpovljana.eu\/#website"},"datePublished":"2018-12-14T13:33:04+00:00","dateModified":"2018-12-14T13:49:13+00:00","breadcrumb":{"@id":"https:\/\/visitpovljana.eu\/hr\/pristup-informacijama\/#breadcrumb"},"inLanguage":"hr","potentialAction":[{"@type":"ReadAction","target":["https:\/\/visitpovljana.eu\/hr\/pristup-informacijama\/"]}]},{"@type":"BreadcrumbList","@id":"https:\/\/visitpovljana.eu\/hr\/pristup-informacijama\/#breadcrumb","itemListElement":[{"@type":"ListItem","position":1,"name":"Naslovnica","item":"https:\/\/visitpovljana.eu\/hr\/"},{"@type":"ListItem","position":2,"name":"Pristup informacijama"}]},{"@type":"WebSite","@id":"https:\/\/visitpovljana.eu\/#website","url":"https:\/\/visitpovljana.eu\/","name":"Povljana Tourist Board","description":"Official Website for Povljana Tourist Board","publisher":{"@id":"https:\/\/visitpovljana.eu\/#organization"},"potentialAction":[{"@type":"SearchAction","target":{"@type":"EntryPoint","urlTemplate":"https:\/\/visitpovljana.eu\/?s={search_term_string}"},"query-input":{"@type":"PropertyValueSpecification","valueRequired":true,"valueName":"search_term_string"}}],"inLanguage":"hr"},{"@type":"Organization","@id":"https:\/\/visitpovljana.eu\/#organization","name":"Povljana Tourist Board","url":"https:\/\/visitpovljana.eu\/","logo":{"@type":"ImageObject","inLanguage":"hr","@id":"https:\/\/visitpovljana.eu\/#\/schema\/logo\/image\/","url":"https:\/\/visitpovljana.eu\/wp-content\/uploads\/2018\/11\/logo.png","contentUrl":"https:\/\/visitpovljana.eu\/wp-content\/uploads\/2018\/11\/logo.png","width":225,"height":53,"caption":"Povljana Tourist Board"},"image":{"@id":"https:\/\/visitpovljana.eu\/#\/schema\/logo\/image\/"},"sameAs":["https:\/\/www.facebook.com\/turistickazajednica.povljana.9","https:\/\/www.instagram.com\/povljanatz\/","https:\/\/www.youtube.com\/channel\/UCxdqlvStUxA6OnUy3WyOIyw"]}]}},"_links":{"self":[{"href":"https:\/\/visitpovljana.eu\/hr\/wp-json\/wp\/v2\/pages\/1852","targetHints":{"allow":["GET"]}}],"collection":[{"href":"https:\/\/visitpovljana.eu\/hr\/wp-json\/wp\/v2\/pages"}],"about":[{"href":"https:\/\/visitpovljana.eu\/hr\/wp-json\/wp\/v2\/types\/page"}],"author":[{"embeddable":true,"href":"https:\/\/visitpovljana.eu\/hr\/wp-json\/wp\/v2\/users\/1"}],"replies":[{"embeddable":true,"href":"https:\/\/visitpovljana.eu\/hr\/wp-json\/wp\/v2\/comments?post=1852"}],"version-history":[{"count":13,"href":"https:\/\/visitpovljana.eu\/hr\/wp-json\/wp\/v2\/pages\/1852\/revisions"}],"predecessor-version":[{"id":1877,"href":"https:\/\/visitpovljana.eu\/hr\/wp-json\/wp\/v2\/pages\/1852\/revisions\/1877"}],"wp:attachment":[{"href":"https:\/\/visitpovljana.eu\/hr\/wp-json\/wp\/v2\/media?parent=1852"}],"curies":[{"name":"wp","href":"https:\/\/api.w.org\/{rel}","templated":true}]}}