{"id":1825,"date":"2018-12-14T12:18:25","date_gmt":"2018-12-14T12:18:25","guid":{"rendered":"https:\/\/visitpovljana.eu\/?page_id=1825"},"modified":"2026-03-10T13:50:31","modified_gmt":"2026-03-10T11:50:31","slug":"iznajmljivaci","status":"publish","type":"page","link":"https:\/\/visitpovljana.eu\/hr\/iznajmljivaci\/","title":{"rendered":"Iznajmljiva\u010di"},"content":{"rendered":"<div class=\"wpb-content-wrapper\"><p>[vc_row][vc_column][vc_column_text]<\/p>\n<p style=\"text-align: center;\">Kutak za privatne iznajmljiva\u010de objedinjuje najbitnije informacije vezane za privatni smje\u0161taj &#8211; zakone i propise u turizmu, priru\u010dnik za iznajmljiva\u010de, obveze iznajmljiva\u010da u slu\u010daju turisti\u010dke inspekcije, ku\u0107ni red, cjenik, novosti i sl., s posebnim osvrtom na podru\u010dje Turisti\u010dke zajednice Op\u0107ine Povljana i njegove specifi\u010dnosti.<\/p>\n<p>[\/vc_column_text][\/vc_column][\/vc_row][vc_row css=&#8221;.vc_custom_1544790233437{padding-top: 50px !important;}&#8221;][vc_column width=&#8221;1\/2&#8243;][vc_single_image image=&#8221;1835&#8243; img_size=&#8221;full&#8221;][\/vc_column][vc_column width=&#8221;1\/2&#8243;][vc_column_text css=&#8221;&#8221;]<\/p>\n<h3>Glavne informacije<\/h3>\n<ul>\n<li style=\"list-style-type: none;\">\n<ul>\n<li><a href=\"https:\/\/www.evisitor.hr\/eVisitor\/hr-HR\/Account\/Login?ReturnUrl=%2FeVisitor%2Fhr-HR\" target=\"_blank\" rel=\"noopener\">eVisitor<\/a><\/li>\n<li><a href=\"https:\/\/visitpovljana.eu\/wp-content\/uploads\/2026\/03\/Cjenik-2.docx\">Cjenik<\/a><\/li>\n<li><a href=\"https:\/\/visitpovljana.eu\/wp-content\/uploads\/2026\/03\/Kucni-red-1.docx\">Ku\u0107ni red<\/a><\/li>\n<li><a href=\"https:\/\/visitpovljana.eu\/wp-content\/uploads\/2026\/03\/Obrazac-za-podnosenje-prigovora-1.docx\">Obavijest o na\u010dinu podno\u0161enja prigovora<\/a><\/li>\n<li><a href=\"https:\/\/visitpovljana.eu\/wp-content\/uploads\/2026\/03\/EP-obrazac.pdf\">Evidencija o prometu<\/a><\/li>\n<li><a href=\"https:\/\/visitpovljana.eu\/wp-content\/uploads\/2026\/03\/Obrazac_TZ-2-1.pdf\">Porezni obrazac<\/a><\/li>\n<li><a href=\"https:\/\/visitpovljana.eu\/wp-content\/uploads\/2026\/03\/Potvrda-rezervacije-1.docx\">Primjer potvrde rezervacije<\/a><\/li>\n<li><a href=\"https:\/\/visitpovljana.eu\/wp-content\/uploads\/2026\/03\/Primjer-racuna-1-12-11.docx\">Primjer ra\u010duna<\/a><\/li>\n<li><a href=\"https:\/\/visitpovljana.eu\/wp-content\/uploads\/2026\/03\/Upute-za-iznajmljivace.odt\">Upute za iznajmljiva\u010de<\/a><\/li>\n<li><a href=\"https:\/\/visitpovljana.eu\/wp-content\/uploads\/2026\/03\/Primjer-evakuacijskog-plana-1.pdf\">Primjer evakuacijskog plana<\/a><\/li>\n<li><a href=\"https:\/\/visitpovljana.eu\/wp-content\/uploads\/2026\/03\/Vikendasi-za-stranicu.odt\">ZA VLASNIKE KU\u0106A ILI STANOVA ZA ODMOR<\/a><\/li>\n<\/ul>\n<\/li>\n<\/ul>\n<p>[\/vc_column_text][\/vc_column][\/vc_row][vc_row css=&#8221;.vc_custom_1544791169826{padding-top: 50px !important;}&#8221;][vc_column width=&#8221;1\/2&#8243;][vc_column_text css=&#8221;&#8221;]<\/p>\n<h3>Zakoni i propisi<\/h3>\n<ul>\n<li><a href=\"https:\/\/narodne-novine.nn.hr\/clanci\/sluzbeni\/2008_12_152_4142.html\" target=\"_blank\" rel=\"noopener\">Zakon o turisti\u010dkim zajednicama i promicanju hrvatskog turizma<\/a><\/li>\n<li><a href=\"http:\/\/www.mint.hr\/UserDocsImages\/140609-ZoBP_edit.pdf\">Zakon o boravi\u0161noj pristojbi<\/a><\/li>\n<li><a href=\"http:\/\/www.mint.hr\/UserDocsImages\/160422_zkon-cl-tz.pdf\">Zakon o \u010dlanarinama u turisti\u010dkim zajednicama<\/a><\/li>\n<li><a href=\"http:\/\/www.mint.hr\/default.aspx?id=356\">Propisi iz turizma<\/a><\/li>\n<li><a href=\"https:\/\/visitpovljana.eu\/wp-content\/uploads\/2026\/03\/180918_pravilnik_kateg_domacinstva-1.pdf\">Pravilnik o razvrstavanju i kategorizaciji objekata u kojima se pru\u017eaju ugostiteljske usluge u doma\u0107instvu &#8211; neslu\u017ebeno pro\u010di\u0161\u0107eni tekst<\/a><\/li>\n<\/ul>\n<p>[\/vc_column_text][\/vc_column][vc_column width=&#8221;1\/2&#8243;][\/vc_column][\/vc_row]<\/p>\n<\/div>","protected":false},"excerpt":{"rendered":"<p>[vc_row][vc_column][vc_column_text] Kutak za privatne iznajmljiva\u010de objedinjuje najbitnije informacije vezane za privatni smje\u0161taj &#8211; zakone i propise u turizmu, priru\u010dnik za iznajmljiva\u010de, obveze iznajmljiva\u010da u slu\u010daju turisti\u010dke inspekcije, ku\u0107ni red, cjenik,&hellip;<\/p>\n","protected":false},"author":1,"featured_media":0,"parent":0,"menu_order":0,"comment_status":"closed","ping_status":"closed","template":"","meta":{"footnotes":""},"class_list":["post-1825","page","type-page","status-publish","hentry"],"yoast_head":"<!-- This site is optimized with the Yoast SEO plugin v27.1.1 - https:\/\/yoast.com\/product\/yoast-seo-wordpress\/ -->\n<title>Iznajmljiva\u010di | Povljana Tourist Board<\/title>\n<meta name=\"robots\" content=\"index, follow, max-snippet:-1, max-image-preview:large, max-video-preview:-1\" \/>\n<link rel=\"canonical\" href=\"https:\/\/visitpovljana.eu\/hr\/iznajmljivaci\/\" \/>\n<meta property=\"og:locale\" content=\"hr_HR\" \/>\n<meta property=\"og:type\" content=\"article\" \/>\n<meta property=\"og:title\" content=\"Iznajmljiva\u010di | Povljana Tourist Board\" \/>\n<meta property=\"og:description\" content=\"[vc_row][vc_column][vc_column_text] Kutak za privatne iznajmljiva\u010de objedinjuje najbitnije informacije vezane za privatni smje\u0161taj &#8211; zakone i propise u turizmu, priru\u010dnik za iznajmljiva\u010de, obveze iznajmljiva\u010da u slu\u010daju turisti\u010dke inspekcije, ku\u0107ni red, cjenik,&hellip;\" \/>\n<meta property=\"og:url\" content=\"https:\/\/visitpovljana.eu\/hr\/iznajmljivaci\/\" \/>\n<meta property=\"og:site_name\" content=\"Povljana Tourist Board\" \/>\n<meta property=\"article:publisher\" content=\"https:\/\/www.facebook.com\/turistickazajednica.povljana.9\" \/>\n<meta property=\"article:modified_time\" content=\"2026-03-10T11:50:31+00:00\" \/>\n<meta name=\"twitter:card\" content=\"summary_large_image\" \/>\n<meta name=\"twitter:label1\" content=\"Procijenjeno vrijeme \u010ditanja\" \/>\n\t<meta name=\"twitter:data1\" content=\"1 minuta\" \/>\n<script type=\"application\/ld+json\" class=\"yoast-schema-graph\">{\"@context\":\"https:\/\/schema.org\",\"@graph\":[{\"@type\":\"WebPage\",\"@id\":\"https:\/\/visitpovljana.eu\/hr\/iznajmljivaci\/\",\"url\":\"https:\/\/visitpovljana.eu\/hr\/iznajmljivaci\/\",\"name\":\"Iznajmljiva\u010di | Povljana Tourist Board\",\"isPartOf\":{\"@id\":\"https:\/\/visitpovljana.eu\/#website\"},\"datePublished\":\"2018-12-14T12:18:25+00:00\",\"dateModified\":\"2026-03-10T11:50:31+00:00\",\"breadcrumb\":{\"@id\":\"https:\/\/visitpovljana.eu\/hr\/iznajmljivaci\/#breadcrumb\"},\"inLanguage\":\"hr\",\"potentialAction\":[{\"@type\":\"ReadAction\",\"target\":[\"https:\/\/visitpovljana.eu\/hr\/iznajmljivaci\/\"]}]},{\"@type\":\"BreadcrumbList\",\"@id\":\"https:\/\/visitpovljana.eu\/hr\/iznajmljivaci\/#breadcrumb\",\"itemListElement\":[{\"@type\":\"ListItem\",\"position\":1,\"name\":\"Naslovnica\",\"item\":\"https:\/\/visitpovljana.eu\/hr\/\"},{\"@type\":\"ListItem\",\"position\":2,\"name\":\"Iznajmljiva\u010di\"}]},{\"@type\":\"WebSite\",\"@id\":\"https:\/\/visitpovljana.eu\/#website\",\"url\":\"https:\/\/visitpovljana.eu\/\",\"name\":\"Povljana Tourist Board\",\"description\":\"Official Website for Povljana Tourist Board\",\"publisher\":{\"@id\":\"https:\/\/visitpovljana.eu\/#organization\"},\"potentialAction\":[{\"@type\":\"SearchAction\",\"target\":{\"@type\":\"EntryPoint\",\"urlTemplate\":\"https:\/\/visitpovljana.eu\/?s={search_term_string}\"},\"query-input\":{\"@type\":\"PropertyValueSpecification\",\"valueRequired\":true,\"valueName\":\"search_term_string\"}}],\"inLanguage\":\"hr\"},{\"@type\":\"Organization\",\"@id\":\"https:\/\/visitpovljana.eu\/#organization\",\"name\":\"Povljana Tourist Board\",\"url\":\"https:\/\/visitpovljana.eu\/\",\"logo\":{\"@type\":\"ImageObject\",\"inLanguage\":\"hr\",\"@id\":\"https:\/\/visitpovljana.eu\/#\/schema\/logo\/image\/\",\"url\":\"https:\/\/visitpovljana.eu\/wp-content\/uploads\/2018\/11\/logo.png\",\"contentUrl\":\"https:\/\/visitpovljana.eu\/wp-content\/uploads\/2018\/11\/logo.png\",\"width\":225,\"height\":53,\"caption\":\"Povljana Tourist Board\"},\"image\":{\"@id\":\"https:\/\/visitpovljana.eu\/#\/schema\/logo\/image\/\"},\"sameAs\":[\"https:\/\/www.facebook.com\/turistickazajednica.povljana.9\",\"https:\/\/www.instagram.com\/povljanatz\/\",\"https:\/\/www.youtube.com\/channel\/UCxdqlvStUxA6OnUy3WyOIyw\"]}]}<\/script>\n<!-- \/ Yoast SEO plugin. -->","yoast_head_json":{"title":"Iznajmljiva\u010di | Povljana Tourist Board","robots":{"index":"index","follow":"follow","max-snippet":"max-snippet:-1","max-image-preview":"max-image-preview:large","max-video-preview":"max-video-preview:-1"},"canonical":"https:\/\/visitpovljana.eu\/hr\/iznajmljivaci\/","og_locale":"hr_HR","og_type":"article","og_title":"Iznajmljiva\u010di | Povljana Tourist Board","og_description":"[vc_row][vc_column][vc_column_text] Kutak za privatne iznajmljiva\u010de objedinjuje najbitnije informacije vezane za privatni smje\u0161taj &#8211; zakone i propise u turizmu, priru\u010dnik za iznajmljiva\u010de, obveze iznajmljiva\u010da u slu\u010daju turisti\u010dke inspekcije, ku\u0107ni red, cjenik,&hellip;","og_url":"https:\/\/visitpovljana.eu\/hr\/iznajmljivaci\/","og_site_name":"Povljana Tourist Board","article_publisher":"https:\/\/www.facebook.com\/turistickazajednica.povljana.9","article_modified_time":"2026-03-10T11:50:31+00:00","twitter_card":"summary_large_image","twitter_misc":{"Procijenjeno vrijeme \u010ditanja":"1 minuta"},"schema":{"@context":"https:\/\/schema.org","@graph":[{"@type":"WebPage","@id":"https:\/\/visitpovljana.eu\/hr\/iznajmljivaci\/","url":"https:\/\/visitpovljana.eu\/hr\/iznajmljivaci\/","name":"Iznajmljiva\u010di | Povljana Tourist Board","isPartOf":{"@id":"https:\/\/visitpovljana.eu\/#website"},"datePublished":"2018-12-14T12:18:25+00:00","dateModified":"2026-03-10T11:50:31+00:00","breadcrumb":{"@id":"https:\/\/visitpovljana.eu\/hr\/iznajmljivaci\/#breadcrumb"},"inLanguage":"hr","potentialAction":[{"@type":"ReadAction","target":["https:\/\/visitpovljana.eu\/hr\/iznajmljivaci\/"]}]},{"@type":"BreadcrumbList","@id":"https:\/\/visitpovljana.eu\/hr\/iznajmljivaci\/#breadcrumb","itemListElement":[{"@type":"ListItem","position":1,"name":"Naslovnica","item":"https:\/\/visitpovljana.eu\/hr\/"},{"@type":"ListItem","position":2,"name":"Iznajmljiva\u010di"}]},{"@type":"WebSite","@id":"https:\/\/visitpovljana.eu\/#website","url":"https:\/\/visitpovljana.eu\/","name":"Povljana Tourist Board","description":"Official Website for Povljana Tourist Board","publisher":{"@id":"https:\/\/visitpovljana.eu\/#organization"},"potentialAction":[{"@type":"SearchAction","target":{"@type":"EntryPoint","urlTemplate":"https:\/\/visitpovljana.eu\/?s={search_term_string}"},"query-input":{"@type":"PropertyValueSpecification","valueRequired":true,"valueName":"search_term_string"}}],"inLanguage":"hr"},{"@type":"Organization","@id":"https:\/\/visitpovljana.eu\/#organization","name":"Povljana Tourist Board","url":"https:\/\/visitpovljana.eu\/","logo":{"@type":"ImageObject","inLanguage":"hr","@id":"https:\/\/visitpovljana.eu\/#\/schema\/logo\/image\/","url":"https:\/\/visitpovljana.eu\/wp-content\/uploads\/2018\/11\/logo.png","contentUrl":"https:\/\/visitpovljana.eu\/wp-content\/uploads\/2018\/11\/logo.png","width":225,"height":53,"caption":"Povljana Tourist Board"},"image":{"@id":"https:\/\/visitpovljana.eu\/#\/schema\/logo\/image\/"},"sameAs":["https:\/\/www.facebook.com\/turistickazajednica.povljana.9","https:\/\/www.instagram.com\/povljanatz\/","https:\/\/www.youtube.com\/channel\/UCxdqlvStUxA6OnUy3WyOIyw"]}]}},"_links":{"self":[{"href":"https:\/\/visitpovljana.eu\/hr\/wp-json\/wp\/v2\/pages\/1825","targetHints":{"allow":["GET"]}}],"collection":[{"href":"https:\/\/visitpovljana.eu\/hr\/wp-json\/wp\/v2\/pages"}],"about":[{"href":"https:\/\/visitpovljana.eu\/hr\/wp-json\/wp\/v2\/types\/page"}],"author":[{"embeddable":true,"href":"https:\/\/visitpovljana.eu\/hr\/wp-json\/wp\/v2\/users\/1"}],"replies":[{"embeddable":true,"href":"https:\/\/visitpovljana.eu\/hr\/wp-json\/wp\/v2\/comments?post=1825"}],"version-history":[{"count":14,"href":"https:\/\/visitpovljana.eu\/hr\/wp-json\/wp\/v2\/pages\/1825\/revisions"}],"predecessor-version":[{"id":2538,"href":"https:\/\/visitpovljana.eu\/hr\/wp-json\/wp\/v2\/pages\/1825\/revisions\/2538"}],"wp:attachment":[{"href":"https:\/\/visitpovljana.eu\/hr\/wp-json\/wp\/v2\/media?parent=1825"}],"curies":[{"name":"wp","href":"https:\/\/api.w.org\/{rel}","templated":true}]}}