{"id":1798,"date":"2018-12-13T13:10:14","date_gmt":"2018-12-13T13:10:14","guid":{"rendered":"https:\/\/visitpovljana.eu\/?page_id=1798"},"modified":"2018-12-13T13:17:58","modified_gmt":"2018-12-13T13:17:58","slug":"ornitoloski-rezervat-veliko-blato","status":"publish","type":"page","link":"https:\/\/visitpovljana.eu\/hr\/ornitoloski-rezervat-veliko-blato\/","title":{"rendered":"Ornitolo\u0161ki rezervat Veliko blato"},"content":{"rendered":"<div class=\"wpb-content-wrapper\"><p>[vc_row][vc_column][vc_single_image image=&#8221;1233&#8243; img_size=&#8221;full&#8221;][\/vc_column][\/vc_row][vc_row css=&#8221;.vc_custom_1542887414110{padding-top: 40px !important;padding-bottom: 50px !important;}&#8221;][vc_column][vc_column_text]<\/p>\n<p style=\"text-align: center; font-size: 20px;\">Rezervat ptica Veliko blato, skloni\u0161te je za \u0161iroku paletu ptica mo\u010dvarica, osobito tijekom razdoblja gnije\u017e\u0111enja, migracija i zimovanja. Du\u017eina mo\u010dvarnog stani\u0161ta je oko 2 km, s prosje\u010dnom \u0161irinom pribli\u017eno 1.2 km. Takav sa\u010duvani mo\u010dvarni teritorij danas je vrlo rijedak, pogotovo zbog sve ve\u0107e ranjivosti mo\u010dvare ornitofaune i nestanka mo\u010dvarnog biotopa diljem Europe. Od svih vrsta stani\u0161ta u Europi, mo\u010dvarna stani\u0161ta definitivno su najbogatija i najrazli\u010ditija u \u017eivotu ptica. Rezervat Veliko blato je va\u017eno mjesto za promatranje ptica i povezane aktivnosti, jer postoje izuzetni sadr\u017eaji za takav rekreativni turizam koji se temelji na razgledavanju, promatranju ptica i fotografiji. Rezervacija ima toranj i info-plo\u010du. Stru\u010dnjaci su do sada dokumentirali 143 vrste ptica na mjestu, sastavili liste ptica i ozna\u010dili najprikladnija razdoblja u svakoj sezoni za promatra\u010de ptica, kao i vrste ptica \u0161to se mo\u017ee vidjeti tijekom odre\u0111enog razdoblja.<\/p>\n<p>[\/vc_column_text][\/vc_column][\/vc_row][vc_row][vc_column width=&#8221;1\/2&#8243;][vc_column_text]<\/p>\n<h4>\u0160evar &#8211; Trstik<\/h4>\n<p>Sjeverni dio je okru\u017een trsticima (Phragmites communis), koji su posebno dobro razvijeni u jugoisto\u010dnom dijelu rezervata. Uz \u0161evar, postoje neke vrste \u0161a\u0161a (Carex sp.), sita (Juncus acutus, J. conglomeratus, J. maritimus) i drugih mo\u010dvarnih vrsta: \u0161a\u0161ine, je\u017einac (Scirpus sp., Sparganium erctum itd.).[\/vc_column_text][\/vc_column][vc_column width=&#8221;1\/2&#8243;][vc_column_text]<\/p>\n<h4>Kr\u0161<\/h4>\n<p>Rub depresije prekriven je livadama koje su ponekad poplavljene u prolje\u0107e i jesen. Ju\u017eni dio rezervata okru\u017een je kr\u0161kim terenom, sporadi\u010dno prekrivenim biljnim vrstama kr\u0161a: kaduljom, smiljem, omanom, bijelim bu\u0161inom (Salvia officinalis, Helychrisum italicum, Euphorbia spinosa, Inula candida, Stachis salviaefolius itd.).[\/vc_column_text][\/vc_column][\/vc_row][vc_row css=&#8221;.vc_custom_1542887148401{padding-top: 50px !important;padding-bottom: 50px !important;}&#8221;][vc_column width=&#8221;1\/2&#8243;][vc_column_text]<\/p>\n<h4>Ptice<\/h4>\n<p>Ovdje se \u010desto mogu vidjeti ptice: crna liska, patuljasti gnjurac (Tachybatus ruficollis), \u0107ubasti gnjurac (Podiceps cristatus), siva \u010daplja (Ardea cinerea), bijela \u010daplja (Egretta alba), bukavac (Botaurus stellaris) , sjajni ibis (Plegadis falcinellus), patka njorka (Aythya nyroca), i \u010daplja \u017eli\u010darka (Platalea leucorodia).[\/vc_column_text][\/vc_column][vc_column width=&#8221;1\/2&#8243;][vc_column_text]<\/p>\n<h4>Patka Kreketaljka, Eja livadarska i velika \u0161eva<\/h4>\n<p>Ono \u0161to ovaj rezervat \u010dini posebnim jest \u010dinjenica da je to mjesto gnije\u017e\u0111enja patke kreketaljke (Anas strepera), eje livadarke (Circus pygargus) i velike \u0161eve (Melanocorypha calandra), sve tri ugro\u017eene ptice Europe, dok su u Hrvatskoj vrlo rijetke ptice gnjezdarice.[\/vc_column_text][\/vc_column][\/vc_row][vc_row][vc_column width=&#8221;1\/2&#8243;][vc_column_text]<\/p>\n<h4>Malo blato, Kolansko blato<\/h4>\n<p>Osim Velikog blata, na otoku Pagu nalaze se jo\u0161 dva mo\u010dvarna podru\u010dja: Malo blato u blizini Velikog blata i Kolansko blato u op\u0107ini Kolan. Sva tri lokaliteta dobila su status rezervata ptica.[\/vc_column_text][\/vc_column][vc_column width=&#8221;1\/2&#8243;][vc_column_text]<\/p>\n<h4>Ulaznice<\/h4>\n<p>za razgledavanje Velikog blata prodaju se u Turisti\u010dkoj zajednici Povljana. Rezervat ptica je za\u0161ti\u0107eno podru\u010dje. U\u017eivajte u ljepoti rezervata i ne ostavljajte ni\u0161ta \u0161to bi ga moglo pokvariti.[\/vc_column_text][\/vc_column][\/vc_row]<\/p>\n<\/div>","protected":false},"excerpt":{"rendered":"<p>[vc_row][vc_column][vc_single_image image=&#8221;1233&#8243; img_size=&#8221;full&#8221;][\/vc_column][\/vc_row][vc_row css=&#8221;.vc_custom_1542887414110{padding-top: 40px !important;padding-bottom: 50px !important;}&#8221;][vc_column][vc_column_text] Rezervat ptica Veliko blato, skloni\u0161te je za \u0161iroku paletu ptica mo\u010dvarica, osobito tijekom razdoblja gnije\u017e\u0111enja, migracija i zimovanja. Du\u017eina mo\u010dvarnog stani\u0161ta je&hellip;<\/p>\n","protected":false},"author":1,"featured_media":0,"parent":0,"menu_order":0,"comment_status":"closed","ping_status":"closed","template":"","meta":{"footnotes":""},"class_list":["post-1798","page","type-page","status-publish","hentry"],"yoast_head":"<!-- This site is optimized with the Yoast SEO plugin v27.1.1 - https:\/\/yoast.com\/product\/yoast-seo-wordpress\/ -->\n<title>Ornitolo\u0161ki rezervat Veliko blato | Povljana Tourist Board<\/title>\n<meta name=\"description\" content=\"Rezervat ptica Veliko blato, skloni\u0161te je za \u0161iroku paletu ptica mo\u010dvarica, osobito tijekom razdoblja gnije\u017e\u0111enja, migracija i zimovanja.\" \/>\n<meta name=\"robots\" content=\"index, follow, max-snippet:-1, max-image-preview:large, max-video-preview:-1\" \/>\n<link rel=\"canonical\" href=\"https:\/\/visitpovljana.eu\/hr\/ornitoloski-rezervat-veliko-blato\/\" \/>\n<meta property=\"og:locale\" content=\"hr_HR\" \/>\n<meta property=\"og:type\" content=\"article\" \/>\n<meta property=\"og:title\" content=\"Ornitolo\u0161ki rezervat Veliko blato | Povljana Tourist Board\" \/>\n<meta property=\"og:description\" content=\"Rezervat ptica Veliko blato, skloni\u0161te je za \u0161iroku paletu ptica mo\u010dvarica, osobito tijekom razdoblja gnije\u017e\u0111enja, migracija i zimovanja.\" \/>\n<meta property=\"og:url\" content=\"https:\/\/visitpovljana.eu\/hr\/ornitoloski-rezervat-veliko-blato\/\" \/>\n<meta property=\"og:site_name\" content=\"Povljana Tourist Board\" \/>\n<meta property=\"article:publisher\" content=\"https:\/\/www.facebook.com\/turistickazajednica.povljana.9\" \/>\n<meta property=\"article:modified_time\" content=\"2018-12-13T13:17:58+00:00\" \/>\n<meta name=\"twitter:card\" content=\"summary_large_image\" \/>\n<meta name=\"twitter:label1\" content=\"Procijenjeno vrijeme \u010ditanja\" \/>\n\t<meta name=\"twitter:data1\" content=\"3 minute\" \/>\n<script type=\"application\/ld+json\" class=\"yoast-schema-graph\">{\"@context\":\"https:\/\/schema.org\",\"@graph\":[{\"@type\":\"WebPage\",\"@id\":\"https:\/\/visitpovljana.eu\/hr\/ornitoloski-rezervat-veliko-blato\/\",\"url\":\"https:\/\/visitpovljana.eu\/hr\/ornitoloski-rezervat-veliko-blato\/\",\"name\":\"Ornitolo\u0161ki rezervat Veliko blato | Povljana Tourist Board\",\"isPartOf\":{\"@id\":\"https:\/\/visitpovljana.eu\/#website\"},\"datePublished\":\"2018-12-13T13:10:14+00:00\",\"dateModified\":\"2018-12-13T13:17:58+00:00\",\"description\":\"Rezervat ptica Veliko blato, skloni\u0161te je za \u0161iroku paletu ptica mo\u010dvarica, osobito tijekom razdoblja gnije\u017e\u0111enja, migracija i zimovanja.\",\"breadcrumb\":{\"@id\":\"https:\/\/visitpovljana.eu\/hr\/ornitoloski-rezervat-veliko-blato\/#breadcrumb\"},\"inLanguage\":\"hr\",\"potentialAction\":[{\"@type\":\"ReadAction\",\"target\":[\"https:\/\/visitpovljana.eu\/hr\/ornitoloski-rezervat-veliko-blato\/\"]}]},{\"@type\":\"BreadcrumbList\",\"@id\":\"https:\/\/visitpovljana.eu\/hr\/ornitoloski-rezervat-veliko-blato\/#breadcrumb\",\"itemListElement\":[{\"@type\":\"ListItem\",\"position\":1,\"name\":\"Naslovnica\",\"item\":\"https:\/\/visitpovljana.eu\/hr\/\"},{\"@type\":\"ListItem\",\"position\":2,\"name\":\"Ornitolo\u0161ki rezervat Veliko blato\"}]},{\"@type\":\"WebSite\",\"@id\":\"https:\/\/visitpovljana.eu\/#website\",\"url\":\"https:\/\/visitpovljana.eu\/\",\"name\":\"Povljana Tourist Board\",\"description\":\"Official Website for Povljana Tourist Board\",\"publisher\":{\"@id\":\"https:\/\/visitpovljana.eu\/#organization\"},\"potentialAction\":[{\"@type\":\"SearchAction\",\"target\":{\"@type\":\"EntryPoint\",\"urlTemplate\":\"https:\/\/visitpovljana.eu\/?s={search_term_string}\"},\"query-input\":{\"@type\":\"PropertyValueSpecification\",\"valueRequired\":true,\"valueName\":\"search_term_string\"}}],\"inLanguage\":\"hr\"},{\"@type\":\"Organization\",\"@id\":\"https:\/\/visitpovljana.eu\/#organization\",\"name\":\"Povljana Tourist Board\",\"url\":\"https:\/\/visitpovljana.eu\/\",\"logo\":{\"@type\":\"ImageObject\",\"inLanguage\":\"hr\",\"@id\":\"https:\/\/visitpovljana.eu\/#\/schema\/logo\/image\/\",\"url\":\"https:\/\/visitpovljana.eu\/wp-content\/uploads\/2018\/11\/logo.png\",\"contentUrl\":\"https:\/\/visitpovljana.eu\/wp-content\/uploads\/2018\/11\/logo.png\",\"width\":225,\"height\":53,\"caption\":\"Povljana Tourist Board\"},\"image\":{\"@id\":\"https:\/\/visitpovljana.eu\/#\/schema\/logo\/image\/\"},\"sameAs\":[\"https:\/\/www.facebook.com\/turistickazajednica.povljana.9\",\"https:\/\/www.instagram.com\/povljanatz\/\",\"https:\/\/www.youtube.com\/channel\/UCxdqlvStUxA6OnUy3WyOIyw\"]}]}<\/script>\n<!-- \/ Yoast SEO plugin. -->","yoast_head_json":{"title":"Ornitolo\u0161ki rezervat Veliko blato | Povljana Tourist Board","description":"Rezervat ptica Veliko blato, skloni\u0161te je za \u0161iroku paletu ptica mo\u010dvarica, osobito tijekom razdoblja gnije\u017e\u0111enja, migracija i zimovanja.","robots":{"index":"index","follow":"follow","max-snippet":"max-snippet:-1","max-image-preview":"max-image-preview:large","max-video-preview":"max-video-preview:-1"},"canonical":"https:\/\/visitpovljana.eu\/hr\/ornitoloski-rezervat-veliko-blato\/","og_locale":"hr_HR","og_type":"article","og_title":"Ornitolo\u0161ki rezervat Veliko blato | Povljana Tourist Board","og_description":"Rezervat ptica Veliko blato, skloni\u0161te je za \u0161iroku paletu ptica mo\u010dvarica, osobito tijekom razdoblja gnije\u017e\u0111enja, migracija i zimovanja.","og_url":"https:\/\/visitpovljana.eu\/hr\/ornitoloski-rezervat-veliko-blato\/","og_site_name":"Povljana Tourist Board","article_publisher":"https:\/\/www.facebook.com\/turistickazajednica.povljana.9","article_modified_time":"2018-12-13T13:17:58+00:00","twitter_card":"summary_large_image","twitter_misc":{"Procijenjeno vrijeme \u010ditanja":"3 minute"},"schema":{"@context":"https:\/\/schema.org","@graph":[{"@type":"WebPage","@id":"https:\/\/visitpovljana.eu\/hr\/ornitoloski-rezervat-veliko-blato\/","url":"https:\/\/visitpovljana.eu\/hr\/ornitoloski-rezervat-veliko-blato\/","name":"Ornitolo\u0161ki rezervat Veliko blato | Povljana Tourist Board","isPartOf":{"@id":"https:\/\/visitpovljana.eu\/#website"},"datePublished":"2018-12-13T13:10:14+00:00","dateModified":"2018-12-13T13:17:58+00:00","description":"Rezervat ptica Veliko blato, skloni\u0161te je za \u0161iroku paletu ptica mo\u010dvarica, osobito tijekom razdoblja gnije\u017e\u0111enja, migracija i zimovanja.","breadcrumb":{"@id":"https:\/\/visitpovljana.eu\/hr\/ornitoloski-rezervat-veliko-blato\/#breadcrumb"},"inLanguage":"hr","potentialAction":[{"@type":"ReadAction","target":["https:\/\/visitpovljana.eu\/hr\/ornitoloski-rezervat-veliko-blato\/"]}]},{"@type":"BreadcrumbList","@id":"https:\/\/visitpovljana.eu\/hr\/ornitoloski-rezervat-veliko-blato\/#breadcrumb","itemListElement":[{"@type":"ListItem","position":1,"name":"Naslovnica","item":"https:\/\/visitpovljana.eu\/hr\/"},{"@type":"ListItem","position":2,"name":"Ornitolo\u0161ki rezervat Veliko blato"}]},{"@type":"WebSite","@id":"https:\/\/visitpovljana.eu\/#website","url":"https:\/\/visitpovljana.eu\/","name":"Povljana Tourist Board","description":"Official Website for Povljana Tourist Board","publisher":{"@id":"https:\/\/visitpovljana.eu\/#organization"},"potentialAction":[{"@type":"SearchAction","target":{"@type":"EntryPoint","urlTemplate":"https:\/\/visitpovljana.eu\/?s={search_term_string}"},"query-input":{"@type":"PropertyValueSpecification","valueRequired":true,"valueName":"search_term_string"}}],"inLanguage":"hr"},{"@type":"Organization","@id":"https:\/\/visitpovljana.eu\/#organization","name":"Povljana Tourist Board","url":"https:\/\/visitpovljana.eu\/","logo":{"@type":"ImageObject","inLanguage":"hr","@id":"https:\/\/visitpovljana.eu\/#\/schema\/logo\/image\/","url":"https:\/\/visitpovljana.eu\/wp-content\/uploads\/2018\/11\/logo.png","contentUrl":"https:\/\/visitpovljana.eu\/wp-content\/uploads\/2018\/11\/logo.png","width":225,"height":53,"caption":"Povljana Tourist Board"},"image":{"@id":"https:\/\/visitpovljana.eu\/#\/schema\/logo\/image\/"},"sameAs":["https:\/\/www.facebook.com\/turistickazajednica.povljana.9","https:\/\/www.instagram.com\/povljanatz\/","https:\/\/www.youtube.com\/channel\/UCxdqlvStUxA6OnUy3WyOIyw"]}]}},"_links":{"self":[{"href":"https:\/\/visitpovljana.eu\/hr\/wp-json\/wp\/v2\/pages\/1798","targetHints":{"allow":["GET"]}}],"collection":[{"href":"https:\/\/visitpovljana.eu\/hr\/wp-json\/wp\/v2\/pages"}],"about":[{"href":"https:\/\/visitpovljana.eu\/hr\/wp-json\/wp\/v2\/types\/page"}],"author":[{"embeddable":true,"href":"https:\/\/visitpovljana.eu\/hr\/wp-json\/wp\/v2\/users\/1"}],"replies":[{"embeddable":true,"href":"https:\/\/visitpovljana.eu\/hr\/wp-json\/wp\/v2\/comments?post=1798"}],"version-history":[{"count":3,"href":"https:\/\/visitpovljana.eu\/hr\/wp-json\/wp\/v2\/pages\/1798\/revisions"}],"predecessor-version":[{"id":1802,"href":"https:\/\/visitpovljana.eu\/hr\/wp-json\/wp\/v2\/pages\/1798\/revisions\/1802"}],"wp:attachment":[{"href":"https:\/\/visitpovljana.eu\/hr\/wp-json\/wp\/v2\/media?parent=1798"}],"curies":[{"name":"wp","href":"https:\/\/api.w.org\/{rel}","templated":true}]}}