{"id":1666,"date":"2018-12-11T09:39:39","date_gmt":"2018-12-11T09:39:39","guid":{"rendered":"https:\/\/visitpovljana.eu\/?page_id=1666"},"modified":"2018-12-11T09:43:26","modified_gmt":"2018-12-11T09:43:26","slug":"ostali-izleti-u-blizini-otoka","status":"publish","type":"page","link":"https:\/\/visitpovljana.eu\/hr\/ostali-izleti-u-blizini-otoka\/","title":{"rendered":"Ostali izleti u blizini otoka"},"content":{"rendered":"<div class=\"wpb-content-wrapper\"><p>[vc_row css=&#8221;.vc_custom_1542131083130{padding-top: 70px !important;padding-bottom: 50px !important;}&#8221;][vc_column width=&#8221;1\/2&#8243;][vc_single_image image=&#8221;866&#8243; img_size=&#8221;full&#8221;][\/vc_column][vc_column width=&#8221;1\/2&#8243;][vc_column_text css=&#8221;.vc_custom_1544521239706{padding-top: 20px !important;padding-bottom: 20px !important;}&#8221;]<\/p>\n<h4>NP Kornati<\/h4>\n<p>Najrazvedeniji arhipelag na Mediteranu, Kornati su poznati po raznovrsnim neobi\u010dnim oblicima i izvanrednoj reljefnoj strukturi, a osobito visokim stijenama. To je tako\u0111er vrlo popularna destinacija me\u0111u jedrili\u010darima. &#8220;Krune&#8221; (stijene) na otocima okrenutim prema otvorenom moru i zanimljive reljefne strukture \u010dine ovaj dio Nacionalnog parka Kornati jedinstvenim. Ljepota i jedinstvenost arhipelaga potakle su vlasti 1980. godine da ve\u0107i dio ovog podru\u010dja proglase nacionalnim parkom.[\/vc_column_text]<div class=\"sc_item_button sc_button_wrap sc_align_left\"><a href=\"http:\/\/www.kornati.hr\/\" id=\"sc_button_914645251\" class=\"sc_button sc_button_default  vc_custom_1544521249835 sc_button_size_normal sc_button_icon_left\"><span class=\"sc_button_text\"><span class=\"sc_button_title\">Saznajte vi\u0161e<\/span><\/span><!-- \/.sc_button_text --><\/a><!-- \/.sc_button --><\/div><!-- \/.sc_item_button -->[\/vc_column][\/vc_row][vc_row css=&#8221;.vc_custom_1542131083130{padding-top: 70px !important;padding-bottom: 50px !important;}&#8221;][vc_column width=&#8221;1\/2&#8243;][vc_column_text css=&#8221;.vc_custom_1544521262698{padding-top: 20px !important;padding-bottom: 20px !important;}&#8221;]<\/p>\n<h4>NP Krka<\/h4>\n<p>Rijeka Krka je prirodni kr\u0161ki fenomen, a 1985. je rijeka zajedno sa okolnim podru\u010djem progla\u0161ena Nacionalnim parkom. Osim mnogih manjih kaskada Krka ima i osam ve\u0107ih slapova; dva su najljep\u0161a &#8211; Ro\u0161ki slap i Skradinski buk. Oba su vrlo atraktivna za posjetitelje i ljubitelje prirode zbog svoje ljepote i prekrasne vizure. Posjetitelji nacionalnog parka imaju mogu\u0107nost iskusiti jedinstvenu ljepotu prirode i obilje kulturnih spomenika u nekoliko sati vo\u017enje brodom na Visova\u010dkom jezeru.[\/vc_column_text]<div class=\"sc_item_button sc_button_wrap sc_align_left\"><a href=\"http:\/\/www.npkrka.hr\/\" id=\"sc_button_43458674\" class=\"sc_button sc_button_default  vc_custom_1544521291441 sc_button_size_normal sc_button_icon_left\"><span class=\"sc_button_text\"><span class=\"sc_button_title\">Saznajte vi\u0161e<\/span><\/span><!-- \/.sc_button_text --><\/a><!-- \/.sc_button --><\/div><!-- \/.sc_item_button -->[\/vc_column][vc_column width=&#8221;1\/2&#8243;][vc_single_image image=&#8221;872&#8243; img_size=&#8221;full&#8221;][\/vc_column][\/vc_row][vc_row css=&#8221;.vc_custom_1542131083130{padding-top: 70px !important;padding-bottom: 50px !important;}&#8221;][vc_column width=&#8221;1\/2&#8243;][vc_single_image image=&#8221;875&#8243; img_size=&#8221;full&#8221;][\/vc_column][vc_column width=&#8221;1\/2&#8243;][vc_column_text css=&#8221;.vc_custom_1544521314479{padding-top: 20px !important;padding-bottom: 20px !important;}&#8221;]<\/p>\n<h4>NP Paklenica<\/h4>\n<p>Nacionalni park na ju\u017enoj strani Velebita, najve\u0107eg planinskog masiva Hrvatske. Park ima oko 70 \u0161pilja, od kojih su najspektakularnije \u0161pilje Manita pe\u0107 i jama Vodarica. Samo \u0161pilja Manita Pe\u0107 je otvorena za posjetitelje.[\/vc_column_text]<div class=\"sc_item_button sc_button_wrap sc_align_left\"><a href=\"https:\/\/np-paklenica.hr\/\" id=\"sc_button_1899381497\" class=\"sc_button sc_button_default  vc_custom_1544521286081 sc_button_size_normal sc_button_icon_left\"><span class=\"sc_button_text\"><span class=\"sc_button_title\">Saznajte vi\u0161e<\/span><\/span><!-- \/.sc_button_text --><\/a><!-- \/.sc_button --><\/div><!-- \/.sc_item_button -->[\/vc_column][\/vc_row][vc_row css=&#8221;.vc_custom_1542131083130{padding-top: 70px !important;padding-bottom: 50px !important;}&#8221;][vc_column width=&#8221;1\/2&#8243;][vc_column_text css=&#8221;.vc_custom_1544521337546{padding-top: 20px !important;padding-bottom: 20px !important;}&#8221;]<\/p>\n<h4>NP Plitvi\u010dka jezera<\/h4>\n<p>Najljep\u0161i i najposje\u0107eniji hrvatski nacionalni park, dio UNESCO-ve svjetske ba\u0161tine. Na podru\u010dju Parka postoje veliki \u0161umski kompleksi od kojih su neki za\u0161ti\u0107eni kao poseban rezervat \u0161umske vegetacije zbog svojih iskonskih obilje\u017eja (Corkova uvala). Razli\u010ditost stani\u0161ta i \u017eivotnih uvjeta omogu\u0107avaju razvoj brojnih vrsta biljaka i \u017eivotinja u vodenim i kopnenim podru\u010djima Parka kako bi se razvili bez smetnji. Prijelazni tip klime izme\u0111u primorske i kontinentalne i mikroklimatskih raznolikosti \u010dine ljeta ugodna i sun\u010dana, dok je s druge strane zima relativno duga, surova i snje\u017ena.[\/vc_column_text]<div class=\"sc_item_button sc_button_wrap sc_align_left\"><a href=\"https:\/\/np-plitvicka-jezera.hr\/\" id=\"sc_button_1702596220\" class=\"sc_button sc_button_default  vc_custom_1544521364061 sc_button_size_normal sc_button_icon_left\"><span class=\"sc_button_text\"><span class=\"sc_button_title\">Saznajte vi\u0161e<\/span><\/span><!-- \/.sc_button_text --><\/a><!-- \/.sc_button --><\/div><!-- \/.sc_item_button -->[\/vc_column][vc_column width=&#8221;1\/2&#8243;][vc_single_image image=&#8221;877&#8243; img_size=&#8221;full&#8221;][\/vc_column][\/vc_row][vc_row css=&#8221;.vc_custom_1542131083130{padding-top: 70px !important;padding-bottom: 50px !important;}&#8221;][vc_column width=&#8221;1\/2&#8243;][vc_single_image image=&#8221;879&#8243; img_size=&#8221;full&#8221;][\/vc_column][vc_column width=&#8221;1\/2&#8243;][vc_column_text css=&#8221;.vc_custom_1544521353127{padding-top: 20px !important;padding-bottom: 20px !important;}&#8221;]<\/p>\n<h4>PP Tela\u0161\u0107ica<\/h4>\n<p>Uvala Tela\u0161\u0107ica nalazi se u sredi\u0161njem dijelu isto\u010dne obale Jadrana, u isto\u010dnom dijelu Dugog otoka. Godine 1988. progla\u0161ena je Parkom prirode. Tri temeljna fenomena zasigurno su glavna obilje\u017eja Parka prirode: jedinstvena uvala Tela\u0161\u0107ica kao jedna od najsigurnijih, najljep\u0161ih i najve\u0107ih uvala na jadranskim otocima, kamene litice otoka ili tzv. &#8220;Stene&#8221;, koje se di\u017eu do 200 m iznad razine mora i padaju vertikalno do 90 m ispod razine mora, a napokon slano jezero &#8220;Mir&#8221; s njegovim ljekovitim svojstvima. Padine otoka obiluju mediteranskom vegetacijom s vi\u0161e od 300 vrsta biljaka i jednako bogate faune. Podvodni svijet ima vi\u0161e od 250 vrsta morskih biljaka i vi\u0161e od 300 \u017eivotinjskih vrsta.[\/vc_column_text]<div class=\"sc_item_button sc_button_wrap sc_align_left\"><a href=\"http:\/\/pp-telascica.hr\/\" id=\"sc_button_811492415\" class=\"sc_button sc_button_default  vc_custom_1544521374975 sc_button_size_normal sc_button_icon_left\"><span class=\"sc_button_text\"><span class=\"sc_button_title\">Saznajte vi\u0161e<\/span><\/span><!-- \/.sc_button_text --><\/a><!-- \/.sc_button --><\/div><!-- \/.sc_item_button -->[\/vc_column][\/vc_row][vc_row css=&#8221;.vc_custom_1542131083130{padding-top: 70px !important;padding-bottom: 50px !important;}&#8221;][vc_column width=&#8221;1\/2&#8243;][vc_column_text css=&#8221;.vc_custom_1544521406455{padding-top: 20px !important;padding-bottom: 20px !important;}&#8221;]<\/p>\n<h4>PP Vransko jezero<\/h4>\n<p>Vransko jezero je najve\u0107e jezero Hrvatske. Granica parka prote\u017ee se izme\u0111u Pirovca i Pako\u0161tana. Dominantna zna\u010dajka Parka je poseban ornitolo\u0161ki rezervat, koji je status stekao 1983. godine, a bio je uklju\u010den u listu Important Bird Areas of Europe (va\u017enih pti\u010djih teritorija u Europi) zahvaljuju\u0107i dobro o\u010duvanim velikim trsticima na sjeverozapadnom dijelu jezera, kao rijetki mo\u010dvarni sustav velike bio-raznolikosti i jedinstvenog znanstvenog i ekolo\u0161kog zna\u010daja.[\/vc_column_text]<div class=\"sc_item_button sc_button_wrap sc_align_left\"><a href=\"http:\/\/vransko-jezero.hr\/\" id=\"sc_button_684491537\" class=\"sc_button sc_button_default  vc_custom_1544521382916 sc_button_size_normal sc_button_icon_left\"><span class=\"sc_button_text\"><span class=\"sc_button_title\">Saznajte vi\u0161e<\/span><\/span><!-- \/.sc_button_text --><\/a><!-- \/.sc_button --><\/div><!-- \/.sc_item_button -->[\/vc_column][vc_column width=&#8221;1\/2&#8243;][vc_single_image image=&#8221;1220&#8243; img_size=&#8221;full&#8221;][\/vc_column][\/vc_row]<\/p>\n<\/div>","protected":false},"excerpt":{"rendered":"<p>[vc_row css=&#8221;.vc_custom_1542131083130{padding-top: 70px !important;padding-bottom: 50px !important;}&#8221;][vc_column width=&#8221;1\/2&#8243;][vc_single_image image=&#8221;866&#8243; img_size=&#8221;full&#8221;][\/vc_column][vc_column width=&#8221;1\/2&#8243;][vc_column_text css=&#8221;.vc_custom_1544521239706{padding-top: 20px !important;padding-bottom: 20px !important;}&#8221;] NP Kornati Najrazvedeniji arhipelag na Mediteranu, Kornati su poznati po raznovrsnim neobi\u010dnim oblicima i izvanrednoj&hellip;<\/p>\n","protected":false},"author":1,"featured_media":0,"parent":0,"menu_order":0,"comment_status":"closed","ping_status":"closed","template":"","meta":{"footnotes":""},"class_list":["post-1666","page","type-page","status-publish","hentry"],"yoast_head":"<!-- This site is optimized with the Yoast SEO plugin v27.1.1 - https:\/\/yoast.com\/product\/yoast-seo-wordpress\/ -->\n<title>Ostali izleti u blizini otoka | Povljana Tourist Board<\/title>\n<meta name=\"robots\" content=\"index, follow, max-snippet:-1, max-image-preview:large, max-video-preview:-1\" \/>\n<link rel=\"canonical\" href=\"https:\/\/visitpovljana.eu\/hr\/ostali-izleti-u-blizini-otoka\/\" \/>\n<meta property=\"og:locale\" content=\"hr_HR\" \/>\n<meta property=\"og:type\" content=\"article\" \/>\n<meta property=\"og:title\" content=\"Ostali izleti u blizini otoka | Povljana Tourist Board\" \/>\n<meta property=\"og:description\" content=\"[vc_row css=&#8221;.vc_custom_1542131083130{padding-top: 70px !important;padding-bottom: 50px !important;}&#8221;][vc_column width=&#8221;1\/2&#8243;][vc_single_image image=&#8221;866&#8243; img_size=&#8221;full&#8221;][\/vc_column][vc_column width=&#8221;1\/2&#8243;][vc_column_text css=&#8221;.vc_custom_1544521239706{padding-top: 20px !important;padding-bottom: 20px !important;}&#8221;] NP Kornati Najrazvedeniji arhipelag na Mediteranu, Kornati su poznati po raznovrsnim neobi\u010dnim oblicima i izvanrednoj&hellip;\" \/>\n<meta property=\"og:url\" content=\"https:\/\/visitpovljana.eu\/hr\/ostali-izleti-u-blizini-otoka\/\" \/>\n<meta property=\"og:site_name\" content=\"Povljana Tourist Board\" \/>\n<meta property=\"article:publisher\" content=\"https:\/\/www.facebook.com\/turistickazajednica.povljana.9\" \/>\n<meta property=\"article:modified_time\" content=\"2018-12-11T09:43:26+00:00\" \/>\n<meta name=\"twitter:card\" content=\"summary_large_image\" \/>\n<meta name=\"twitter:label1\" content=\"Procijenjeno vrijeme \u010ditanja\" \/>\n\t<meta name=\"twitter:data1\" content=\"4 minute\" \/>\n<script type=\"application\/ld+json\" class=\"yoast-schema-graph\">{\"@context\":\"https:\/\/schema.org\",\"@graph\":[{\"@type\":\"WebPage\",\"@id\":\"https:\/\/visitpovljana.eu\/hr\/ostali-izleti-u-blizini-otoka\/\",\"url\":\"https:\/\/visitpovljana.eu\/hr\/ostali-izleti-u-blizini-otoka\/\",\"name\":\"Ostali izleti u blizini otoka | Povljana Tourist Board\",\"isPartOf\":{\"@id\":\"https:\/\/visitpovljana.eu\/#website\"},\"datePublished\":\"2018-12-11T09:39:39+00:00\",\"dateModified\":\"2018-12-11T09:43:26+00:00\",\"breadcrumb\":{\"@id\":\"https:\/\/visitpovljana.eu\/hr\/ostali-izleti-u-blizini-otoka\/#breadcrumb\"},\"inLanguage\":\"hr\",\"potentialAction\":[{\"@type\":\"ReadAction\",\"target\":[\"https:\/\/visitpovljana.eu\/hr\/ostali-izleti-u-blizini-otoka\/\"]}]},{\"@type\":\"BreadcrumbList\",\"@id\":\"https:\/\/visitpovljana.eu\/hr\/ostali-izleti-u-blizini-otoka\/#breadcrumb\",\"itemListElement\":[{\"@type\":\"ListItem\",\"position\":1,\"name\":\"Naslovnica\",\"item\":\"https:\/\/visitpovljana.eu\/hr\/\"},{\"@type\":\"ListItem\",\"position\":2,\"name\":\"Ostali izleti u blizini otoka\"}]},{\"@type\":\"WebSite\",\"@id\":\"https:\/\/visitpovljana.eu\/#website\",\"url\":\"https:\/\/visitpovljana.eu\/\",\"name\":\"Povljana Tourist Board\",\"description\":\"Official Website for Povljana Tourist Board\",\"publisher\":{\"@id\":\"https:\/\/visitpovljana.eu\/#organization\"},\"potentialAction\":[{\"@type\":\"SearchAction\",\"target\":{\"@type\":\"EntryPoint\",\"urlTemplate\":\"https:\/\/visitpovljana.eu\/?s={search_term_string}\"},\"query-input\":{\"@type\":\"PropertyValueSpecification\",\"valueRequired\":true,\"valueName\":\"search_term_string\"}}],\"inLanguage\":\"hr\"},{\"@type\":\"Organization\",\"@id\":\"https:\/\/visitpovljana.eu\/#organization\",\"name\":\"Povljana Tourist Board\",\"url\":\"https:\/\/visitpovljana.eu\/\",\"logo\":{\"@type\":\"ImageObject\",\"inLanguage\":\"hr\",\"@id\":\"https:\/\/visitpovljana.eu\/#\/schema\/logo\/image\/\",\"url\":\"https:\/\/visitpovljana.eu\/wp-content\/uploads\/2018\/11\/logo.png\",\"contentUrl\":\"https:\/\/visitpovljana.eu\/wp-content\/uploads\/2018\/11\/logo.png\",\"width\":225,\"height\":53,\"caption\":\"Povljana Tourist Board\"},\"image\":{\"@id\":\"https:\/\/visitpovljana.eu\/#\/schema\/logo\/image\/\"},\"sameAs\":[\"https:\/\/www.facebook.com\/turistickazajednica.povljana.9\",\"https:\/\/www.instagram.com\/povljanatz\/\",\"https:\/\/www.youtube.com\/channel\/UCxdqlvStUxA6OnUy3WyOIyw\"]}]}<\/script>\n<!-- \/ Yoast SEO plugin. -->","yoast_head_json":{"title":"Ostali izleti u blizini otoka | Povljana Tourist Board","robots":{"index":"index","follow":"follow","max-snippet":"max-snippet:-1","max-image-preview":"max-image-preview:large","max-video-preview":"max-video-preview:-1"},"canonical":"https:\/\/visitpovljana.eu\/hr\/ostali-izleti-u-blizini-otoka\/","og_locale":"hr_HR","og_type":"article","og_title":"Ostali izleti u blizini otoka | Povljana Tourist Board","og_description":"[vc_row css=&#8221;.vc_custom_1542131083130{padding-top: 70px !important;padding-bottom: 50px !important;}&#8221;][vc_column width=&#8221;1\/2&#8243;][vc_single_image image=&#8221;866&#8243; img_size=&#8221;full&#8221;][\/vc_column][vc_column width=&#8221;1\/2&#8243;][vc_column_text css=&#8221;.vc_custom_1544521239706{padding-top: 20px !important;padding-bottom: 20px !important;}&#8221;] NP Kornati Najrazvedeniji arhipelag na Mediteranu, Kornati su poznati po raznovrsnim neobi\u010dnim oblicima i izvanrednoj&hellip;","og_url":"https:\/\/visitpovljana.eu\/hr\/ostali-izleti-u-blizini-otoka\/","og_site_name":"Povljana Tourist Board","article_publisher":"https:\/\/www.facebook.com\/turistickazajednica.povljana.9","article_modified_time":"2018-12-11T09:43:26+00:00","twitter_card":"summary_large_image","twitter_misc":{"Procijenjeno vrijeme \u010ditanja":"4 minute"},"schema":{"@context":"https:\/\/schema.org","@graph":[{"@type":"WebPage","@id":"https:\/\/visitpovljana.eu\/hr\/ostali-izleti-u-blizini-otoka\/","url":"https:\/\/visitpovljana.eu\/hr\/ostali-izleti-u-blizini-otoka\/","name":"Ostali izleti u blizini otoka | Povljana Tourist Board","isPartOf":{"@id":"https:\/\/visitpovljana.eu\/#website"},"datePublished":"2018-12-11T09:39:39+00:00","dateModified":"2018-12-11T09:43:26+00:00","breadcrumb":{"@id":"https:\/\/visitpovljana.eu\/hr\/ostali-izleti-u-blizini-otoka\/#breadcrumb"},"inLanguage":"hr","potentialAction":[{"@type":"ReadAction","target":["https:\/\/visitpovljana.eu\/hr\/ostali-izleti-u-blizini-otoka\/"]}]},{"@type":"BreadcrumbList","@id":"https:\/\/visitpovljana.eu\/hr\/ostali-izleti-u-blizini-otoka\/#breadcrumb","itemListElement":[{"@type":"ListItem","position":1,"name":"Naslovnica","item":"https:\/\/visitpovljana.eu\/hr\/"},{"@type":"ListItem","position":2,"name":"Ostali izleti u blizini otoka"}]},{"@type":"WebSite","@id":"https:\/\/visitpovljana.eu\/#website","url":"https:\/\/visitpovljana.eu\/","name":"Povljana Tourist Board","description":"Official Website for Povljana Tourist Board","publisher":{"@id":"https:\/\/visitpovljana.eu\/#organization"},"potentialAction":[{"@type":"SearchAction","target":{"@type":"EntryPoint","urlTemplate":"https:\/\/visitpovljana.eu\/?s={search_term_string}"},"query-input":{"@type":"PropertyValueSpecification","valueRequired":true,"valueName":"search_term_string"}}],"inLanguage":"hr"},{"@type":"Organization","@id":"https:\/\/visitpovljana.eu\/#organization","name":"Povljana Tourist Board","url":"https:\/\/visitpovljana.eu\/","logo":{"@type":"ImageObject","inLanguage":"hr","@id":"https:\/\/visitpovljana.eu\/#\/schema\/logo\/image\/","url":"https:\/\/visitpovljana.eu\/wp-content\/uploads\/2018\/11\/logo.png","contentUrl":"https:\/\/visitpovljana.eu\/wp-content\/uploads\/2018\/11\/logo.png","width":225,"height":53,"caption":"Povljana Tourist Board"},"image":{"@id":"https:\/\/visitpovljana.eu\/#\/schema\/logo\/image\/"},"sameAs":["https:\/\/www.facebook.com\/turistickazajednica.povljana.9","https:\/\/www.instagram.com\/povljanatz\/","https:\/\/www.youtube.com\/channel\/UCxdqlvStUxA6OnUy3WyOIyw"]}]}},"_links":{"self":[{"href":"https:\/\/visitpovljana.eu\/hr\/wp-json\/wp\/v2\/pages\/1666","targetHints":{"allow":["GET"]}}],"collection":[{"href":"https:\/\/visitpovljana.eu\/hr\/wp-json\/wp\/v2\/pages"}],"about":[{"href":"https:\/\/visitpovljana.eu\/hr\/wp-json\/wp\/v2\/types\/page"}],"author":[{"embeddable":true,"href":"https:\/\/visitpovljana.eu\/hr\/wp-json\/wp\/v2\/users\/1"}],"replies":[{"embeddable":true,"href":"https:\/\/visitpovljana.eu\/hr\/wp-json\/wp\/v2\/comments?post=1666"}],"version-history":[{"count":3,"href":"https:\/\/visitpovljana.eu\/hr\/wp-json\/wp\/v2\/pages\/1666\/revisions"}],"predecessor-version":[{"id":1675,"href":"https:\/\/visitpovljana.eu\/hr\/wp-json\/wp\/v2\/pages\/1666\/revisions\/1675"}],"wp:attachment":[{"href":"https:\/\/visitpovljana.eu\/hr\/wp-json\/wp\/v2\/media?parent=1666"}],"curies":[{"name":"wp","href":"https:\/\/api.w.org\/{rel}","templated":true}]}}