{"id":1658,"date":"2018-12-11T09:35:57","date_gmt":"2018-12-11T09:35:57","guid":{"rendered":"https:\/\/visitpovljana.eu\/?page_id=1658"},"modified":"2018-12-11T09:36:56","modified_gmt":"2018-12-11T09:36:56","slug":"kuhinja","status":"publish","type":"page","link":"https:\/\/visitpovljana.eu\/hr\/kuhinja\/","title":{"rendered":"Kuhinja"},"content":{"rendered":"<div class=\"wpb-content-wrapper\"><p>[vc_row css=&#8221;.vc_custom_1542119010045{padding-top: 70px !important;padding-bottom: 50px !important;}&#8221;][vc_column][vc_column_text]<\/p>\n<p style=\"text-align: center; font-size: 20px;\">Ponudu doma\u0107e kuhinje karakteriziraju vrhunska svojstva zdrave i jednostavne dalmatinske kuhinje. Na\u0161a kuhinja temelji se na svje\u017eoj ribi i plodovima mora koji se skoro svakodnevno mogu na\u0107i na lokalnoj tr\u017enici svje\u017ee iz mora. Mje\u0161tani su ponosni na njihovu \u0161krtu oto\u010dku zemlju, koja ih iznena\u0111uje mnogim darovima tijekom cijele godine. Kuhano povr\u0107e je naj\u010de\u0161\u0107i prilog. Svakodnevno se mogu kupiti doma\u0107i poljoprivredni proizvodi iz organskog uzgoja od lokalnih proizvo\u0111a\u010da: &#8211; svje\u017ee raj\u010dice, paprike, krumpir i drugo povr\u0107e, \u010diji miris odra\u017eava ljubav s kojom su rasli i sa kojom su bili uzgajani.<\/p>\n<p>[\/vc_column_text][\/vc_column][\/vc_row][vc_row css=&#8221;.vc_custom_1542130157478{padding-bottom: 50px !important;}&#8221;][vc_column width=&#8221;1\/3&#8243;][vc_single_image image=&#8221;851&#8243; img_size=&#8221;full&#8221;][vc_column_text css=&#8221;.vc_custom_1544520858095{padding-top: 15px !important;}&#8221;]<\/p>\n<h4>Pa\u0161ki sir<\/h4>\n<p>Ve\u0107ina stanovnika Paga bavi se sto\u010darstvom i tradicionalnom proizvodnjom sira. Prekrasni okus sira i njegova prepoznatljiva kvaliteta rezultat su jedinstvenih uvjeta na pa\u0161njacima &#8211; ovce pasu samoniklo aromati\u010dno bilje, poput koroma\u010da (anis), smilja i kadulje, za \u010diju kvalitetu je zaslu\u017ena bura koja \u010desto pu\u0161e, podi\u017ee morsku sol i prosipa je po stijenama i travi.[\/vc_column_text][\/vc_column][vc_column width=&#8221;1\/3&#8243;][vc_single_image image=&#8221;853&#8243; img_size=&#8221;full&#8221;][vc_column_text css=&#8221;.vc_custom_1544520879174{padding-top: 15px !important;}&#8221;]<\/p>\n<h4>Priprema ribe<\/h4>\n<p>Riba se priprema u tradicionalnom stilu \u2013 pe\u010dena (na gradele), kuhana, brudet, na buzaru ili pod pekom.<br \/>\nUz ribu ide vino a od doma\u0107e ponude to je bijelo vino Gegi\u0107 ili od crnih vina Brajda (Plavina). Za desert obavezno probati doma\u0107e slatko desertno vino \u2013 Pro\u0161ek.<br \/>\n[\/vc_column_text][\/vc_column][vc_column width=&#8221;1\/3&#8243;][vc_single_image image=&#8221;855&#8243; img_size=&#8221;full&#8221;][vc_column_text css=&#8221;.vc_custom_1544520903384{padding-top: 15px !important;}&#8221;]<\/p>\n<h4>Pa\u0161ka janjetina<\/h4>\n<p>Za autenti\u010dno gurmansko iskustvo morate ku\u0161ati poznatu pa\u0161ku janjetinu: spremljenu na ra\u017enju, kuhanu ili pripremljenu pod pekom. Jedinstven ekolo\u0161ki uzgoj je razlog kvalitete koju posjeduje Pa\u0161ka janjetina.<br \/>\nTradicionalni za\u010dini naj\u010de\u0161\u0107e kori\u0161teni u na\u0161oj kuhinji su ru\u017emarin, lovor, bosiljak, koroma\u010d, kadulja, per\u0161in i crveni luk.<br \/>\nZa desert preporu\u010dujemo kola\u010d od skute.[\/vc_column_text][\/vc_column][\/vc_row][vc_row css=&#8221;.vc_custom_1542130174945{padding-bottom: 50px !important;}&#8221;][vc_column width=&#8221;1\/3&#8243;][vc_single_image image=&#8221;860&#8243; img_size=&#8221;full&#8221;][vc_column_text css=&#8221;.vc_custom_1544520922801{padding-top: 15px !important;}&#8221;]<\/p>\n<h4>Maslinovo ulje<\/h4>\n<p>Poljoprivrednici su posebno ponosni na doma\u0107e maslinovo ulje. Maslinarstvo na ovom dijelu otoka nije drevna djelatnost &#8211; nedavno je iznenada postalo popularno, a lokalni maslinari pomno prate trendove uzgoja maslina i proizvodnje maslinovog ulja \u0161to je rezultiralo formiranjem mladih maslinika.[\/vc_column_text][\/vc_column][vc_column width=&#8221;1\/3&#8243;][vc_single_image image=&#8221;861&#8243; img_size=&#8221;full&#8221;][vc_column_text css=&#8221;.vc_custom_1544520942710{padding-top: 15px !important;}&#8221;]<\/p>\n<h4>Samoniklo bilje<\/h4>\n<p>Ako posjetite Povljanu tijekom prolje\u0107a, imat \u0107ete priliku ku\u0161ati visoko cijenjene samonikle i divlje jestive biljke poput sparoge, koroma\u010da, divljeg luka i ukusne \u017eutenice koja salatama daje jedinstvenu blagu gor\u010dinu. Odmorite se opu\u0161tenom \u0161etnjom kroz krajolik i mo\u017eete se vratiti ku\u0107i s biljem za ukusnu ve\u010deru.[\/vc_column_text][\/vc_column][vc_column width=&#8221;1\/3&#8243;][vc_single_image image=&#8221;862&#8243; img_size=&#8221;full&#8221;][vc_column_text css=&#8221;.vc_custom_1544520958174{padding-top: 15px !important;}&#8221;]<\/p>\n<h4>Rakija<\/h4>\n<p>Od \u017eestokih pi\u0107a ovdje se od davnina proizvodi doma\u0107a rakija. Spravlja se od gro\u017e\u0111a uz dodavanje bilja u odre\u0111enim omjerima: koroma\u010da, timijana, smilja, lovora.[\/vc_column_text][\/vc_column][\/vc_row]<\/p>\n<\/div>","protected":false},"excerpt":{"rendered":"<p>[vc_row css=&#8221;.vc_custom_1542119010045{padding-top: 70px !important;padding-bottom: 50px !important;}&#8221;][vc_column][vc_column_text] Ponudu doma\u0107e kuhinje karakteriziraju vrhunska svojstva zdrave i jednostavne dalmatinske kuhinje. Na\u0161a kuhinja temelji se na svje\u017eoj ribi i plodovima mora koji se skoro&hellip;<\/p>\n","protected":false},"author":1,"featured_media":0,"parent":0,"menu_order":0,"comment_status":"closed","ping_status":"closed","template":"","meta":{"footnotes":""},"class_list":["post-1658","page","type-page","status-publish","hentry"],"yoast_head":"<!-- This site is optimized with the Yoast SEO plugin v27.1.1 - https:\/\/yoast.com\/product\/yoast-seo-wordpress\/ -->\n<title>Kuhinja | Povljana Tourist Board<\/title>\n<meta name=\"robots\" content=\"index, follow, max-snippet:-1, max-image-preview:large, max-video-preview:-1\" \/>\n<link rel=\"canonical\" href=\"https:\/\/visitpovljana.eu\/hr\/kuhinja\/\" \/>\n<meta property=\"og:locale\" content=\"hr_HR\" \/>\n<meta property=\"og:type\" content=\"article\" \/>\n<meta property=\"og:title\" content=\"Kuhinja | Povljana Tourist Board\" \/>\n<meta property=\"og:description\" content=\"[vc_row css=&#8221;.vc_custom_1542119010045{padding-top: 70px !important;padding-bottom: 50px !important;}&#8221;][vc_column][vc_column_text] Ponudu doma\u0107e kuhinje karakteriziraju vrhunska svojstva zdrave i jednostavne dalmatinske kuhinje. Na\u0161a kuhinja temelji se na svje\u017eoj ribi i plodovima mora koji se skoro&hellip;\" \/>\n<meta property=\"og:url\" content=\"https:\/\/visitpovljana.eu\/hr\/kuhinja\/\" \/>\n<meta property=\"og:site_name\" content=\"Povljana Tourist Board\" \/>\n<meta property=\"article:publisher\" content=\"https:\/\/www.facebook.com\/turistickazajednica.povljana.9\" \/>\n<meta property=\"article:modified_time\" content=\"2018-12-11T09:36:56+00:00\" \/>\n<meta name=\"twitter:card\" content=\"summary_large_image\" \/>\n<meta name=\"twitter:label1\" content=\"Procijenjeno vrijeme \u010ditanja\" \/>\n\t<meta name=\"twitter:data1\" content=\"3 minute\" \/>\n<script type=\"application\/ld+json\" class=\"yoast-schema-graph\">{\"@context\":\"https:\/\/schema.org\",\"@graph\":[{\"@type\":\"WebPage\",\"@id\":\"https:\/\/visitpovljana.eu\/hr\/kuhinja\/\",\"url\":\"https:\/\/visitpovljana.eu\/hr\/kuhinja\/\",\"name\":\"Kuhinja | Povljana Tourist Board\",\"isPartOf\":{\"@id\":\"https:\/\/visitpovljana.eu\/#website\"},\"datePublished\":\"2018-12-11T09:35:57+00:00\",\"dateModified\":\"2018-12-11T09:36:56+00:00\",\"breadcrumb\":{\"@id\":\"https:\/\/visitpovljana.eu\/hr\/kuhinja\/#breadcrumb\"},\"inLanguage\":\"hr\",\"potentialAction\":[{\"@type\":\"ReadAction\",\"target\":[\"https:\/\/visitpovljana.eu\/hr\/kuhinja\/\"]}]},{\"@type\":\"BreadcrumbList\",\"@id\":\"https:\/\/visitpovljana.eu\/hr\/kuhinja\/#breadcrumb\",\"itemListElement\":[{\"@type\":\"ListItem\",\"position\":1,\"name\":\"Naslovnica\",\"item\":\"https:\/\/visitpovljana.eu\/hr\/\"},{\"@type\":\"ListItem\",\"position\":2,\"name\":\"Kuhinja\"}]},{\"@type\":\"WebSite\",\"@id\":\"https:\/\/visitpovljana.eu\/#website\",\"url\":\"https:\/\/visitpovljana.eu\/\",\"name\":\"Povljana Tourist Board\",\"description\":\"Official Website for Povljana Tourist Board\",\"publisher\":{\"@id\":\"https:\/\/visitpovljana.eu\/#organization\"},\"potentialAction\":[{\"@type\":\"SearchAction\",\"target\":{\"@type\":\"EntryPoint\",\"urlTemplate\":\"https:\/\/visitpovljana.eu\/?s={search_term_string}\"},\"query-input\":{\"@type\":\"PropertyValueSpecification\",\"valueRequired\":true,\"valueName\":\"search_term_string\"}}],\"inLanguage\":\"hr\"},{\"@type\":\"Organization\",\"@id\":\"https:\/\/visitpovljana.eu\/#organization\",\"name\":\"Povljana Tourist Board\",\"url\":\"https:\/\/visitpovljana.eu\/\",\"logo\":{\"@type\":\"ImageObject\",\"inLanguage\":\"hr\",\"@id\":\"https:\/\/visitpovljana.eu\/#\/schema\/logo\/image\/\",\"url\":\"https:\/\/visitpovljana.eu\/wp-content\/uploads\/2018\/11\/logo.png\",\"contentUrl\":\"https:\/\/visitpovljana.eu\/wp-content\/uploads\/2018\/11\/logo.png\",\"width\":225,\"height\":53,\"caption\":\"Povljana Tourist Board\"},\"image\":{\"@id\":\"https:\/\/visitpovljana.eu\/#\/schema\/logo\/image\/\"},\"sameAs\":[\"https:\/\/www.facebook.com\/turistickazajednica.povljana.9\",\"https:\/\/www.instagram.com\/povljanatz\/\",\"https:\/\/www.youtube.com\/channel\/UCxdqlvStUxA6OnUy3WyOIyw\"]}]}<\/script>\n<!-- \/ Yoast SEO plugin. -->","yoast_head_json":{"title":"Kuhinja | Povljana Tourist Board","robots":{"index":"index","follow":"follow","max-snippet":"max-snippet:-1","max-image-preview":"max-image-preview:large","max-video-preview":"max-video-preview:-1"},"canonical":"https:\/\/visitpovljana.eu\/hr\/kuhinja\/","og_locale":"hr_HR","og_type":"article","og_title":"Kuhinja | Povljana Tourist Board","og_description":"[vc_row css=&#8221;.vc_custom_1542119010045{padding-top: 70px !important;padding-bottom: 50px !important;}&#8221;][vc_column][vc_column_text] Ponudu doma\u0107e kuhinje karakteriziraju vrhunska svojstva zdrave i jednostavne dalmatinske kuhinje. Na\u0161a kuhinja temelji se na svje\u017eoj ribi i plodovima mora koji se skoro&hellip;","og_url":"https:\/\/visitpovljana.eu\/hr\/kuhinja\/","og_site_name":"Povljana Tourist Board","article_publisher":"https:\/\/www.facebook.com\/turistickazajednica.povljana.9","article_modified_time":"2018-12-11T09:36:56+00:00","twitter_card":"summary_large_image","twitter_misc":{"Procijenjeno vrijeme \u010ditanja":"3 minute"},"schema":{"@context":"https:\/\/schema.org","@graph":[{"@type":"WebPage","@id":"https:\/\/visitpovljana.eu\/hr\/kuhinja\/","url":"https:\/\/visitpovljana.eu\/hr\/kuhinja\/","name":"Kuhinja | Povljana Tourist Board","isPartOf":{"@id":"https:\/\/visitpovljana.eu\/#website"},"datePublished":"2018-12-11T09:35:57+00:00","dateModified":"2018-12-11T09:36:56+00:00","breadcrumb":{"@id":"https:\/\/visitpovljana.eu\/hr\/kuhinja\/#breadcrumb"},"inLanguage":"hr","potentialAction":[{"@type":"ReadAction","target":["https:\/\/visitpovljana.eu\/hr\/kuhinja\/"]}]},{"@type":"BreadcrumbList","@id":"https:\/\/visitpovljana.eu\/hr\/kuhinja\/#breadcrumb","itemListElement":[{"@type":"ListItem","position":1,"name":"Naslovnica","item":"https:\/\/visitpovljana.eu\/hr\/"},{"@type":"ListItem","position":2,"name":"Kuhinja"}]},{"@type":"WebSite","@id":"https:\/\/visitpovljana.eu\/#website","url":"https:\/\/visitpovljana.eu\/","name":"Povljana Tourist Board","description":"Official Website for Povljana Tourist Board","publisher":{"@id":"https:\/\/visitpovljana.eu\/#organization"},"potentialAction":[{"@type":"SearchAction","target":{"@type":"EntryPoint","urlTemplate":"https:\/\/visitpovljana.eu\/?s={search_term_string}"},"query-input":{"@type":"PropertyValueSpecification","valueRequired":true,"valueName":"search_term_string"}}],"inLanguage":"hr"},{"@type":"Organization","@id":"https:\/\/visitpovljana.eu\/#organization","name":"Povljana Tourist Board","url":"https:\/\/visitpovljana.eu\/","logo":{"@type":"ImageObject","inLanguage":"hr","@id":"https:\/\/visitpovljana.eu\/#\/schema\/logo\/image\/","url":"https:\/\/visitpovljana.eu\/wp-content\/uploads\/2018\/11\/logo.png","contentUrl":"https:\/\/visitpovljana.eu\/wp-content\/uploads\/2018\/11\/logo.png","width":225,"height":53,"caption":"Povljana Tourist Board"},"image":{"@id":"https:\/\/visitpovljana.eu\/#\/schema\/logo\/image\/"},"sameAs":["https:\/\/www.facebook.com\/turistickazajednica.povljana.9","https:\/\/www.instagram.com\/povljanatz\/","https:\/\/www.youtube.com\/channel\/UCxdqlvStUxA6OnUy3WyOIyw"]}]}},"_links":{"self":[{"href":"https:\/\/visitpovljana.eu\/hr\/wp-json\/wp\/v2\/pages\/1658","targetHints":{"allow":["GET"]}}],"collection":[{"href":"https:\/\/visitpovljana.eu\/hr\/wp-json\/wp\/v2\/pages"}],"about":[{"href":"https:\/\/visitpovljana.eu\/hr\/wp-json\/wp\/v2\/types\/page"}],"author":[{"embeddable":true,"href":"https:\/\/visitpovljana.eu\/hr\/wp-json\/wp\/v2\/users\/1"}],"replies":[{"embeddable":true,"href":"https:\/\/visitpovljana.eu\/hr\/wp-json\/wp\/v2\/comments?post=1658"}],"version-history":[{"count":1,"href":"https:\/\/visitpovljana.eu\/hr\/wp-json\/wp\/v2\/pages\/1658\/revisions"}],"predecessor-version":[{"id":1665,"href":"https:\/\/visitpovljana.eu\/hr\/wp-json\/wp\/v2\/pages\/1658\/revisions\/1665"}],"wp:attachment":[{"href":"https:\/\/visitpovljana.eu\/hr\/wp-json\/wp\/v2\/media?parent=1658"}],"curies":[{"name":"wp","href":"https:\/\/api.w.org\/{rel}","templated":true}]}}