{"id":1648,"date":"2018-12-11T09:29:11","date_gmt":"2018-12-11T09:29:11","guid":{"rendered":"https:\/\/visitpovljana.eu\/?page_id=1648"},"modified":"2018-12-11T10:06:23","modified_gmt":"2018-12-11T10:06:23","slug":"enologija","status":"publish","type":"page","link":"https:\/\/visitpovljana.eu\/hr\/enologija\/","title":{"rendered":"Enologija"},"content":{"rendered":"<div class=\"wpb-content-wrapper\"><p>[vc_row css=&#8221;.vc_custom_1542108966379{padding-top: 70px !important;padding-bottom: 50px !important;}&#8221;][vc_column][vc_column_text]<\/p>\n<p style=\"text-align: center; font-size: 20px;\">Otok Pag je odavno povezan sa vinovom lozom, koja je uz uzgoj ovaca, ribarstva i proizvodnje soli najva\u017eniji izvor \u017eivota za njegove stanovnike. Uzgoj vinove loze na jadranskim otocima datira iz davnih vremena kada se, pod utjecajem Feni\u010dana i Grka,<br \/>\nvinova loza \u0161iri i raste.<\/p>\n<p>[\/vc_column_text][\/vc_column][\/vc_row][vc_row css=&#8221;.vc_custom_1542109896345{padding-top: 70px !important;padding-bottom: 50px !important;}&#8221;][vc_column width=&#8221;1\/3&#8243;][vc_single_image image=&#8221;841&#8243; img_size=&#8221;full&#8221;][vc_column_text css=&#8221;.vc_custom_1544520612370{padding-top: 15px !important;}&#8221;]<\/p>\n<h4>Cissa<\/h4>\n<p>Najstariji materijalni pokazatelji o vinogradarstvu i proizvodnji vina na otoku datiraju iz vremena Rimljana. Najnovija arheolo\u0161ka istra\u017eivanja na sjevernom dijelu otoka, u nekada\u0161njem gradu Cissa, su u moru otkrila amfore u kojima se \u010duvalo vino. Vinogradarstvo i proizvodnja vina o\u010duvali su se i u vremenima nakon klasi\u010dnog razdoblja.[\/vc_column_text][\/vc_column][vc_column width=&#8221;1\/3&#8243;][vc_single_image image=&#8221;824&#8243; img_size=&#8221;full&#8221;][vc_column_text css=&#8221;.vc_custom_1544520630725{padding-top: 15px !important;}&#8221;]<\/p>\n<h4>Grad Pag<\/h4>\n<p>Nakon bitke s Mongolima u 13. stolje\u0107u, kralj Ma\u0111arske, Bela IV, sklonio se na otok Pag, gdje su mu oto\u010dani iskazali gostoprimstvo. Kako bi im se odu\u017eio 30. o\u017eujka 1244., dodijelio je posebnom uredbom Pagu status slobodnog kraljevskog grada, te je naglasio da je zahvalan na hrani i vinu s kojim su ga doma\u0107ini ugostili.[\/vc_column_text][\/vc_column][vc_column width=&#8221;1\/3&#8243;][vc_single_image image=&#8221;839&#8243; img_size=&#8221;full&#8221;][vc_column_text css=&#8221;.vc_custom_1544520647896{padding-top: 15px !important;}&#8221;]<\/p>\n<h4>Srednji vijek<\/h4>\n<p>Tijekom srednjeg vijeka, oto\u010dki vinogradi su bili dijelom u vlasni\u0161tvu plemi\u0107a, a dijelom u vlasni\u0161tvu pu\u010dana. Uz solane i zemlju, vinogradi su tako\u0111er bili predmet naslije\u0111ivanja, kako to tuma\u010de stari zapisi zadarskih bilje\u017enika.[\/vc_column_text][\/vc_column][\/vc_row][vc_row css=&#8221;.vc_custom_1542109896345{padding-top: 70px !important;padding-bottom: 50px !important;}&#8221;][vc_column width=&#8221;1\/3&#8243;][vc_single_image image=&#8221;830&#8243; img_size=&#8221;full&#8221;][vc_column_text css=&#8221;.vc_custom_1544520681089{padding-top: 15px !important;}&#8221;]<\/p>\n<h4>Franjo I Habsbur\u0161ki<\/h4>\n<p>boravio je na Pagu sa svojom suprugom Carolinom dva dana tijekom 1817. godine. Poslije je u svom dnevniku napisao da je tijekom svojeg boravka bio po\u010da\u0161\u0107en izvrsnom hranom i vinom. Austro-ugarski car Franjo Josip tako\u0111er spominje vino koje je pio na Pagu tijekom svoj jednodnevnog posjeta otoku 1875. godine. Od tada vinogradarstvo na Pagu do\u017eivljava mnoge uspone i padove.[\/vc_column_text][\/vc_column][vc_column width=&#8221;1\/3&#8243;][vc_single_image image=&#8221;836&#8243; img_size=&#8221;full&#8221;][vc_column_text css=&#8221;.vc_custom_1544520691748{padding-top: 15px !important;}&#8221;]<\/p>\n<h4>&#8216;Pa\u0161ka \u017dutica&#8217;<\/h4>\n<p>Od davnih vremena Pag proizvodi bijelo vino iz nekoliko sorti koje zbog svoje boje i tradicionalne tehnologije zovu &#8220;Pa\u0161ka \u017dutica&#8221;. Glavni kultivar za proizvodnju ovog vina bio je Gegi\u0107, nositelj sorte na otoku, koji je bio znatno ra\u0161ireniji od drugih sorti.[\/vc_column_text][\/vc_column][vc_column width=&#8221;1\/3&#8243;][vc_single_image image=&#8221;834&#8243; img_size=&#8221;full&#8221;][vc_column_text css=&#8221;.vc_custom_1544520717532{padding-top: 15px !important;}&#8221;]<\/p>\n<h4>Gegi\u0107 i Trbijani<\/h4>\n<p>Prema istra\u017eivanju provedenom 1979. godine, bijele gro\u017e\u0111e na otoku zastupljeno je slijede\u0107im sortama: Gegi\u0107 52,6%, Trbijan 46,5%, Ostalo 0,9%.<\/p>\n<p>Dana\u0161nji uzgoj je ograni\u010den na Trbijan za veliku i redovitu plodnost, a Gegi\u0107 za &#8216;obnovu&#8217; kvalitete bijelih vina i Plavina za crne sorte.[\/vc_column_text][\/vc_column][\/vc_row]<\/p>\n<\/div>","protected":false},"excerpt":{"rendered":"<p>[vc_row css=&#8221;.vc_custom_1542108966379{padding-top: 70px !important;padding-bottom: 50px !important;}&#8221;][vc_column][vc_column_text] Otok Pag je odavno povezan sa vinovom lozom, koja je uz uzgoj ovaca, ribarstva i proizvodnje soli najva\u017eniji izvor \u017eivota za njegove stanovnike. Uzgoj&hellip;<\/p>\n","protected":false},"author":1,"featured_media":0,"parent":0,"menu_order":0,"comment_status":"closed","ping_status":"closed","template":"","meta":{"footnotes":""},"class_list":["post-1648","page","type-page","status-publish","hentry"],"yoast_head":"<!-- This site is optimized with the Yoast SEO plugin v27.1.1 - https:\/\/yoast.com\/product\/yoast-seo-wordpress\/ -->\n<title>Enologija | Povljana Tourist Board<\/title>\n<meta name=\"robots\" content=\"index, follow, max-snippet:-1, max-image-preview:large, max-video-preview:-1\" \/>\n<link rel=\"canonical\" href=\"https:\/\/visitpovljana.eu\/hr\/enologija\/\" \/>\n<meta property=\"og:locale\" content=\"hr_HR\" \/>\n<meta property=\"og:type\" content=\"article\" \/>\n<meta property=\"og:title\" content=\"Enologija | Povljana Tourist Board\" \/>\n<meta property=\"og:description\" content=\"[vc_row css=&#8221;.vc_custom_1542108966379{padding-top: 70px !important;padding-bottom: 50px !important;}&#8221;][vc_column][vc_column_text] Otok Pag je odavno povezan sa vinovom lozom, koja je uz uzgoj ovaca, ribarstva i proizvodnje soli najva\u017eniji izvor \u017eivota za njegove stanovnike. Uzgoj&hellip;\" \/>\n<meta property=\"og:url\" content=\"https:\/\/visitpovljana.eu\/hr\/enologija\/\" \/>\n<meta property=\"og:site_name\" content=\"Povljana Tourist Board\" \/>\n<meta property=\"article:publisher\" content=\"https:\/\/www.facebook.com\/turistickazajednica.povljana.9\" \/>\n<meta property=\"article:modified_time\" content=\"2018-12-11T10:06:23+00:00\" \/>\n<meta name=\"twitter:card\" content=\"summary_large_image\" \/>\n<meta name=\"twitter:label1\" content=\"Procijenjeno vrijeme \u010ditanja\" \/>\n\t<meta name=\"twitter:data1\" content=\"3 minute\" \/>\n<script type=\"application\/ld+json\" class=\"yoast-schema-graph\">{\"@context\":\"https:\/\/schema.org\",\"@graph\":[{\"@type\":\"WebPage\",\"@id\":\"https:\/\/visitpovljana.eu\/hr\/enologija\/\",\"url\":\"https:\/\/visitpovljana.eu\/hr\/enologija\/\",\"name\":\"Enologija | Povljana Tourist Board\",\"isPartOf\":{\"@id\":\"https:\/\/visitpovljana.eu\/#website\"},\"datePublished\":\"2018-12-11T09:29:11+00:00\",\"dateModified\":\"2018-12-11T10:06:23+00:00\",\"breadcrumb\":{\"@id\":\"https:\/\/visitpovljana.eu\/hr\/enologija\/#breadcrumb\"},\"inLanguage\":\"hr\",\"potentialAction\":[{\"@type\":\"ReadAction\",\"target\":[\"https:\/\/visitpovljana.eu\/hr\/enologija\/\"]}]},{\"@type\":\"BreadcrumbList\",\"@id\":\"https:\/\/visitpovljana.eu\/hr\/enologija\/#breadcrumb\",\"itemListElement\":[{\"@type\":\"ListItem\",\"position\":1,\"name\":\"Naslovnica\",\"item\":\"https:\/\/visitpovljana.eu\/hr\/\"},{\"@type\":\"ListItem\",\"position\":2,\"name\":\"Enologija\"}]},{\"@type\":\"WebSite\",\"@id\":\"https:\/\/visitpovljana.eu\/#website\",\"url\":\"https:\/\/visitpovljana.eu\/\",\"name\":\"Povljana Tourist Board\",\"description\":\"Official Website for Povljana Tourist Board\",\"publisher\":{\"@id\":\"https:\/\/visitpovljana.eu\/#organization\"},\"potentialAction\":[{\"@type\":\"SearchAction\",\"target\":{\"@type\":\"EntryPoint\",\"urlTemplate\":\"https:\/\/visitpovljana.eu\/?s={search_term_string}\"},\"query-input\":{\"@type\":\"PropertyValueSpecification\",\"valueRequired\":true,\"valueName\":\"search_term_string\"}}],\"inLanguage\":\"hr\"},{\"@type\":\"Organization\",\"@id\":\"https:\/\/visitpovljana.eu\/#organization\",\"name\":\"Povljana Tourist Board\",\"url\":\"https:\/\/visitpovljana.eu\/\",\"logo\":{\"@type\":\"ImageObject\",\"inLanguage\":\"hr\",\"@id\":\"https:\/\/visitpovljana.eu\/#\/schema\/logo\/image\/\",\"url\":\"https:\/\/visitpovljana.eu\/wp-content\/uploads\/2018\/11\/logo.png\",\"contentUrl\":\"https:\/\/visitpovljana.eu\/wp-content\/uploads\/2018\/11\/logo.png\",\"width\":225,\"height\":53,\"caption\":\"Povljana Tourist Board\"},\"image\":{\"@id\":\"https:\/\/visitpovljana.eu\/#\/schema\/logo\/image\/\"},\"sameAs\":[\"https:\/\/www.facebook.com\/turistickazajednica.povljana.9\",\"https:\/\/www.instagram.com\/povljanatz\/\",\"https:\/\/www.youtube.com\/channel\/UCxdqlvStUxA6OnUy3WyOIyw\"]}]}<\/script>\n<!-- \/ Yoast SEO plugin. -->","yoast_head_json":{"title":"Enologija | Povljana Tourist Board","robots":{"index":"index","follow":"follow","max-snippet":"max-snippet:-1","max-image-preview":"max-image-preview:large","max-video-preview":"max-video-preview:-1"},"canonical":"https:\/\/visitpovljana.eu\/hr\/enologija\/","og_locale":"hr_HR","og_type":"article","og_title":"Enologija | Povljana Tourist Board","og_description":"[vc_row css=&#8221;.vc_custom_1542108966379{padding-top: 70px !important;padding-bottom: 50px !important;}&#8221;][vc_column][vc_column_text] Otok Pag je odavno povezan sa vinovom lozom, koja je uz uzgoj ovaca, ribarstva i proizvodnje soli najva\u017eniji izvor \u017eivota za njegove stanovnike. Uzgoj&hellip;","og_url":"https:\/\/visitpovljana.eu\/hr\/enologija\/","og_site_name":"Povljana Tourist Board","article_publisher":"https:\/\/www.facebook.com\/turistickazajednica.povljana.9","article_modified_time":"2018-12-11T10:06:23+00:00","twitter_card":"summary_large_image","twitter_misc":{"Procijenjeno vrijeme \u010ditanja":"3 minute"},"schema":{"@context":"https:\/\/schema.org","@graph":[{"@type":"WebPage","@id":"https:\/\/visitpovljana.eu\/hr\/enologija\/","url":"https:\/\/visitpovljana.eu\/hr\/enologija\/","name":"Enologija | Povljana Tourist Board","isPartOf":{"@id":"https:\/\/visitpovljana.eu\/#website"},"datePublished":"2018-12-11T09:29:11+00:00","dateModified":"2018-12-11T10:06:23+00:00","breadcrumb":{"@id":"https:\/\/visitpovljana.eu\/hr\/enologija\/#breadcrumb"},"inLanguage":"hr","potentialAction":[{"@type":"ReadAction","target":["https:\/\/visitpovljana.eu\/hr\/enologija\/"]}]},{"@type":"BreadcrumbList","@id":"https:\/\/visitpovljana.eu\/hr\/enologija\/#breadcrumb","itemListElement":[{"@type":"ListItem","position":1,"name":"Naslovnica","item":"https:\/\/visitpovljana.eu\/hr\/"},{"@type":"ListItem","position":2,"name":"Enologija"}]},{"@type":"WebSite","@id":"https:\/\/visitpovljana.eu\/#website","url":"https:\/\/visitpovljana.eu\/","name":"Povljana Tourist Board","description":"Official Website for Povljana Tourist Board","publisher":{"@id":"https:\/\/visitpovljana.eu\/#organization"},"potentialAction":[{"@type":"SearchAction","target":{"@type":"EntryPoint","urlTemplate":"https:\/\/visitpovljana.eu\/?s={search_term_string}"},"query-input":{"@type":"PropertyValueSpecification","valueRequired":true,"valueName":"search_term_string"}}],"inLanguage":"hr"},{"@type":"Organization","@id":"https:\/\/visitpovljana.eu\/#organization","name":"Povljana Tourist Board","url":"https:\/\/visitpovljana.eu\/","logo":{"@type":"ImageObject","inLanguage":"hr","@id":"https:\/\/visitpovljana.eu\/#\/schema\/logo\/image\/","url":"https:\/\/visitpovljana.eu\/wp-content\/uploads\/2018\/11\/logo.png","contentUrl":"https:\/\/visitpovljana.eu\/wp-content\/uploads\/2018\/11\/logo.png","width":225,"height":53,"caption":"Povljana Tourist Board"},"image":{"@id":"https:\/\/visitpovljana.eu\/#\/schema\/logo\/image\/"},"sameAs":["https:\/\/www.facebook.com\/turistickazajednica.povljana.9","https:\/\/www.instagram.com\/povljanatz\/","https:\/\/www.youtube.com\/channel\/UCxdqlvStUxA6OnUy3WyOIyw"]}]}},"_links":{"self":[{"href":"https:\/\/visitpovljana.eu\/hr\/wp-json\/wp\/v2\/pages\/1648","targetHints":{"allow":["GET"]}}],"collection":[{"href":"https:\/\/visitpovljana.eu\/hr\/wp-json\/wp\/v2\/pages"}],"about":[{"href":"https:\/\/visitpovljana.eu\/hr\/wp-json\/wp\/v2\/types\/page"}],"author":[{"embeddable":true,"href":"https:\/\/visitpovljana.eu\/hr\/wp-json\/wp\/v2\/users\/1"}],"replies":[{"embeddable":true,"href":"https:\/\/visitpovljana.eu\/hr\/wp-json\/wp\/v2\/comments?post=1648"}],"version-history":[{"count":5,"href":"https:\/\/visitpovljana.eu\/hr\/wp-json\/wp\/v2\/pages\/1648\/revisions"}],"predecessor-version":[{"id":1677,"href":"https:\/\/visitpovljana.eu\/hr\/wp-json\/wp\/v2\/pages\/1648\/revisions\/1677"}],"wp:attachment":[{"href":"https:\/\/visitpovljana.eu\/hr\/wp-json\/wp\/v2\/media?parent=1648"}],"curies":[{"name":"wp","href":"https:\/\/api.w.org\/{rel}","templated":true}]}}