{"id":1619,"date":"2018-12-10T12:12:25","date_gmt":"2018-12-10T12:12:25","guid":{"rendered":"https:\/\/visitpovljana.eu\/?page_id=1619"},"modified":"2018-12-11T09:27:44","modified_gmt":"2018-12-11T09:27:44","slug":"izleti-po-otoku","status":"publish","type":"page","link":"https:\/\/visitpovljana.eu\/hr\/izleti-po-otoku\/","title":{"rendered":"Izleti po otoku"},"content":{"rendered":"<div class=\"wpb-content-wrapper\"><p>[vc_row css=&#8221;.vc_custom_1542194366003{padding-top: 70px !important;padding-bottom: 50px !important;}&#8221;][vc_column width=&#8221;1\/3&#8243;][vc_single_image image=&#8221;891&#8243; img_size=&#8221;full&#8221;][vc_column_text css=&#8221;.vc_custom_1544444039745{padding-top: 15px !important;}&#8221;]<\/p>\n<h4>Veliko Blato<\/h4>\n<p>Veliko blato se nalazi 2 km udaljeno od Povljane asfaltiranom cestom na cesti Povljana \u2013 Vla\u0161i\u0107i. Veliko (i Malo blato) je za\u0161ti\u0107eni ornitolo\u0161ki rezervat. Ovo je jedno od malobrojnih mo\u010dvarnih mjesta u Europi gdje ptice zastaju u preletu preko Europe prema jugu. U jezeru tako\u0111er obitavaju slatkovodne ribe. Jezero Veliko blato je nekada bilo jedno od prvih ribogojili\u0161ta u Europi, u vlasni\u0161tvu obitelji Ko\u0161\u0107ina.<br \/>\n[\/vc_column_text][\/vc_column][vc_column width=&#8221;1\/3&#8243;][vc_single_image image=&#8221;893&#8243; img_size=&#8221;full&#8221;][vc_column_text css=&#8221;.vc_custom_1544444051648{padding-top: 15px !important;}&#8221;]<\/p>\n<h4>Malo Blato<\/h4>\n<p>Malo blato je udaljeno 2 km od Povljane u podru\u010djuu zvanom Mlinica (nazvano po mlinu koji je nekada tamo postojao a \u010dije se ru\u0161evine i sada vide). Pristup je jednostavan glavnom cestom Povljana \u2013 Pag. Ova lokacija je udaljena oko 10 km od grada Paga. Jezero je progla\u0161eno ornitolo\u0161kim rezervatom jo\u0161 ranih 90-ih godina pro\u0161log stolje\u0107a (kao i Veliko blato).[\/vc_column_text][\/vc_column][vc_column width=&#8221;1\/3&#8243;][vc_single_image image=&#8221;973&#8243; img_size=&#8221;full&#8221;][vc_column_text css=&#8221;.vc_custom_1544444074050{padding-top: 15px !important;}&#8221;]<\/p>\n<h4>Uvala Stara Povljana<\/h4>\n<p>U ovoj uvali nalaze se brojne pje\u0161\u010dane pla\u017eice, sa ne\u0161to kamenitijim ju\u017enim dijelom te sjevernim dijelom koji obiluje pje\u0161\u010danim pla\u017eama, kamenjarom i zemljanim stazama koji vode do malog jezerca, prema jo\u0161 ljep\u0161im pla\u017eama i na kraju, u Pustograd, prekrasno lijepu uvalu. Ovdje zavr\u0161ava pristupa\u010dan dio uz more jer iza toga slijedi okomita stijena koja onemogu\u0107ava pristup uz more.[\/vc_column_text][\/vc_column][\/vc_row][vc_row css=&#8221;.vc_custom_1542194366003{padding-top: 70px !important;padding-bottom: 50px !important;}&#8221;][vc_column width=&#8221;1\/3&#8243;][vc_single_image image=&#8221;970&#8243; img_size=&#8221;full&#8221;][vc_column_text css=&#8221;.vc_custom_1544444095349{padding-top: 15px !important;}&#8221;]<\/p>\n<h4>Crkva sv. Martina<\/h4>\n<p>Do crkve se do\u0111e asfaltnom cestom preko polja. Kod kapelice skrenite desno i 200 m kasnije, zemljani put vas vodi prema crkvi (postoje oznake za turiste). Crkva je prvi put bila spomenuta u oporuci Di\u017eislava Radogosti\u0107a Vu\u010de na dan 13.02.1335. godine. Nedavno je potpuno restaurirana i tako privremeno sa\u010duvana od propadanja a ova crkva je jedinstveno va\u017ean spomenik na\u0161e srednjovjekovne arhitekture. Ispred ove crkve pravokutnog oblika sa polukru\u017enom apsidom je manje dvori\u0161te ogra\u0111eno zidom.[\/vc_column_text][\/vc_column][vc_column width=&#8221;1\/3&#8243;][vc_single_image image=&#8221;971&#8243; img_size=&#8221;full&#8221;][vc_column_text css=&#8221;.vc_custom_1544444125823{padding-top: 15px !important;}&#8221;]<\/p>\n<h4>Crkva sv. Nikole<\/h4>\n<p>Oko 1 km jugozapadno od centra Povljane, pokraj pla\u017ee Perilo, nalazi se va\u017ean spomenik Hrvatske arhitekture, crkva Sv. Nikole. Crkva je sagra\u0111ena jo\u0161 u 9. stolje\u0107u, me\u0111utim na temeljima jo\u0161 starijeg objekta. Od 1990. godine vo\u0111ena su arheolo\u0161ka istra\u017eivanja i nakon toga, crkva je konzervirana. Dvori\u0161te crkve je ogra\u0111eno visokim kamenim zidom unutar kojeg se nalazi staro groblje.<br \/>\n[\/vc_column_text][\/vc_column][vc_column width=&#8221;1\/3&#8243;][vc_single_image image=&#8221;976&#8243; img_size=&#8221;full&#8221;][vc_column_text css=&#8221;.vc_custom_1544444145565{padding-top: 15px !important;}&#8221;]<\/p>\n<h4>Ljekovito blato &#8220;Segal&#8221;<\/h4>\n<p>Zapadno od Povljane, uz pla\u017eu Dubrovnik, postoji jezerce sa ljekovitim peloidnim sedimentom koje se zove &#8221;Segal&#8221;. Ispred jezera je more a iza je \u0161uma sa pje\u0161a\u010dkim stazama. Ako ste te sre\u0107e, mo\u017eda ugledate prekrasne bijele labudove kako klize po mirnoj povr\u0161ini jezera.[\/vc_column_text][\/vc_column][\/vc_row][vc_row css=&#8221;.vc_custom_1542194366003{padding-top: 70px !important;padding-bottom: 50px !important;}&#8221;][vc_column width=&#8221;1\/3&#8243;][vc_single_image image=&#8221;1161&#8243; img_size=&#8221;full&#8221;][vc_column_text css=&#8221;.vc_custom_1544444157618{padding-top: 15px !important;}&#8221;]<\/p>\n<h4>Fortica<\/h4>\n<p>Blizu pa\u0161kog mosta, na isto\u010dnom rubu otoka su ostaci nekada\u0161nje utvrde. Nekada je to bila lokacija za patrolu i nadzor brodskog prometa. Prema kazivanju legende, stanovnici otoka su sa utvrde vidjeli ugarsko-hrvatskog kralja Belu IV u bijegu od Mongola. Tu je na otoku dobio uto\u010di\u0161te nakon \u0161to su mu Pa\u017eani dali gostoprimstvo. Fortica je smje\u0161tena u specifi\u010dnom krajoliku: o\u0161tre stijene i predio koji sli\u010di mjese\u010devom pejza\u017eu. Odavde se \u0161pru\u017ea prekrasan pogled na Ljuba\u010dka vrata i Virsko more.[\/vc_column_text][\/vc_column][vc_column width=&#8221;1\/3&#8243;][vc_single_image image=&#8221;1163&#8243; img_size=&#8221;full&#8221;][vc_column_text css=&#8221;.vc_custom_1544444177497{padding-top: 15px !important;}&#8221;]<\/p>\n<h4>Stari grad Pag<\/h4>\n<p>Stari grad Pag je udaljen oko 1 km od centra dana\u0161njeg grada. Takozvani stari grad je nekada bio veliki i bogat grad, utvr\u0111en sna\u017enim zidinama. Naselje Ko\u0161ljun, na zapadu preko brda je bilo njegova luka. Glavna djelatnost od koje je \u017eivio grad je bila eksploatacija soli. Brojni su ostaci ku\u0107a i zidova, cesta i kula u Starom gradu. Ipak, najo\u010duvaniji su dijelovi franjeva\u010dkog samostana i romani\u010dka crkva Svete Marije. Crkva je prvi puta spomenuta 1192. godine.[\/vc_column_text][\/vc_column][vc_column width=&#8221;1\/3&#8243;][vc_single_image image=&#8221;980&#8243; img_size=&#8221;full&#8221;][vc_column_text css=&#8221;.vc_custom_1544444187556{padding-top: 15px !important;}&#8221;]<\/p>\n<h4>Vidikovac<\/h4>\n<p>Uz cestu od Povljane prema rtu Prutna nakon \u0161to pro\u0111ete kroz polje sa va\u0161e desne strane je lokacija Vidikovac. Sa ovog platoa pru\u017ea se prekrasan pogled na mjesto i okolicu. [\/vc_column_text][\/vc_column][\/vc_row][vc_row css=&#8221;.vc_custom_1542194366003{padding-top: 70px !important;padding-bottom: 50px !important;}&#8221;][vc_column width=&#8221;1\/3&#8243;][vc_single_image image=&#8221;1042&#8243; img_size=&#8221;full&#8221;][vc_column_text css=&#8221;.vc_custom_1544444216031{padding-top: 15px !important;}&#8221;]<\/p>\n<h4>Crkva sv. Jurja<\/h4>\n<p>Nestankom naselja u uvali Stara Povljana u 17. stolje\u0107u, novi stanovnici Povljane postajali su dotada\u0161nji stanovnici grada Paga. U to vrijeme je dotada\u0161nja crkva Svetog Nikole Benediktinca preimenovana u crkvu Svetog Jurja (1665.), po svecu za\u0161titniku grada Paga i postala je \u017eupna crkva. Do tada je to bila crkva Sv. Martina.[\/vc_column_text][\/vc_column][vc_column width=&#8221;1\/3&#8243;][vc_single_image image=&#8221;1165&#8243; img_size=&#8221;full&#8221;][vc_column_text css=&#8221;.vc_custom_1544444232873{padding-top: 15px !important;}&#8221;]<\/p>\n<h4>Uvala Slana<\/h4>\n<p>Uvala Slana je dostupna \u010damcem ili pje\u0161ke iz pravca Barbati. Nalazi se na sjeverozapadnom dijelu otoka Paga, na samom rubu pa\u0161kih vrata, \u0161to je prakti\u010dki mjesto ulaska u pa\u0161ku uvalu iz pravca Velebita. Slana se sastoji od prekrasnih pje\u0161\u010danih pla\u017ea. Posebno je dojmljiv vizualni do\u017eivljaj ravne i gole litice koja se okomito uzdi\u017ee iz mora. Ovo je tako\u0111er lokacija pogodna za ribolov.[\/vc_column_text][\/vc_column][vc_column width=&#8221;1\/3&#8243;][vc_single_image image=&#8221;984&#8243; img_size=&#8221;full&#8221;][vc_column_text css=&#8221;.vc_custom_1544444250224{padding-top: 15px !important;}&#8221;]<\/p>\n<h4>Sveti Duh<\/h4>\n<p>Pla\u017ea Sveti Duh je udaljena od Paga 5,5 nauti\u010dkih milja (brodom) ili 15 km (cestom). Ovo je nevjerojatno tiha zona sa prostranim livadama i izdu\u017eenim pla\u017eama. Morsko dno se sastoji od finog pjeska a na pla\u017ei ima nekoliko izvora vode. [\/vc_column_text][\/vc_column][\/vc_row][vc_row css=&#8221;.vc_custom_1542194366003{padding-top: 70px !important;padding-bottom: 50px !important;}&#8221;][vc_column width=&#8221;1\/3&#8243;][vc_single_image image=&#8221;988&#8243; img_size=&#8221;full&#8221;][vc_column_text css=&#8221;.vc_custom_1544444268384{padding-top: 15px !important;}&#8221;]<\/p>\n<h4>Sveti Vid<\/h4>\n<p>Vrh Sveti Vid (342 m) je najvi\u0161a to\u010dka na otoku. Sa nje se pru\u017ea prekrasan pogled na otok i okolicu. Lokacija je smje\u0161tena malo zapadnije od grada Paga. Jedna od lokacija sa koje se popnete na Sveti Vid je iz \u0161ume Dubrava. Uz stazu postoje znakovi. Druga lokacija sa koje je ne\u0161to bla\u017ei uspon je iz pravca mjesta \u0160imuni.[\/vc_column_text][\/vc_column][vc_column width=&#8221;1\/3&#8243;][vc_single_image image=&#8221;989&#8243; img_size=&#8221;full&#8221;][vc_column_text css=&#8221;.vc_custom_1542286075540{padding-top: 15px !important;}&#8221;]<\/p>\n<h4>Blato Rogoza<\/h4>\n<p>Blato Rogoza is located near the village Kolan, on the western part of the island. It has been declared an ornithological reserve of protected wading birds, as well.[\/vc_column_text][\/vc_column][vc_column width=&#8221;1\/3&#8243;][vc_single_image image=&#8221;990&#8243; img_size=&#8221;full&#8221;][vc_column_text css=&#8221;.vc_custom_1544444352176{padding-top: 15px !important;}&#8221;]<\/p>\n<h4>\u0160estakovci<\/h4>\n<p>\u0160estakovci na sjeveru otoka su grupa kamenih litica okrenuta prema Velebitu. Do njih se mo\u017ee sti\u0107i jedino \u010damcem (brodom). Udaljene su 6 nauti\u010dkih milja od luke u Pagu. Blizu \u0160estakovci nalazi se lijepa pla\u017ea sa &#8221;debelom&#8221; hladovinom i improvizirana lu\u010dica za manje brodi\u0107e za slu\u010daj nevremena. Obli\u017enje uvale su pogodne za ribolov. [\/vc_column_text][\/vc_column][\/vc_row][vc_row css=&#8221;.vc_custom_1542194366003{padding-top: 70px !important;padding-bottom: 50px !important;}&#8221;][vc_column width=&#8221;1\/3&#8243;][vc_single_image image=&#8221;1627&#8243; img_size=&#8221;full&#8221;][vc_column_text css=&#8221;.vc_custom_1544520455020{padding-top: 15px !important;}&#8221;]<\/p>\n<h4>Vina otoka Paga<\/h4>\n<p>Tvrtka \u201eVina otoka Paga\u201c danas ba\u0161tini vi\u0161e od dvije tisu\u0107e godina staru tradiciju proizvodnje gro\u017e\u0111a i vina na otoku Pagu. Do dana\u0161njeg dana revitalizirali su pa\u0161ku sortu Gegi\u0107 od koje proizvode kvalitetno vino. U sklopu vinarije koja se nalazi na devetom kilometru ceste od Povljane prema Pagu postoji prostor za degustaciju i prodaju vina kapaciteta pedeset osoba. Za grupe nude degustacije vina i pa\u0161kog sira uz stru\u010dno vodstvo enologa.[\/vc_column_text][\/vc_column][vc_column width=&#8221;1\/3&#8243;][vc_single_image image=&#8221;1170&#8243; img_size=&#8221;full&#8221;][vc_column_text css=&#8221;.vc_custom_1544444289912{padding-top: 15px !important;}&#8221;]<\/p>\n<h4>Pa\u0161ki trokut<\/h4>\n<p>Pa\u0161ki trokut je ime kojim se naziva neobi\u010dan otisak u kamenjaru, otkriven na bre\u017euljku Tusto \u010celo, u svibnju 1999.g. To je lokacija nedaleko trajektnog pristani\u0161ta Prizna- \u017digljen ali je bolji pristup lokaciji sjeverno od mjesta Zubovi\u0107i. To je fenomen koji privla\u010di zaljubljenike i istra\u017eiva\u010de alternatrivne povijesti i istra\u017eiva\u010de NLO. Geolo\u0161ka istra\u017eivanja su pokazala da su stijene unutar trokuta sjajnije od onih izvan i nakon \u0161to su izlo\u017eena UV zrakama emitiraju crvenu boju. Upravo ta crvena boja koju one emitiraju je dokaz da je taj prostor unutar trokuta bio toplinski tretiran. Pretpostavlja se da je ovaj otisak nastao prije oko 12000 godina. Od njegova pronalaska do danas je vi\u0161e od 30.000 ljudi posjetilo ovou lokaciju.[\/vc_column_text][\/vc_column][vc_column width=&#8221;1\/3&#8243;][vc_single_image image=&#8221;992&#8243; img_size=&#8221;full&#8221;][vc_column_text css=&#8221;.vc_custom_1544444312676{padding-top: 15px !important;}&#8221;]<\/p>\n<h4>Jedrenje po uvali<\/h4>\n<p>Poznati putopisac Alberto Fortis nazvao je pa\u0161ku uvalu morkim jezerom upravo zbog neobi\u010dnog oblika. Uvala ima samo jedan otvoren kraj, prema velebitskom kanalu. Pokriva podru\u010dje veli\u010dine 27 km2, okru\u017eeno sa 27 km pje\u0161\u010danih pla\u017ea. Obi\u0107i uvalu brodom zna\u010di svjedo\u010diti iznimnoj ljepoti ali i daje neke detalje o povijesti Paga. Izlet brodom po\u010dinje u luci Mandra\u010d u Pagu, staroj luci izgra\u0111enoj zbog trgova\u010dkih brodova u 15. stolje\u0107u.[\/vc_column_text][\/vc_column][\/vc_row][vc_row][vc_column width=&#8221;1\/3&#8243;][vc_single_image image=&#8221;1517&#8243; img_size=&#8221;full&#8221;][vc_column_text css=&#8221;.vc_custom_1544444387388{padding-top: 15px !important;}&#8221;]<\/p>\n<h4>Muzej Benediktinskog samostana<\/h4>\n<p>Svaki posjetitelj otoka bi trebao posjetiti ovu izlo\u017ebu jer ona predstavlja materijalno i nematerijalno kulturno blago koje je ve\u0107 preko 700 godina prikupljano i \u010duvano od strane sestara benediktinskog samostana. U produ\u017eetku muzeja, u maloj trgovini mo\u017eete kupiti neke od delikatesa koje ne\u0107ete mo\u0107i sigurno nigdje drugdje na\u0107i: ba\u0161kotin- pe\u010deni slatki kruh, pa\u0161ka \u0161trika- delikatesa sa orasima i bademima, liker i pa\u0161ku \u010dipku.[\/vc_column_text][\/vc_column][vc_column width=&#8221;1\/3&#8243;][vc_single_image image=&#8221;1616&#8243; img_size=&#8221;full&#8221;][vc_column_text css=&#8221;.vc_custom_1544444407301{padding-top: 15px !important;}&#8221;]<\/p>\n<h4>Pa\u0161ki sir<\/h4>\n<p>Kad boravite na Pagu, uvijek mo\u017eete posjetiti tvrtke koje se bave proizvodnjom pa\u0161kog sira. Najstarija je Pa\u0161ka Sirana, koja je po\u010dela sa radom 1946. godine. Pa\u0161ka Sirana je dobitnica nekoliko me\u0111unarodnih nagrada za kvalitetu sira. Tako\u0111er, u Kolanu postoje dvije obiteljske tvrtke koje se bave proizvodnjom sireva: Gligora i MIH. Ove tvrtke su tako\u0111er dobitnice vi\u0161e nagrada na natjecanjima diljem Europe i SAD-a. Svaka od ovih tvrtki ima trgovinu gdje mo\u017eete kupiti njihove proizvode.[\/vc_column_text][\/vc_column][vc_column width=&#8221;1\/3&#8243;][vc_single_image image=&#8221;1520&#8243; img_size=&#8221;full&#8221;][vc_column_text css=&#8221;.vc_custom_1544444430998{padding-top: 15px !important;}&#8221;]<\/p>\n<h4>Izlo\u017eba Pa\u0161ke \u010dipke<\/h4>\n<p>Tradicija izrade \u010dipke iglom se bri\u017eno \u010duvala u gradu Pagu stolje\u0107ima. Me\u0111u svim \u010dipkama na svijetu nastalih ovom tehnikom, najcjenjenija je Pa\u0161ka \u010dipka i kao takva je registrirana na listi UNESCO svjetske ba\u0161tine. Kamena zgrada Kne\u017eeve pala\u010de je dom ove izlo\u017ebe gdje su izlo\u017eene stare fotografije \u010dipkarica i nihovih prekrasnih \u010dipki.[\/vc_column_text][\/vc_column][\/vc_row][vc_row css=&#8221;.vc_custom_1543933597343{padding-top: 50px !important;}&#8221;][vc_column width=&#8221;1\/3&#8243;][vc_single_image image=&#8221;1523&#8243; img_size=&#8221;full&#8221;][vc_column_text css=&#8221;.vc_custom_1544444446033{padding-top: 15px !important;}&#8221;]<\/p>\n<h4>Muzej soli<\/h4>\n<p>Odmah do mosta u centru grada, u nekada\u0161njem skladi\u0161tu soli nalazi se interesantan muzej. To je muzej soli gdje mo\u017eete vidjeti alate i pomagala koja su upotrebljavana za proizvodnju i transport soli u pro\u0161losti.[\/vc_column_text][\/vc_column][vc_column width=&#8221;1\/3&#8243;][vc_single_image image=&#8221;1526&#8243; img_size=&#8221;full&#8221;][vc_column_text css=&#8221;.vc_custom_1544444481424{padding-top: 15px !important;}&#8221;]<\/p>\n<h4>Botani\u010dki vrt u Lunu<\/h4>\n<p>Lun je poznat po maslinama koje ga okru\u017euju. Stabla maslina koja ovdje rastu su jako stara. Neka stabla maslina su divlja a od 1963. godine podru\u010dje je progla\u0161eno botani\u010dkim vrtom. Ovo je najbolje mjesto za kupiti kvalitetno doma\u0107e maslinovo ulje po pristupa\u010dnim cijenama.[\/vc_column_text][\/vc_column][vc_column width=&#8221;1\/3&#8243;][vc_single_image image=&#8221;1531&#8243; img_size=&#8221;full&#8221;][vc_column_text css=&#8221;.vc_custom_1544444525519{padding-top: 15px !important;}&#8221;]<\/p>\n<h4>Anti\u010dki akvadukt &#8211; gradski muzej Novalja<\/h4>\n<p>To je jedinstveni anti\u010dki akvadukt iz 1. stolje\u0107a n.e., dug 1,2 km. Ulaz u akvadukt je unutar gradskog muzeja. Osim toga, u muzeju su izlo\u017eeni brojni predmeti otkriveni u prostoru anti\u010dkog grada Cisse. [\/vc_column_text][\/vc_column][\/vc_row]<\/p>\n<\/div>","protected":false},"excerpt":{"rendered":"<p>[vc_row css=&#8221;.vc_custom_1542194366003{padding-top: 70px !important;padding-bottom: 50px !important;}&#8221;][vc_column width=&#8221;1\/3&#8243;][vc_single_image image=&#8221;891&#8243; img_size=&#8221;full&#8221;][vc_column_text css=&#8221;.vc_custom_1544444039745{padding-top: 15px !important;}&#8221;] Veliko Blato Veliko blato se nalazi 2 km udaljeno od Povljane asfaltiranom cestom na cesti Povljana \u2013 Vla\u0161i\u0107i.&hellip;<\/p>\n","protected":false},"author":1,"featured_media":0,"parent":0,"menu_order":0,"comment_status":"closed","ping_status":"closed","template":"","meta":{"footnotes":""},"class_list":["post-1619","page","type-page","status-publish","hentry"],"yoast_head":"<!-- This site is optimized with the Yoast SEO plugin v27.1.1 - https:\/\/yoast.com\/product\/yoast-seo-wordpress\/ -->\n<title>Izleti po otoku | Povljana Tourist Board<\/title>\n<meta name=\"description\" content=\"Ukoliko posje\u0107ujete Povljanu za vas smo spremili izlete po otoku koje \u0107e zadovoljiti sve gurmanske potrebe i omogu\u0107iti vam da vidite sve prirodne ljepote.\" \/>\n<meta name=\"robots\" content=\"index, follow, max-snippet:-1, max-image-preview:large, max-video-preview:-1\" \/>\n<link rel=\"canonical\" href=\"https:\/\/visitpovljana.eu\/hr\/izleti-po-otoku\/\" \/>\n<meta property=\"og:locale\" content=\"hr_HR\" \/>\n<meta property=\"og:type\" content=\"article\" \/>\n<meta property=\"og:title\" content=\"Izleti po otoku | Povljana Tourist Board\" \/>\n<meta property=\"og:description\" content=\"Ukoliko posje\u0107ujete Povljanu za vas smo spremili izlete po otoku koje \u0107e zadovoljiti sve gurmanske potrebe i omogu\u0107iti vam da vidite sve prirodne ljepote.\" \/>\n<meta property=\"og:url\" content=\"https:\/\/visitpovljana.eu\/hr\/izleti-po-otoku\/\" \/>\n<meta property=\"og:site_name\" content=\"Povljana Tourist Board\" \/>\n<meta property=\"article:publisher\" content=\"https:\/\/www.facebook.com\/turistickazajednica.povljana.9\" \/>\n<meta property=\"article:modified_time\" content=\"2018-12-11T09:27:44+00:00\" \/>\n<meta name=\"twitter:card\" content=\"summary_large_image\" \/>\n<meta name=\"twitter:label1\" content=\"Procijenjeno vrijeme \u010ditanja\" \/>\n\t<meta name=\"twitter:data1\" content=\"11 minuta\" \/>\n<script type=\"application\/ld+json\" class=\"yoast-schema-graph\">{\"@context\":\"https:\/\/schema.org\",\"@graph\":[{\"@type\":\"WebPage\",\"@id\":\"https:\/\/visitpovljana.eu\/hr\/izleti-po-otoku\/\",\"url\":\"https:\/\/visitpovljana.eu\/hr\/izleti-po-otoku\/\",\"name\":\"Izleti po otoku | Povljana Tourist Board\",\"isPartOf\":{\"@id\":\"https:\/\/visitpovljana.eu\/#website\"},\"datePublished\":\"2018-12-10T12:12:25+00:00\",\"dateModified\":\"2018-12-11T09:27:44+00:00\",\"description\":\"Ukoliko posje\u0107ujete Povljanu za vas smo spremili izlete po otoku koje \u0107e zadovoljiti sve gurmanske potrebe i omogu\u0107iti vam da vidite sve prirodne ljepote.\",\"breadcrumb\":{\"@id\":\"https:\/\/visitpovljana.eu\/hr\/izleti-po-otoku\/#breadcrumb\"},\"inLanguage\":\"hr\",\"potentialAction\":[{\"@type\":\"ReadAction\",\"target\":[\"https:\/\/visitpovljana.eu\/hr\/izleti-po-otoku\/\"]}]},{\"@type\":\"BreadcrumbList\",\"@id\":\"https:\/\/visitpovljana.eu\/hr\/izleti-po-otoku\/#breadcrumb\",\"itemListElement\":[{\"@type\":\"ListItem\",\"position\":1,\"name\":\"Naslovnica\",\"item\":\"https:\/\/visitpovljana.eu\/hr\/\"},{\"@type\":\"ListItem\",\"position\":2,\"name\":\"Izleti po otoku\"}]},{\"@type\":\"WebSite\",\"@id\":\"https:\/\/visitpovljana.eu\/#website\",\"url\":\"https:\/\/visitpovljana.eu\/\",\"name\":\"Povljana Tourist Board\",\"description\":\"Official Website for Povljana Tourist Board\",\"publisher\":{\"@id\":\"https:\/\/visitpovljana.eu\/#organization\"},\"potentialAction\":[{\"@type\":\"SearchAction\",\"target\":{\"@type\":\"EntryPoint\",\"urlTemplate\":\"https:\/\/visitpovljana.eu\/?s={search_term_string}\"},\"query-input\":{\"@type\":\"PropertyValueSpecification\",\"valueRequired\":true,\"valueName\":\"search_term_string\"}}],\"inLanguage\":\"hr\"},{\"@type\":\"Organization\",\"@id\":\"https:\/\/visitpovljana.eu\/#organization\",\"name\":\"Povljana Tourist Board\",\"url\":\"https:\/\/visitpovljana.eu\/\",\"logo\":{\"@type\":\"ImageObject\",\"inLanguage\":\"hr\",\"@id\":\"https:\/\/visitpovljana.eu\/#\/schema\/logo\/image\/\",\"url\":\"https:\/\/visitpovljana.eu\/wp-content\/uploads\/2018\/11\/logo.png\",\"contentUrl\":\"https:\/\/visitpovljana.eu\/wp-content\/uploads\/2018\/11\/logo.png\",\"width\":225,\"height\":53,\"caption\":\"Povljana Tourist Board\"},\"image\":{\"@id\":\"https:\/\/visitpovljana.eu\/#\/schema\/logo\/image\/\"},\"sameAs\":[\"https:\/\/www.facebook.com\/turistickazajednica.povljana.9\",\"https:\/\/www.instagram.com\/povljanatz\/\",\"https:\/\/www.youtube.com\/channel\/UCxdqlvStUxA6OnUy3WyOIyw\"]}]}<\/script>\n<!-- \/ Yoast SEO plugin. -->","yoast_head_json":{"title":"Izleti po otoku | Povljana Tourist Board","description":"Ukoliko posje\u0107ujete Povljanu za vas smo spremili izlete po otoku koje \u0107e zadovoljiti sve gurmanske potrebe i omogu\u0107iti vam da vidite sve prirodne ljepote.","robots":{"index":"index","follow":"follow","max-snippet":"max-snippet:-1","max-image-preview":"max-image-preview:large","max-video-preview":"max-video-preview:-1"},"canonical":"https:\/\/visitpovljana.eu\/hr\/izleti-po-otoku\/","og_locale":"hr_HR","og_type":"article","og_title":"Izleti po otoku | Povljana Tourist Board","og_description":"Ukoliko posje\u0107ujete Povljanu za vas smo spremili izlete po otoku koje \u0107e zadovoljiti sve gurmanske potrebe i omogu\u0107iti vam da vidite sve prirodne ljepote.","og_url":"https:\/\/visitpovljana.eu\/hr\/izleti-po-otoku\/","og_site_name":"Povljana Tourist Board","article_publisher":"https:\/\/www.facebook.com\/turistickazajednica.povljana.9","article_modified_time":"2018-12-11T09:27:44+00:00","twitter_card":"summary_large_image","twitter_misc":{"Procijenjeno vrijeme \u010ditanja":"11 minuta"},"schema":{"@context":"https:\/\/schema.org","@graph":[{"@type":"WebPage","@id":"https:\/\/visitpovljana.eu\/hr\/izleti-po-otoku\/","url":"https:\/\/visitpovljana.eu\/hr\/izleti-po-otoku\/","name":"Izleti po otoku | Povljana Tourist Board","isPartOf":{"@id":"https:\/\/visitpovljana.eu\/#website"},"datePublished":"2018-12-10T12:12:25+00:00","dateModified":"2018-12-11T09:27:44+00:00","description":"Ukoliko posje\u0107ujete Povljanu za vas smo spremili izlete po otoku koje \u0107e zadovoljiti sve gurmanske potrebe i omogu\u0107iti vam da vidite sve prirodne ljepote.","breadcrumb":{"@id":"https:\/\/visitpovljana.eu\/hr\/izleti-po-otoku\/#breadcrumb"},"inLanguage":"hr","potentialAction":[{"@type":"ReadAction","target":["https:\/\/visitpovljana.eu\/hr\/izleti-po-otoku\/"]}]},{"@type":"BreadcrumbList","@id":"https:\/\/visitpovljana.eu\/hr\/izleti-po-otoku\/#breadcrumb","itemListElement":[{"@type":"ListItem","position":1,"name":"Naslovnica","item":"https:\/\/visitpovljana.eu\/hr\/"},{"@type":"ListItem","position":2,"name":"Izleti po otoku"}]},{"@type":"WebSite","@id":"https:\/\/visitpovljana.eu\/#website","url":"https:\/\/visitpovljana.eu\/","name":"Povljana Tourist Board","description":"Official Website for Povljana Tourist Board","publisher":{"@id":"https:\/\/visitpovljana.eu\/#organization"},"potentialAction":[{"@type":"SearchAction","target":{"@type":"EntryPoint","urlTemplate":"https:\/\/visitpovljana.eu\/?s={search_term_string}"},"query-input":{"@type":"PropertyValueSpecification","valueRequired":true,"valueName":"search_term_string"}}],"inLanguage":"hr"},{"@type":"Organization","@id":"https:\/\/visitpovljana.eu\/#organization","name":"Povljana Tourist Board","url":"https:\/\/visitpovljana.eu\/","logo":{"@type":"ImageObject","inLanguage":"hr","@id":"https:\/\/visitpovljana.eu\/#\/schema\/logo\/image\/","url":"https:\/\/visitpovljana.eu\/wp-content\/uploads\/2018\/11\/logo.png","contentUrl":"https:\/\/visitpovljana.eu\/wp-content\/uploads\/2018\/11\/logo.png","width":225,"height":53,"caption":"Povljana Tourist Board"},"image":{"@id":"https:\/\/visitpovljana.eu\/#\/schema\/logo\/image\/"},"sameAs":["https:\/\/www.facebook.com\/turistickazajednica.povljana.9","https:\/\/www.instagram.com\/povljanatz\/","https:\/\/www.youtube.com\/channel\/UCxdqlvStUxA6OnUy3WyOIyw"]}]}},"_links":{"self":[{"href":"https:\/\/visitpovljana.eu\/hr\/wp-json\/wp\/v2\/pages\/1619","targetHints":{"allow":["GET"]}}],"collection":[{"href":"https:\/\/visitpovljana.eu\/hr\/wp-json\/wp\/v2\/pages"}],"about":[{"href":"https:\/\/visitpovljana.eu\/hr\/wp-json\/wp\/v2\/types\/page"}],"author":[{"embeddable":true,"href":"https:\/\/visitpovljana.eu\/hr\/wp-json\/wp\/v2\/users\/1"}],"replies":[{"embeddable":true,"href":"https:\/\/visitpovljana.eu\/hr\/wp-json\/wp\/v2\/comments?post=1619"}],"version-history":[{"count":6,"href":"https:\/\/visitpovljana.eu\/hr\/wp-json\/wp\/v2\/pages\/1619\/revisions"}],"predecessor-version":[{"id":1629,"href":"https:\/\/visitpovljana.eu\/hr\/wp-json\/wp\/v2\/pages\/1619\/revisions\/1629"}],"wp:attachment":[{"href":"https:\/\/visitpovljana.eu\/hr\/wp-json\/wp\/v2\/media?parent=1619"}],"curies":[{"name":"wp","href":"https:\/\/api.w.org\/{rel}","templated":true}]}}