{"id":1610,"date":"2018-12-06T15:02:35","date_gmt":"2018-12-06T15:02:35","guid":{"rendered":"https:\/\/visitpovljana.eu\/?page_id=1610"},"modified":"2018-12-06T15:06:30","modified_gmt":"2018-12-06T15:06:30","slug":"povljana-biciklisticke-staze","status":"publish","type":"page","link":"https:\/\/visitpovljana.eu\/hr\/povljana-biciklisticke-staze\/","title":{"rendered":"Povljana Biciklisti\u010dke staze"},"content":{"rendered":"<div class=\"wpb-content-wrapper\"><p>[vc_row css=&#8221;.vc_custom_1542199323636{padding-top: 70px !important;padding-bottom: 50px !important;}&#8221;][vc_column][vc_column_text]<\/p>\n<p>Od ukupno 14 biciklisti\u010dkih staza koja prolaze kroz otok Pag, na terenu Op\u0107ine Povljana nalaze se 4 staze. Turisti\u010dka zajednica Zadarske \u017eupanije u suradnji s turisti\u010dkim zajednicama otoka Paga pripremila je za vas drage goste, mape pa\u0161kih biciklisti\u010dkih staza. Dnevni rekreativni biciklisti, sporta\u0161i i drugi, dobrodo\u0161li ste posjetiti na\u0161u Turisti\u010dku zajednicu Povljana i imati va\u0161u kopiju karte. U\u017eivajte u stazama!<\/p>\n<p>[\/vc_column_text][\/vc_column][\/vc_row][vc_row css=&#8221;.vc_custom_1542199408330{padding-top: 70px !important;padding-bottom: 50px !important;}&#8221;][vc_column width=&#8221;1\/2&#8243;][vc_video link=&#8221;https:\/\/www.youtube.com\/watch?v=F3YVshQoe_I&#8221;][\/vc_column][vc_column width=&#8221;1\/2&#8243;][vc_column_text css=&#8221;.vc_custom_1544108491876{padding-bottom: 10px !important;}&#8221;]<br \/>\nStaza &#8216;Rt Dubrovnik&#8217;<\/p>\n<p>Gdje naselje Dubrovnik zavr\u0161ava po\u010dinje prvi dio staze. Staza vodi kroz \u0161umarak uz jezerce &#8221;Segal&#8221; i dalje nastavlja kroz kr\u0161no podru\u010dje prema sjevero- istoku. Cijelim putem je staza prekrivena o\u0161trim kamenjem. S vrha staze pru\u017ea se prekrasan pogled na zaljev Ko\u0161ljun s lijeve strane. Bez obzira koliko je ova staza bila te\u0161ka, nije preduga. Za svaki slu\u010daj, sa sobom morate ponijeti rezervne zra\u010dnice jer o\u0161tro kamenje i trnje mogu lako probu\u0161iti gumu. Nakon otprilike 2,5 km do\u0107i \u0107ete do vrata koja bi trebala biti zatvorena. Pro\u0161av\u0161i kroz vrata, izlazite na glavnu prometnicu Povljana \u2013 Pag i ukoliko krenete lijevo, dolazite u podru\u010dje ornitolo\u0161kog rezervata Veliko i Malo blato. Ukoliko krenete u desnom pravcu, sti\u0107i \u0107ete u centar Povljane.[\/vc_column_text]<div class=\"sc_item_button sc_button_wrap\"><a href=\"http:\/\/www.visitpovljana.eu\/bike-gpx\/rt-dubrovnik.gpx\" id=\"sc_button_1164027240\" class=\"sc_button sc_button_default sc_button_size_normal sc_button_icon_left\"><span class=\"sc_button_text\"><span class=\"sc_button_title\">Preuzmite GPX<\/span><\/span><!-- \/.sc_button_text --><\/a><!-- \/.sc_button --><\/div><!-- \/.sc_item_button -->[\/vc_column][\/vc_row][vc_row css=&#8221;.vc_custom_1542199754713{padding-bottom: 50px !important;}&#8221;][vc_column width=&#8221;1\/2&#8243;][vc_column_text css=&#8221;.vc_custom_1544108523790{padding-bottom: 10px !important;}&#8221;]<br \/>\nStaza &#8216;Smokvica&#8217;<\/p>\n<p>Nakon 1 km od Povljane prema uvali Stara Povljana skrenite lijevo na raskri\u017eju kod kapelice. Okretanje desno \u0107e vas odvesti na stazu &#8220;Prutna&#8221;. Staza po\u010dinje zemljanim putem koji vodi do prekrasne uvale Stara Povljana, a dalje preko nepristupa\u010dnog terena i o\u0161trih stijena. Ova staza zahtijeva bolju izdr\u017eljivost, i vas i va\u0161eg bicikla. Staza zavr\u0161ava u ribarskom mjestu Smokvici.[\/vc_column_text]<div class=\"sc_item_button sc_button_wrap\"><a href=\"http:\/\/www.visitpovljana.eu\/bike-gpx\/smokvica.gpx\" id=\"sc_button_515317660\" class=\"sc_button sc_button_default sc_button_size_normal sc_button_icon_left\"><span class=\"sc_button_text\"><span class=\"sc_button_title\">Preuzmite GPX<\/span><\/span><!-- \/.sc_button_text --><\/a><!-- \/.sc_button --><\/div><!-- \/.sc_item_button -->[\/vc_column][vc_column width=&#8221;1\/2&#8243;][vc_video link=&#8221;https:\/\/www.youtube.com\/watch?v=KtC1ycK_Xm4&#8243;][\/vc_column][\/vc_row][vc_row css=&#8221;.vc_custom_1542199935211{padding-bottom: 50px !important;}&#8221;][vc_column width=&#8221;1\/2&#8243;][vc_video link=&#8221;https:\/\/www.youtube.com\/watch?v=sBpWB4_nUVE&#8221;][\/vc_column][vc_column width=&#8221;1\/2&#8243;][vc_column_text css=&#8221;.vc_custom_1544108616400{padding-bottom: 10px !important;}&#8221;]Staza &#8216;Prutna&#8217;<\/p>\n<p>Nakon 1 km od Povljane prema uvali Stara Povljana skrenite desno na raskri\u017eju kod kapelice. Put zapo\u010dinje asfaltiranom cestom kroz polje, zatim slijedi lagani uspon. Cijela vo\u017enja odvija se kroz stjenoviti okoli\u0161 du\u017e samog vrha poluotoka Prutna. S lijeve strane se nalazi prekrasan pogled na zaljev Stara Povljana, dok se na desnoj strani nalazi morski kanal izme\u0111u otoka Paga i Vira.[\/vc_column_text]<div class=\"sc_item_button sc_button_wrap\"><a href=\"http:\/\/www.visitpovljana.eu\/bike-gpx\/prutna.gpx\" id=\"sc_button_660197053\" class=\"sc_button sc_button_default sc_button_size_normal sc_button_icon_left\"><span class=\"sc_button_text\"><span class=\"sc_button_title\">Preuzmite GPX<\/span><\/span><!-- \/.sc_button_text --><\/a><!-- \/.sc_button --><\/div><!-- \/.sc_item_button -->[\/vc_column][\/vc_row][vc_row css=&#8221;.vc_custom_1542200039494{padding-bottom: 50px !important;}&#8221;][vc_column width=&#8221;1\/2&#8243;][vc_column_text css=&#8221;.vc_custom_1544108645281{padding-bottom: 10px !important;}&#8221;]Staza Soli<\/p>\n<p>Ovo je staza koja vodi asfaltiranom cestom prema mjestu Gorica i netom prije skre\u0107e ulijevo prema Starom gradu Pagu uz prekrasne prizore solana. Dio staze ide glavnom prometnicom pa svakako morate biti oprezni. Nakon Starog grada, staza produ\u017euje u centar Paga. Ovu stazu koriste hodo\u010dasnici iz Povljane na blagdan Velike Gospe kada hodo\u010daste u Stari grad Pag.<br \/>\n[\/vc_column_text]<div class=\"sc_item_button sc_button_wrap\"><a href=\"http:\/\/www.visitpovljana.eu\/bike-gpx\/salty-trail.gpx\" id=\"sc_button_1828368523\" class=\"sc_button sc_button_default sc_button_size_normal sc_button_icon_left\"><span class=\"sc_button_text\"><span class=\"sc_button_title\">Preuzmite GPX<\/span><\/span><!-- \/.sc_button_text --><\/a><!-- \/.sc_button --><\/div><!-- \/.sc_item_button -->[\/vc_column][vc_column width=&#8221;1\/2&#8243;][vc_video link=&#8221;https:\/\/www.youtube.com\/watch?v=pSywX3OJdUM&#8221;][\/vc_column][\/vc_row][vc_row css=&#8221;.vc_custom_1542204910568{padding-bottom: 0px !important;}&#8221;][vc_column][vc_column_text]Pravila na stazi<\/p>\n<p>Planirajte unaprijed: imajte potrebnu opremu, informirajte se o podru\u010dju u kojem vozite i pripremite se u skladu s tim. Budite samodostatni u svakom trenutku. Uvijek nosite kacigu i prikladnu sigurnosnu opremu. Uvijek najavite svoje skretanje unaprijed. Prijateljski pozdrav ili zvonce je uvijek dobrodo\u0161lo kad susre\u0107ete druge bicikliste ili pje\u0161ake. Ne ostavljajte trag: budite osjetljivi na otpad u prirodi. Ostanite na postoje\u0107im stazama, nemojte stvarati nove. Vo\u017enja samo na otvorenim stazama: Po\u0161tujte staze i ceste (pitajte ako niste sigurni), izbjegavajte mogu\u0107e prijelaze preko privatnog zemlji\u0161ta. Kontrolirajte svoj bicikl. Po\u0161tujte sve propise o brzini bicikla. Nikada nemojte ometati ovce kada su na ispa\u0161i. Imajte u vidu da su i one prestra\u0161ene bu\u010dnim pristupom ili naglim pokretima. Nemojte tr\u010dati za \u017eivotinjama, mo\u017eete ih promatrati iz dovoljne blizine a da ih ne uznemiravate.[\/vc_column_text][\/vc_column][\/vc_row][vc_row css=&#8221;.vc_custom_1542204837841{padding-bottom: 50px !important;}&#8221;][vc_column][vc_raw_html]JTNDaDQlMjBzdHlsZSUzRCUyMm1hcmdpbi10b3AlM0ElMjA1MHB4JTNCJTIyJTNFS2FydGElM0MlMkZoNCUzRSUwQSUzQ3AlM0VLbGlrbml0ZSUyMG5hJTIwc3RhenUlMjBrYWtvJTIwYmklMjBzdGUlMjB2aWRqZWxpJTIwbmplemluZSUyMG9wJUM0JTg3ZSUyMGluZm9ybWFjaWplJTIwaSUyMHByb2ZpbCUyMHZpc2luZS4lMjBNbyVDNSVCRWV0ZSUyMGNydGF0aSUyMHN2b2olMjBwdXQlMjBrb3Jpc3RlJUM0JTg3aSUyMCUyMnBlbiUyMiUyMGlrb251JTIwbmElMjBpbnRlcmFrdGl2bm9qJTIwa2FydGkuJTNDJTJGcCUzRSUwQSUzQ2lmcmFtZSUyMGFsbG93dHJhbnNwYXJlbmN5JTNEJTIydHJ1ZSUyMiUyMHNyYyUzRCUyMmh0dHBzJTNBJTJGJTJGdmlzaXRwb3ZsamFuYS5ldSUyRmJpa2UtdHJhaWxzJTJGJTIyJTIwYm9yZGVyJTNEJTIyMCUyMiUyMHNjcm9sbGluZyUzRCUyMm5vJTIyJTIwd2lkdGglM0QlMjIxMDAlMjUlMjIlMjBoZWlnaHQlM0QlMjI3MjAlMjIlM0UlM0MlMkZpZnJhbWUlM0U=[\/vc_raw_html][\/vc_column][\/vc_row]<\/p>\n<\/div>","protected":false},"excerpt":{"rendered":"<p>[vc_row css=&#8221;.vc_custom_1542199323636{padding-top: 70px !important;padding-bottom: 50px !important;}&#8221;][vc_column][vc_column_text] Od ukupno 14 biciklisti\u010dkih staza koja prolaze kroz otok Pag, na terenu Op\u0107ine Povljana nalaze se 4 staze. Turisti\u010dka zajednica Zadarske \u017eupanije u suradnji&hellip;<\/p>\n","protected":false},"author":1,"featured_media":0,"parent":0,"menu_order":0,"comment_status":"closed","ping_status":"closed","template":"","meta":{"footnotes":""},"class_list":["post-1610","page","type-page","status-publish","hentry"],"yoast_head":"<!-- This site is optimized with the Yoast SEO plugin v27.1.1 - https:\/\/yoast.com\/product\/yoast-seo-wordpress\/ -->\n<title>Povljana Biciklisti\u010dke staze | Povljana Tourist Board<\/title>\n<meta name=\"robots\" content=\"index, follow, max-snippet:-1, max-image-preview:large, max-video-preview:-1\" \/>\n<link rel=\"canonical\" href=\"https:\/\/visitpovljana.eu\/hr\/povljana-biciklisticke-staze\/\" \/>\n<meta property=\"og:locale\" content=\"hr_HR\" \/>\n<meta property=\"og:type\" content=\"article\" \/>\n<meta property=\"og:title\" content=\"Povljana Biciklisti\u010dke staze | Povljana Tourist Board\" \/>\n<meta property=\"og:description\" content=\"[vc_row css=&#8221;.vc_custom_1542199323636{padding-top: 70px !important;padding-bottom: 50px !important;}&#8221;][vc_column][vc_column_text] Od ukupno 14 biciklisti\u010dkih staza koja prolaze kroz otok Pag, na terenu Op\u0107ine Povljana nalaze se 4 staze. Turisti\u010dka zajednica Zadarske \u017eupanije u suradnji&hellip;\" \/>\n<meta property=\"og:url\" content=\"https:\/\/visitpovljana.eu\/hr\/povljana-biciklisticke-staze\/\" \/>\n<meta property=\"og:site_name\" content=\"Povljana Tourist Board\" \/>\n<meta property=\"article:publisher\" content=\"https:\/\/www.facebook.com\/turistickazajednica.povljana.9\" \/>\n<meta property=\"article:modified_time\" content=\"2018-12-06T15:06:30+00:00\" \/>\n<meta name=\"twitter:card\" content=\"summary_large_image\" \/>\n<meta name=\"twitter:label1\" content=\"Procijenjeno vrijeme \u010ditanja\" \/>\n\t<meta name=\"twitter:data1\" content=\"5 minuta\" \/>\n<script type=\"application\/ld+json\" class=\"yoast-schema-graph\">{\"@context\":\"https:\/\/schema.org\",\"@graph\":[{\"@type\":\"WebPage\",\"@id\":\"https:\/\/visitpovljana.eu\/hr\/povljana-biciklisticke-staze\/\",\"url\":\"https:\/\/visitpovljana.eu\/hr\/povljana-biciklisticke-staze\/\",\"name\":\"Povljana Biciklisti\u010dke staze | Povljana Tourist Board\",\"isPartOf\":{\"@id\":\"https:\/\/visitpovljana.eu\/#website\"},\"datePublished\":\"2018-12-06T15:02:35+00:00\",\"dateModified\":\"2018-12-06T15:06:30+00:00\",\"breadcrumb\":{\"@id\":\"https:\/\/visitpovljana.eu\/hr\/povljana-biciklisticke-staze\/#breadcrumb\"},\"inLanguage\":\"hr\",\"potentialAction\":[{\"@type\":\"ReadAction\",\"target\":[\"https:\/\/visitpovljana.eu\/hr\/povljana-biciklisticke-staze\/\"]}]},{\"@type\":\"BreadcrumbList\",\"@id\":\"https:\/\/visitpovljana.eu\/hr\/povljana-biciklisticke-staze\/#breadcrumb\",\"itemListElement\":[{\"@type\":\"ListItem\",\"position\":1,\"name\":\"Naslovnica\",\"item\":\"https:\/\/visitpovljana.eu\/hr\/\"},{\"@type\":\"ListItem\",\"position\":2,\"name\":\"Povljana Biciklisti\u010dke staze\"}]},{\"@type\":\"WebSite\",\"@id\":\"https:\/\/visitpovljana.eu\/#website\",\"url\":\"https:\/\/visitpovljana.eu\/\",\"name\":\"Povljana Tourist Board\",\"description\":\"Official Website for Povljana Tourist Board\",\"publisher\":{\"@id\":\"https:\/\/visitpovljana.eu\/#organization\"},\"potentialAction\":[{\"@type\":\"SearchAction\",\"target\":{\"@type\":\"EntryPoint\",\"urlTemplate\":\"https:\/\/visitpovljana.eu\/?s={search_term_string}\"},\"query-input\":{\"@type\":\"PropertyValueSpecification\",\"valueRequired\":true,\"valueName\":\"search_term_string\"}}],\"inLanguage\":\"hr\"},{\"@type\":\"Organization\",\"@id\":\"https:\/\/visitpovljana.eu\/#organization\",\"name\":\"Povljana Tourist Board\",\"url\":\"https:\/\/visitpovljana.eu\/\",\"logo\":{\"@type\":\"ImageObject\",\"inLanguage\":\"hr\",\"@id\":\"https:\/\/visitpovljana.eu\/#\/schema\/logo\/image\/\",\"url\":\"https:\/\/visitpovljana.eu\/wp-content\/uploads\/2018\/11\/logo.png\",\"contentUrl\":\"https:\/\/visitpovljana.eu\/wp-content\/uploads\/2018\/11\/logo.png\",\"width\":225,\"height\":53,\"caption\":\"Povljana Tourist Board\"},\"image\":{\"@id\":\"https:\/\/visitpovljana.eu\/#\/schema\/logo\/image\/\"},\"sameAs\":[\"https:\/\/www.facebook.com\/turistickazajednica.povljana.9\",\"https:\/\/www.instagram.com\/povljanatz\/\",\"https:\/\/www.youtube.com\/channel\/UCxdqlvStUxA6OnUy3WyOIyw\"]}]}<\/script>\n<!-- \/ Yoast SEO plugin. -->","yoast_head_json":{"title":"Povljana Biciklisti\u010dke staze | Povljana Tourist Board","robots":{"index":"index","follow":"follow","max-snippet":"max-snippet:-1","max-image-preview":"max-image-preview:large","max-video-preview":"max-video-preview:-1"},"canonical":"https:\/\/visitpovljana.eu\/hr\/povljana-biciklisticke-staze\/","og_locale":"hr_HR","og_type":"article","og_title":"Povljana Biciklisti\u010dke staze | Povljana Tourist Board","og_description":"[vc_row css=&#8221;.vc_custom_1542199323636{padding-top: 70px !important;padding-bottom: 50px !important;}&#8221;][vc_column][vc_column_text] Od ukupno 14 biciklisti\u010dkih staza koja prolaze kroz otok Pag, na terenu Op\u0107ine Povljana nalaze se 4 staze. Turisti\u010dka zajednica Zadarske \u017eupanije u suradnji&hellip;","og_url":"https:\/\/visitpovljana.eu\/hr\/povljana-biciklisticke-staze\/","og_site_name":"Povljana Tourist Board","article_publisher":"https:\/\/www.facebook.com\/turistickazajednica.povljana.9","article_modified_time":"2018-12-06T15:06:30+00:00","twitter_card":"summary_large_image","twitter_misc":{"Procijenjeno vrijeme \u010ditanja":"5 minuta"},"schema":{"@context":"https:\/\/schema.org","@graph":[{"@type":"WebPage","@id":"https:\/\/visitpovljana.eu\/hr\/povljana-biciklisticke-staze\/","url":"https:\/\/visitpovljana.eu\/hr\/povljana-biciklisticke-staze\/","name":"Povljana Biciklisti\u010dke staze | Povljana Tourist Board","isPartOf":{"@id":"https:\/\/visitpovljana.eu\/#website"},"datePublished":"2018-12-06T15:02:35+00:00","dateModified":"2018-12-06T15:06:30+00:00","breadcrumb":{"@id":"https:\/\/visitpovljana.eu\/hr\/povljana-biciklisticke-staze\/#breadcrumb"},"inLanguage":"hr","potentialAction":[{"@type":"ReadAction","target":["https:\/\/visitpovljana.eu\/hr\/povljana-biciklisticke-staze\/"]}]},{"@type":"BreadcrumbList","@id":"https:\/\/visitpovljana.eu\/hr\/povljana-biciklisticke-staze\/#breadcrumb","itemListElement":[{"@type":"ListItem","position":1,"name":"Naslovnica","item":"https:\/\/visitpovljana.eu\/hr\/"},{"@type":"ListItem","position":2,"name":"Povljana Biciklisti\u010dke staze"}]},{"@type":"WebSite","@id":"https:\/\/visitpovljana.eu\/#website","url":"https:\/\/visitpovljana.eu\/","name":"Povljana Tourist Board","description":"Official Website for Povljana Tourist Board","publisher":{"@id":"https:\/\/visitpovljana.eu\/#organization"},"potentialAction":[{"@type":"SearchAction","target":{"@type":"EntryPoint","urlTemplate":"https:\/\/visitpovljana.eu\/?s={search_term_string}"},"query-input":{"@type":"PropertyValueSpecification","valueRequired":true,"valueName":"search_term_string"}}],"inLanguage":"hr"},{"@type":"Organization","@id":"https:\/\/visitpovljana.eu\/#organization","name":"Povljana Tourist Board","url":"https:\/\/visitpovljana.eu\/","logo":{"@type":"ImageObject","inLanguage":"hr","@id":"https:\/\/visitpovljana.eu\/#\/schema\/logo\/image\/","url":"https:\/\/visitpovljana.eu\/wp-content\/uploads\/2018\/11\/logo.png","contentUrl":"https:\/\/visitpovljana.eu\/wp-content\/uploads\/2018\/11\/logo.png","width":225,"height":53,"caption":"Povljana Tourist Board"},"image":{"@id":"https:\/\/visitpovljana.eu\/#\/schema\/logo\/image\/"},"sameAs":["https:\/\/www.facebook.com\/turistickazajednica.povljana.9","https:\/\/www.instagram.com\/povljanatz\/","https:\/\/www.youtube.com\/channel\/UCxdqlvStUxA6OnUy3WyOIyw"]}]}},"_links":{"self":[{"href":"https:\/\/visitpovljana.eu\/hr\/wp-json\/wp\/v2\/pages\/1610","targetHints":{"allow":["GET"]}}],"collection":[{"href":"https:\/\/visitpovljana.eu\/hr\/wp-json\/wp\/v2\/pages"}],"about":[{"href":"https:\/\/visitpovljana.eu\/hr\/wp-json\/wp\/v2\/types\/page"}],"author":[{"embeddable":true,"href":"https:\/\/visitpovljana.eu\/hr\/wp-json\/wp\/v2\/users\/1"}],"replies":[{"embeddable":true,"href":"https:\/\/visitpovljana.eu\/hr\/wp-json\/wp\/v2\/comments?post=1610"}],"version-history":[{"count":5,"href":"https:\/\/visitpovljana.eu\/hr\/wp-json\/wp\/v2\/pages\/1610\/revisions"}],"predecessor-version":[{"id":1615,"href":"https:\/\/visitpovljana.eu\/hr\/wp-json\/wp\/v2\/pages\/1610\/revisions\/1615"}],"wp:attachment":[{"href":"https:\/\/visitpovljana.eu\/hr\/wp-json\/wp\/v2\/media?parent=1610"}],"curies":[{"name":"wp","href":"https:\/\/api.w.org\/{rel}","templated":true}]}}