{"id":1590,"date":"2018-12-06T14:20:45","date_gmt":"2018-12-06T14:20:45","guid":{"rendered":"https:\/\/visitpovljana.eu\/?page_id=1590"},"modified":"2018-12-06T14:20:45","modified_gmt":"2018-12-06T14:20:45","slug":"jedrenje-na-dasci","status":"publish","type":"page","link":"https:\/\/visitpovljana.eu\/hr\/jedrenje-na-dasci\/","title":{"rendered":"Jedrenje na dasci"},"content":{"rendered":"<div class=\"wpb-content-wrapper\"><p>[vc_row css=&#8221;.vc_custom_1542205172648{padding-top: 70px !important;padding-bottom: 50px !important;}&#8221;][vc_column width=&#8221;1\/2&#8243;][vc_single_image image=&#8221;923&#8243; img_size=&#8221;full&#8221;][\/vc_column][vc_column width=&#8221;1\/2&#8243;][vc_column_text]<\/p>\n<h4>Jedrenje na dasci u Povljani<\/h4>\n<p>Istra\u017eivanja su pokazala da na Pagu vjetrovi pu\u0161u 350 dana u godini. U ljetnim mjesecima pu\u0161e nekoliko vjetrova tijekom dana: ljeti u rano poslije podne obi\u010dno pu\u0161e lagani vjetar zvan Maestral, pogodan za surfere. Kasno poslije podne, Maestral ja\u010da tako da se mo\u017ee br\u017ee surfati. Burin je vjetar koji pu\u0161e sa sjevera, ja\u010di je od Maestrala i ne\u0161to hladniji. Zato je tijekom ljeta ugodniji a i omogu\u0107uje br\u017ee jedrenje na dasci.[\/vc_column_text][\/vc_column][\/vc_row][vc_row css=&#8221;.vc_custom_1542205712363{padding-bottom: 50px !important;}&#8221;][vc_column][vc_raw_html]JTNDaDMlMjBzdHlsZSUzRCUyMm1hcmdpbi10b3AlM0ElMjAwcmVtJTNCJTIyJTNFV2luZCUyMGZvcmVjYXN0JTNDJTJGaDMlM0UlMEElM0NzY3JpcHQlMjB0eXBlJTNEJTIydGV4dCUyRmphdmFzY3JpcHQlMjIlMjBzcmMlM0QlMjJodHRwcyUzQSUyRiUyRnd3dy53aW5kZmluZGVyLmNvbSUyRndpZGdldCUyRmZvcmVjYXN0JTJGanMlMkZwb3ZsamFuYSUzRnVuaXRfd2F2ZSUzRG0lMjZ1bml0X3JhaW4lM0RtbSUyNnVuaXRfdGVtcGVyYXR1cmUlM0RjJTI2dW5pdF93aW5kJTNEa21oJTI2ZGF5cyUzRDQlMjZzaG93X2RheSUzRDElMjIlM0UlM0MlMkZzY3JpcHQlM0U=[\/vc_raw_html][\/vc_column][\/vc_row]<\/p>\n<\/div>","protected":false},"excerpt":{"rendered":"<p>[vc_row css=&#8221;.vc_custom_1542205172648{padding-top: 70px !important;padding-bottom: 50px !important;}&#8221;][vc_column width=&#8221;1\/2&#8243;][vc_single_image image=&#8221;923&#8243; img_size=&#8221;full&#8221;][\/vc_column][vc_column width=&#8221;1\/2&#8243;][vc_column_text] Jedrenje na dasci u Povljani Istra\u017eivanja su pokazala da na Pagu vjetrovi pu\u0161u 350 dana u godini. U ljetnim mjesecima&hellip;<\/p>\n","protected":false},"author":1,"featured_media":0,"parent":0,"menu_order":0,"comment_status":"closed","ping_status":"closed","template":"","meta":{"footnotes":""},"class_list":["post-1590","page","type-page","status-publish","hentry"],"yoast_head":"<!-- This site is optimized with the Yoast SEO plugin v27.1.1 - https:\/\/yoast.com\/product\/yoast-seo-wordpress\/ -->\n<title>Jedrenje na dasci | Povljana Tourist Board<\/title>\n<meta name=\"robots\" content=\"index, follow, max-snippet:-1, max-image-preview:large, max-video-preview:-1\" \/>\n<link rel=\"canonical\" href=\"https:\/\/visitpovljana.eu\/hr\/jedrenje-na-dasci\/\" \/>\n<meta property=\"og:locale\" content=\"hr_HR\" \/>\n<meta property=\"og:type\" content=\"article\" \/>\n<meta property=\"og:title\" content=\"Jedrenje na dasci | Povljana Tourist Board\" \/>\n<meta property=\"og:description\" content=\"[vc_row css=&#8221;.vc_custom_1542205172648{padding-top: 70px !important;padding-bottom: 50px !important;}&#8221;][vc_column width=&#8221;1\/2&#8243;][vc_single_image image=&#8221;923&#8243; img_size=&#8221;full&#8221;][\/vc_column][vc_column width=&#8221;1\/2&#8243;][vc_column_text] Jedrenje na dasci u Povljani Istra\u017eivanja su pokazala da na Pagu vjetrovi pu\u0161u 350 dana u godini. U ljetnim mjesecima&hellip;\" \/>\n<meta property=\"og:url\" content=\"https:\/\/visitpovljana.eu\/hr\/jedrenje-na-dasci\/\" \/>\n<meta property=\"og:site_name\" content=\"Povljana Tourist Board\" \/>\n<meta property=\"article:publisher\" content=\"https:\/\/www.facebook.com\/turistickazajednica.povljana.9\" \/>\n<meta name=\"twitter:card\" content=\"summary_large_image\" \/>\n<meta name=\"twitter:label1\" content=\"Procijenjeno vrijeme \u010ditanja\" \/>\n\t<meta name=\"twitter:data1\" content=\"1 minuta\" \/>\n<script type=\"application\/ld+json\" class=\"yoast-schema-graph\">{\"@context\":\"https:\/\/schema.org\",\"@graph\":[{\"@type\":\"WebPage\",\"@id\":\"https:\/\/visitpovljana.eu\/hr\/jedrenje-na-dasci\/\",\"url\":\"https:\/\/visitpovljana.eu\/hr\/jedrenje-na-dasci\/\",\"name\":\"Jedrenje na dasci | Povljana Tourist Board\",\"isPartOf\":{\"@id\":\"https:\/\/visitpovljana.eu\/#website\"},\"datePublished\":\"2018-12-06T14:20:45+00:00\",\"breadcrumb\":{\"@id\":\"https:\/\/visitpovljana.eu\/hr\/jedrenje-na-dasci\/#breadcrumb\"},\"inLanguage\":\"hr\",\"potentialAction\":[{\"@type\":\"ReadAction\",\"target\":[\"https:\/\/visitpovljana.eu\/hr\/jedrenje-na-dasci\/\"]}]},{\"@type\":\"BreadcrumbList\",\"@id\":\"https:\/\/visitpovljana.eu\/hr\/jedrenje-na-dasci\/#breadcrumb\",\"itemListElement\":[{\"@type\":\"ListItem\",\"position\":1,\"name\":\"Naslovnica\",\"item\":\"https:\/\/visitpovljana.eu\/hr\/\"},{\"@type\":\"ListItem\",\"position\":2,\"name\":\"Jedrenje na dasci\"}]},{\"@type\":\"WebSite\",\"@id\":\"https:\/\/visitpovljana.eu\/#website\",\"url\":\"https:\/\/visitpovljana.eu\/\",\"name\":\"Povljana Tourist Board\",\"description\":\"Official Website for Povljana Tourist Board\",\"publisher\":{\"@id\":\"https:\/\/visitpovljana.eu\/#organization\"},\"potentialAction\":[{\"@type\":\"SearchAction\",\"target\":{\"@type\":\"EntryPoint\",\"urlTemplate\":\"https:\/\/visitpovljana.eu\/?s={search_term_string}\"},\"query-input\":{\"@type\":\"PropertyValueSpecification\",\"valueRequired\":true,\"valueName\":\"search_term_string\"}}],\"inLanguage\":\"hr\"},{\"@type\":\"Organization\",\"@id\":\"https:\/\/visitpovljana.eu\/#organization\",\"name\":\"Povljana Tourist Board\",\"url\":\"https:\/\/visitpovljana.eu\/\",\"logo\":{\"@type\":\"ImageObject\",\"inLanguage\":\"hr\",\"@id\":\"https:\/\/visitpovljana.eu\/#\/schema\/logo\/image\/\",\"url\":\"https:\/\/visitpovljana.eu\/wp-content\/uploads\/2018\/11\/logo.png\",\"contentUrl\":\"https:\/\/visitpovljana.eu\/wp-content\/uploads\/2018\/11\/logo.png\",\"width\":225,\"height\":53,\"caption\":\"Povljana Tourist Board\"},\"image\":{\"@id\":\"https:\/\/visitpovljana.eu\/#\/schema\/logo\/image\/\"},\"sameAs\":[\"https:\/\/www.facebook.com\/turistickazajednica.povljana.9\",\"https:\/\/www.instagram.com\/povljanatz\/\",\"https:\/\/www.youtube.com\/channel\/UCxdqlvStUxA6OnUy3WyOIyw\"]}]}<\/script>\n<!-- \/ Yoast SEO plugin. -->","yoast_head_json":{"title":"Jedrenje na dasci | Povljana Tourist Board","robots":{"index":"index","follow":"follow","max-snippet":"max-snippet:-1","max-image-preview":"max-image-preview:large","max-video-preview":"max-video-preview:-1"},"canonical":"https:\/\/visitpovljana.eu\/hr\/jedrenje-na-dasci\/","og_locale":"hr_HR","og_type":"article","og_title":"Jedrenje na dasci | Povljana Tourist Board","og_description":"[vc_row css=&#8221;.vc_custom_1542205172648{padding-top: 70px !important;padding-bottom: 50px !important;}&#8221;][vc_column width=&#8221;1\/2&#8243;][vc_single_image image=&#8221;923&#8243; img_size=&#8221;full&#8221;][\/vc_column][vc_column width=&#8221;1\/2&#8243;][vc_column_text] Jedrenje na dasci u Povljani Istra\u017eivanja su pokazala da na Pagu vjetrovi pu\u0161u 350 dana u godini. U ljetnim mjesecima&hellip;","og_url":"https:\/\/visitpovljana.eu\/hr\/jedrenje-na-dasci\/","og_site_name":"Povljana Tourist Board","article_publisher":"https:\/\/www.facebook.com\/turistickazajednica.povljana.9","twitter_card":"summary_large_image","twitter_misc":{"Procijenjeno vrijeme \u010ditanja":"1 minuta"},"schema":{"@context":"https:\/\/schema.org","@graph":[{"@type":"WebPage","@id":"https:\/\/visitpovljana.eu\/hr\/jedrenje-na-dasci\/","url":"https:\/\/visitpovljana.eu\/hr\/jedrenje-na-dasci\/","name":"Jedrenje na dasci | Povljana Tourist Board","isPartOf":{"@id":"https:\/\/visitpovljana.eu\/#website"},"datePublished":"2018-12-06T14:20:45+00:00","breadcrumb":{"@id":"https:\/\/visitpovljana.eu\/hr\/jedrenje-na-dasci\/#breadcrumb"},"inLanguage":"hr","potentialAction":[{"@type":"ReadAction","target":["https:\/\/visitpovljana.eu\/hr\/jedrenje-na-dasci\/"]}]},{"@type":"BreadcrumbList","@id":"https:\/\/visitpovljana.eu\/hr\/jedrenje-na-dasci\/#breadcrumb","itemListElement":[{"@type":"ListItem","position":1,"name":"Naslovnica","item":"https:\/\/visitpovljana.eu\/hr\/"},{"@type":"ListItem","position":2,"name":"Jedrenje na dasci"}]},{"@type":"WebSite","@id":"https:\/\/visitpovljana.eu\/#website","url":"https:\/\/visitpovljana.eu\/","name":"Povljana Tourist Board","description":"Official Website for Povljana Tourist Board","publisher":{"@id":"https:\/\/visitpovljana.eu\/#organization"},"potentialAction":[{"@type":"SearchAction","target":{"@type":"EntryPoint","urlTemplate":"https:\/\/visitpovljana.eu\/?s={search_term_string}"},"query-input":{"@type":"PropertyValueSpecification","valueRequired":true,"valueName":"search_term_string"}}],"inLanguage":"hr"},{"@type":"Organization","@id":"https:\/\/visitpovljana.eu\/#organization","name":"Povljana Tourist Board","url":"https:\/\/visitpovljana.eu\/","logo":{"@type":"ImageObject","inLanguage":"hr","@id":"https:\/\/visitpovljana.eu\/#\/schema\/logo\/image\/","url":"https:\/\/visitpovljana.eu\/wp-content\/uploads\/2018\/11\/logo.png","contentUrl":"https:\/\/visitpovljana.eu\/wp-content\/uploads\/2018\/11\/logo.png","width":225,"height":53,"caption":"Povljana Tourist Board"},"image":{"@id":"https:\/\/visitpovljana.eu\/#\/schema\/logo\/image\/"},"sameAs":["https:\/\/www.facebook.com\/turistickazajednica.povljana.9","https:\/\/www.instagram.com\/povljanatz\/","https:\/\/www.youtube.com\/channel\/UCxdqlvStUxA6OnUy3WyOIyw"]}]}},"_links":{"self":[{"href":"https:\/\/visitpovljana.eu\/hr\/wp-json\/wp\/v2\/pages\/1590","targetHints":{"allow":["GET"]}}],"collection":[{"href":"https:\/\/visitpovljana.eu\/hr\/wp-json\/wp\/v2\/pages"}],"about":[{"href":"https:\/\/visitpovljana.eu\/hr\/wp-json\/wp\/v2\/types\/page"}],"author":[{"embeddable":true,"href":"https:\/\/visitpovljana.eu\/hr\/wp-json\/wp\/v2\/users\/1"}],"replies":[{"embeddable":true,"href":"https:\/\/visitpovljana.eu\/hr\/wp-json\/wp\/v2\/comments?post=1590"}],"version-history":[{"count":1,"href":"https:\/\/visitpovljana.eu\/hr\/wp-json\/wp\/v2\/pages\/1590\/revisions"}],"predecessor-version":[{"id":1592,"href":"https:\/\/visitpovljana.eu\/hr\/wp-json\/wp\/v2\/pages\/1590\/revisions\/1592"}],"wp:attachment":[{"href":"https:\/\/visitpovljana.eu\/hr\/wp-json\/wp\/v2\/media?parent=1590"}],"curies":[{"name":"wp","href":"https:\/\/api.w.org\/{rel}","templated":true}]}}