{"id":1579,"date":"2018-12-06T12:27:55","date_gmt":"2018-12-06T12:27:55","guid":{"rendered":"https:\/\/visitpovljana.eu\/?page_id=1579"},"modified":"2021-06-17T12:52:32","modified_gmt":"2021-06-17T10:52:32","slug":"kontakt","status":"publish","type":"page","link":"https:\/\/visitpovljana.eu\/hr\/kontakt\/","title":{"rendered":"Kontakt"},"content":{"rendered":"<div class=\"wpb-content-wrapper\"><p>[vc_row css=&#8221;.vc_custom_1542029463426{padding-top: 9.9rem !important;padding-bottom: 7.8rem !important;}&#8221; el_class=&#8221;contacts_1&#8243;][vc_column width=&#8221;2\/3&#8243;]<div id=\"sc_title_1260661561\"\r\n\t\tclass=\"sc_title sc_title_default\"><h6 class=\"sc_item_subtitle sc_title_subtitle sc_align_center sc_item_title_style_default\">Imate pitanje?<\/h6><h3 class=\"sc_item_title sc_title_title sc_align_center sc_item_title_style_default sc_item_title_tag\">po\u0161aljite nam poruku<\/h3><\/div><!-- \/.sc_title -->\n<div class=\"wpcf7 no-js\" id=\"wpcf7-f4-o1\" lang=\"en-US\" dir=\"ltr\" data-wpcf7-id=\"4\">\n<div class=\"screen-reader-response\"><p role=\"status\" aria-live=\"polite\" aria-atomic=\"true\"><\/p> <ul><\/ul><\/div>\n<form action=\"\/hr\/wp-json\/wp\/v2\/pages\/1579#wpcf7-f4-o1\" method=\"post\" class=\"wpcf7-form init\" aria-label=\"Contact form\" novalidate=\"novalidate\" data-status=\"init\">\n<fieldset class=\"hidden-fields-container\"><input type=\"hidden\" name=\"_wpcf7\" value=\"4\" \/><input type=\"hidden\" name=\"_wpcf7_version\" value=\"6.1.5\" \/><input type=\"hidden\" name=\"_wpcf7_locale\" value=\"en_US\" \/><input type=\"hidden\" name=\"_wpcf7_unit_tag\" value=\"wpcf7-f4-o1\" \/><input type=\"hidden\" name=\"_wpcf7_container_post\" value=\"0\" \/><input type=\"hidden\" name=\"_wpcf7_posted_data_hash\" value=\"\" \/>\n<\/fieldset>\n<p><label> Your Name (required)<br \/>\n<span class=\"wpcf7-form-control-wrap\" data-name=\"your-name\"><input size=\"40\" maxlength=\"400\" class=\"wpcf7-form-control wpcf7-text wpcf7-validates-as-required\" aria-required=\"true\" aria-invalid=\"false\" value=\"\" type=\"text\" name=\"your-name\" \/><\/span> <\/label>\n<\/p>\n<p><label> Your Email (required)<br \/>\n<span class=\"wpcf7-form-control-wrap\" data-name=\"your-email\"><input size=\"40\" maxlength=\"400\" class=\"wpcf7-form-control wpcf7-email wpcf7-validates-as-required wpcf7-text wpcf7-validates-as-email\" aria-required=\"true\" aria-invalid=\"false\" value=\"\" type=\"email\" name=\"your-email\" \/><\/span> <\/label>\n<\/p>\n<p><label> Subject<br \/>\n<span class=\"wpcf7-form-control-wrap\" data-name=\"your-subject\"><input size=\"40\" maxlength=\"400\" class=\"wpcf7-form-control wpcf7-text\" aria-invalid=\"false\" value=\"\" type=\"text\" name=\"your-subject\" \/><\/span> <\/label>\n<\/p>\n<p><label> Your Message<br \/>\n<span class=\"wpcf7-form-control-wrap\" data-name=\"your-message\"><textarea cols=\"40\" rows=\"10\" maxlength=\"2000\" class=\"wpcf7-form-control wpcf7-textarea\" aria-invalid=\"false\" name=\"your-message\"><\/textarea><\/span> <\/label>\n<\/p>\n<p><input class=\"wpcf7-form-control wpcf7-submit has-spinner\" type=\"submit\" value=\"Send\" \/>\n<\/p><div class=\"wpcf7-response-output\" aria-hidden=\"true\"><\/div>\n<\/form>\n<\/div>\n[\/vc_column][vc_column width=&#8221;1\/3&#8243; css=&#8221;.vc_custom_1542030547967{padding-top: 135px !important;}&#8221;][vc_column_text]<img loading=\"lazy\" decoding=\"async\" class=\"size-full wp-image-733 alignnone\" src=\"https:\/\/visitpovljana.eu\/wp-content\/uploads\/2018\/11\/logo.png\" alt=\"\" width=\"225\" height=\"53\" \/><\/p>\n<h4 style=\"margin-top: 0rem;\">Turisti\u010dka zajednica Povljana<\/h4>\n<p>Adresa: Stjepana Radi\u0107a 20, 23249 Povljana<br \/>\nOIB: HR89804721559<br \/>\nDirektor: Neven Ti\u010di\u0107<\/p>\n<p>Telefon \/ Fax +385(0)23 692 003<br \/>\nEmail adresa: <a href=\"mailto:povljanatz@gmail.com\">povljanatz@gmail.com<\/a>[\/vc_column_text][\/vc_column][\/vc_row][vc_row full_width=&#8221;stretch_row_content_no_spaces&#8221;][vc_column][vc_column_text]<iframe loading=\"lazy\" style=\"border: 0;\" src=\"https:\/\/www.google.com\/maps\/embed?pb=!1m18!1m12!1m3!1d4035.059309163177!2d15.111503480990152!3d44.34657678446307!2m3!1f0!2f0!3f0!3m2!1i1024!2i768!4f13.1!3m3!1m2!1s0x476223de10217481%3A0x3b0834490b6132e9!2sUl.+Stjepana+Radi%C4%87a+20%2C+23249%2C+Povljana%2C+Croatia!5e0!3m2!1sen!2sde!4v1542029207253\" width=\"100%\" height=\"500\" frameborder=\"0\" allowfullscreen=\"allowfullscreen\"><\/iframe>[\/vc_column_text][\/vc_column][\/vc_row][vc_row full_width=&#8221;stretch_row&#8221; css=&#8221;.vc_custom_1543753214529{padding-top: 5rem !important;padding-bottom: 4.6rem !important;background-image: url(https:\/\/visitpovljana.eu\/wp-content\/uploads\/2018\/11\/drustvene-mreze.jpg?id=793) !important;background-position: center !important;background-repeat: no-repeat !important;background-size: cover !important;}&#8221; el_class=&#8221;socials_1&#8243;][vc_column width=&#8221;1\/3&#8243;]<div  id=\"sc_socials_1375476388\" \r\n\t\tclass=\"sc_socials sc_socials_default\"><div class=\"socials_wrap\"><span class=\"social_item social_item_with_caption\"><a href=\"https:\/\/www.facebook.com\/turistickazajednica.povljana.9\" target=\"_blank\" class=\"social_icons\"><span class=\"icon-facebook\"><\/span><span class=\"social_item_caption\">Lajkaj nas na Facebooku!<\/span> <\/a><\/span><\/div><!-- \/.socials_wrap --><\/div><!-- \/.sc_socials -->[\/vc_column][vc_column width=&#8221;1\/3&#8243;]<div  id=\"sc_socials_1375893917\" \r\n\t\tclass=\"sc_socials sc_socials_default\"><div class=\"socials_wrap\"><span class=\"social_item social_item_with_caption\"><a href=\"https:\/\/www.instagram.com\/povljanatz\/\" target=\"_blank\" class=\"social_icons\"><span class=\"icon-instagramm\"><\/span><span class=\"social_item_caption\">Prati nas na Instagramu<\/span> <\/a><\/span><\/div><!-- \/.socials_wrap --><\/div><!-- \/.sc_socials -->[\/vc_column][vc_column width=&#8221;1\/3&#8243;]<div  id=\"sc_socials_35197219\" \r\n\t\tclass=\"sc_socials sc_socials_default\"><div class=\"socials_wrap\"><span class=\"social_item social_item_with_caption\"><a href=\"https:\/\/www.youtube.com\/channel\/UCxdqlvStUxA6OnUy3WyOIyw\" target=\"_blank\" class=\"social_icons\"><span class=\"icon-untitled-13\"><\/span><span class=\"social_item_caption\">Gledaj nas na Youtubeu<\/span> <\/a><\/span><\/div><!-- \/.socials_wrap --><\/div><!-- \/.sc_socials -->[\/vc_column][\/vc_row]<\/p>\n<\/div>","protected":false},"excerpt":{"rendered":"<p>[vc_row css=&#8221;.vc_custom_1542029463426{padding-top: 9.9rem !important;padding-bottom: 7.8rem !important;}&#8221; el_class=&#8221;contacts_1&#8243;][vc_column width=&#8221;2\/3&#8243;][\/vc_column][vc_column width=&#8221;1\/3&#8243; css=&#8221;.vc_custom_1542030547967{padding-top: 135px !important;}&#8221;][vc_column_text] Turisti\u010dka zajednica Povljana Adresa: Stjepana Radi\u0107a 20, 23249 Povljana OIB: HR89804721559 Direktor: Neven Ti\u010di\u0107 Telefon \/ Fax +385(0)23&hellip;<\/p>\n","protected":false},"author":1,"featured_media":0,"parent":0,"menu_order":0,"comment_status":"closed","ping_status":"closed","template":"","meta":{"footnotes":""},"class_list":["post-1579","page","type-page","status-publish","hentry"],"yoast_head":"<!-- This site is optimized with the Yoast SEO plugin v27.1.1 - https:\/\/yoast.com\/product\/yoast-seo-wordpress\/ -->\n<title>Kontakt | Povljana Tourist Board<\/title>\n<meta name=\"robots\" content=\"index, follow, max-snippet:-1, max-image-preview:large, max-video-preview:-1\" \/>\n<link rel=\"canonical\" href=\"https:\/\/visitpovljana.eu\/hr\/kontakt\/\" \/>\n<meta property=\"og:locale\" content=\"hr_HR\" \/>\n<meta property=\"og:type\" content=\"article\" \/>\n<meta property=\"og:title\" content=\"Kontakt | Povljana Tourist Board\" \/>\n<meta property=\"og:description\" content=\"[vc_row css=&#8221;.vc_custom_1542029463426{padding-top: 9.9rem !important;padding-bottom: 7.8rem !important;}&#8221; el_class=&#8221;contacts_1&#8243;][vc_column width=&#8221;2\/3&#8243;][\/vc_column][vc_column width=&#8221;1\/3&#8243; css=&#8221;.vc_custom_1542030547967{padding-top: 135px !important;}&#8221;][vc_column_text] Turisti\u010dka zajednica Povljana Adresa: Stjepana Radi\u0107a 20, 23249 Povljana OIB: HR89804721559 Direktor: Neven Ti\u010di\u0107 Telefon \/ Fax +385(0)23&hellip;\" \/>\n<meta property=\"og:url\" content=\"https:\/\/visitpovljana.eu\/hr\/kontakt\/\" \/>\n<meta property=\"og:site_name\" content=\"Povljana Tourist Board\" \/>\n<meta property=\"article:publisher\" content=\"https:\/\/www.facebook.com\/turistickazajednica.povljana.9\" \/>\n<meta property=\"article:modified_time\" content=\"2021-06-17T10:52:32+00:00\" \/>\n<meta property=\"og:image\" content=\"https:\/\/visitpovljana.eu\/wp-content\/uploads\/2018\/11\/logo.png\" \/>\n<meta name=\"twitter:card\" content=\"summary_large_image\" \/>\n<meta name=\"twitter:label1\" content=\"Procijenjeno vrijeme \u010ditanja\" \/>\n\t<meta name=\"twitter:data1\" content=\"1 minuta\" \/>\n<script type=\"application\/ld+json\" class=\"yoast-schema-graph\">{\"@context\":\"https:\/\/schema.org\",\"@graph\":[{\"@type\":\"WebPage\",\"@id\":\"https:\/\/visitpovljana.eu\/hr\/kontakt\/\",\"url\":\"https:\/\/visitpovljana.eu\/hr\/kontakt\/\",\"name\":\"Kontakt | Povljana Tourist Board\",\"isPartOf\":{\"@id\":\"https:\/\/visitpovljana.eu\/#website\"},\"primaryImageOfPage\":{\"@id\":\"https:\/\/visitpovljana.eu\/hr\/kontakt\/#primaryimage\"},\"image\":{\"@id\":\"https:\/\/visitpovljana.eu\/hr\/kontakt\/#primaryimage\"},\"thumbnailUrl\":\"https:\/\/visitpovljana.eu\/wp-content\/uploads\/2018\/11\/logo.png\",\"datePublished\":\"2018-12-06T12:27:55+00:00\",\"dateModified\":\"2021-06-17T10:52:32+00:00\",\"breadcrumb\":{\"@id\":\"https:\/\/visitpovljana.eu\/hr\/kontakt\/#breadcrumb\"},\"inLanguage\":\"hr\",\"potentialAction\":[{\"@type\":\"ReadAction\",\"target\":[\"https:\/\/visitpovljana.eu\/hr\/kontakt\/\"]}]},{\"@type\":\"ImageObject\",\"inLanguage\":\"hr\",\"@id\":\"https:\/\/visitpovljana.eu\/hr\/kontakt\/#primaryimage\",\"url\":\"https:\/\/visitpovljana.eu\/wp-content\/uploads\/2018\/11\/logo.png\",\"contentUrl\":\"https:\/\/visitpovljana.eu\/wp-content\/uploads\/2018\/11\/logo.png\"},{\"@type\":\"BreadcrumbList\",\"@id\":\"https:\/\/visitpovljana.eu\/hr\/kontakt\/#breadcrumb\",\"itemListElement\":[{\"@type\":\"ListItem\",\"position\":1,\"name\":\"Naslovnica\",\"item\":\"https:\/\/visitpovljana.eu\/hr\/\"},{\"@type\":\"ListItem\",\"position\":2,\"name\":\"Kontakt\"}]},{\"@type\":\"WebSite\",\"@id\":\"https:\/\/visitpovljana.eu\/#website\",\"url\":\"https:\/\/visitpovljana.eu\/\",\"name\":\"Povljana Tourist Board\",\"description\":\"Official Website for Povljana Tourist Board\",\"publisher\":{\"@id\":\"https:\/\/visitpovljana.eu\/#organization\"},\"potentialAction\":[{\"@type\":\"SearchAction\",\"target\":{\"@type\":\"EntryPoint\",\"urlTemplate\":\"https:\/\/visitpovljana.eu\/?s={search_term_string}\"},\"query-input\":{\"@type\":\"PropertyValueSpecification\",\"valueRequired\":true,\"valueName\":\"search_term_string\"}}],\"inLanguage\":\"hr\"},{\"@type\":\"Organization\",\"@id\":\"https:\/\/visitpovljana.eu\/#organization\",\"name\":\"Povljana Tourist Board\",\"url\":\"https:\/\/visitpovljana.eu\/\",\"logo\":{\"@type\":\"ImageObject\",\"inLanguage\":\"hr\",\"@id\":\"https:\/\/visitpovljana.eu\/#\/schema\/logo\/image\/\",\"url\":\"https:\/\/visitpovljana.eu\/wp-content\/uploads\/2018\/11\/logo.png\",\"contentUrl\":\"https:\/\/visitpovljana.eu\/wp-content\/uploads\/2018\/11\/logo.png\",\"width\":225,\"height\":53,\"caption\":\"Povljana Tourist Board\"},\"image\":{\"@id\":\"https:\/\/visitpovljana.eu\/#\/schema\/logo\/image\/\"},\"sameAs\":[\"https:\/\/www.facebook.com\/turistickazajednica.povljana.9\",\"https:\/\/www.instagram.com\/povljanatz\/\",\"https:\/\/www.youtube.com\/channel\/UCxdqlvStUxA6OnUy3WyOIyw\"]}]}<\/script>\n<!-- \/ Yoast SEO plugin. -->","yoast_head_json":{"title":"Kontakt | Povljana Tourist Board","robots":{"index":"index","follow":"follow","max-snippet":"max-snippet:-1","max-image-preview":"max-image-preview:large","max-video-preview":"max-video-preview:-1"},"canonical":"https:\/\/visitpovljana.eu\/hr\/kontakt\/","og_locale":"hr_HR","og_type":"article","og_title":"Kontakt | Povljana Tourist Board","og_description":"[vc_row css=&#8221;.vc_custom_1542029463426{padding-top: 9.9rem !important;padding-bottom: 7.8rem !important;}&#8221; el_class=&#8221;contacts_1&#8243;][vc_column width=&#8221;2\/3&#8243;][\/vc_column][vc_column width=&#8221;1\/3&#8243; css=&#8221;.vc_custom_1542030547967{padding-top: 135px !important;}&#8221;][vc_column_text] Turisti\u010dka zajednica Povljana Adresa: Stjepana Radi\u0107a 20, 23249 Povljana OIB: HR89804721559 Direktor: Neven Ti\u010di\u0107 Telefon \/ Fax +385(0)23&hellip;","og_url":"https:\/\/visitpovljana.eu\/hr\/kontakt\/","og_site_name":"Povljana Tourist Board","article_publisher":"https:\/\/www.facebook.com\/turistickazajednica.povljana.9","article_modified_time":"2021-06-17T10:52:32+00:00","og_image":[{"url":"https:\/\/visitpovljana.eu\/wp-content\/uploads\/2018\/11\/logo.png","type":"","width":"","height":""}],"twitter_card":"summary_large_image","twitter_misc":{"Procijenjeno vrijeme \u010ditanja":"1 minuta"},"schema":{"@context":"https:\/\/schema.org","@graph":[{"@type":"WebPage","@id":"https:\/\/visitpovljana.eu\/hr\/kontakt\/","url":"https:\/\/visitpovljana.eu\/hr\/kontakt\/","name":"Kontakt | Povljana Tourist Board","isPartOf":{"@id":"https:\/\/visitpovljana.eu\/#website"},"primaryImageOfPage":{"@id":"https:\/\/visitpovljana.eu\/hr\/kontakt\/#primaryimage"},"image":{"@id":"https:\/\/visitpovljana.eu\/hr\/kontakt\/#primaryimage"},"thumbnailUrl":"https:\/\/visitpovljana.eu\/wp-content\/uploads\/2018\/11\/logo.png","datePublished":"2018-12-06T12:27:55+00:00","dateModified":"2021-06-17T10:52:32+00:00","breadcrumb":{"@id":"https:\/\/visitpovljana.eu\/hr\/kontakt\/#breadcrumb"},"inLanguage":"hr","potentialAction":[{"@type":"ReadAction","target":["https:\/\/visitpovljana.eu\/hr\/kontakt\/"]}]},{"@type":"ImageObject","inLanguage":"hr","@id":"https:\/\/visitpovljana.eu\/hr\/kontakt\/#primaryimage","url":"https:\/\/visitpovljana.eu\/wp-content\/uploads\/2018\/11\/logo.png","contentUrl":"https:\/\/visitpovljana.eu\/wp-content\/uploads\/2018\/11\/logo.png"},{"@type":"BreadcrumbList","@id":"https:\/\/visitpovljana.eu\/hr\/kontakt\/#breadcrumb","itemListElement":[{"@type":"ListItem","position":1,"name":"Naslovnica","item":"https:\/\/visitpovljana.eu\/hr\/"},{"@type":"ListItem","position":2,"name":"Kontakt"}]},{"@type":"WebSite","@id":"https:\/\/visitpovljana.eu\/#website","url":"https:\/\/visitpovljana.eu\/","name":"Povljana Tourist Board","description":"Official Website for Povljana Tourist Board","publisher":{"@id":"https:\/\/visitpovljana.eu\/#organization"},"potentialAction":[{"@type":"SearchAction","target":{"@type":"EntryPoint","urlTemplate":"https:\/\/visitpovljana.eu\/?s={search_term_string}"},"query-input":{"@type":"PropertyValueSpecification","valueRequired":true,"valueName":"search_term_string"}}],"inLanguage":"hr"},{"@type":"Organization","@id":"https:\/\/visitpovljana.eu\/#organization","name":"Povljana Tourist Board","url":"https:\/\/visitpovljana.eu\/","logo":{"@type":"ImageObject","inLanguage":"hr","@id":"https:\/\/visitpovljana.eu\/#\/schema\/logo\/image\/","url":"https:\/\/visitpovljana.eu\/wp-content\/uploads\/2018\/11\/logo.png","contentUrl":"https:\/\/visitpovljana.eu\/wp-content\/uploads\/2018\/11\/logo.png","width":225,"height":53,"caption":"Povljana Tourist Board"},"image":{"@id":"https:\/\/visitpovljana.eu\/#\/schema\/logo\/image\/"},"sameAs":["https:\/\/www.facebook.com\/turistickazajednica.povljana.9","https:\/\/www.instagram.com\/povljanatz\/","https:\/\/www.youtube.com\/channel\/UCxdqlvStUxA6OnUy3WyOIyw"]}]}},"_links":{"self":[{"href":"https:\/\/visitpovljana.eu\/hr\/wp-json\/wp\/v2\/pages\/1579","targetHints":{"allow":["GET"]}}],"collection":[{"href":"https:\/\/visitpovljana.eu\/hr\/wp-json\/wp\/v2\/pages"}],"about":[{"href":"https:\/\/visitpovljana.eu\/hr\/wp-json\/wp\/v2\/types\/page"}],"author":[{"embeddable":true,"href":"https:\/\/visitpovljana.eu\/hr\/wp-json\/wp\/v2\/users\/1"}],"replies":[{"embeddable":true,"href":"https:\/\/visitpovljana.eu\/hr\/wp-json\/wp\/v2\/comments?post=1579"}],"version-history":[{"count":6,"href":"https:\/\/visitpovljana.eu\/hr\/wp-json\/wp\/v2\/pages\/1579\/revisions"}],"predecessor-version":[{"id":1584,"href":"https:\/\/visitpovljana.eu\/hr\/wp-json\/wp\/v2\/pages\/1579\/revisions\/1584"}],"wp:attachment":[{"href":"https:\/\/visitpovljana.eu\/hr\/wp-json\/wp\/v2\/media?parent=1579"}],"curies":[{"name":"wp","href":"https:\/\/api.w.org\/{rel}","templated":true}]}}