{"id":1573,"date":"2018-12-06T12:23:34","date_gmt":"2018-12-06T12:23:34","guid":{"rendered":"https:\/\/visitpovljana.eu\/?page_id=1573"},"modified":"2018-12-06T12:25:26","modified_gmt":"2018-12-06T12:25:26","slug":"klape","status":"publish","type":"page","link":"https:\/\/visitpovljana.eu\/hr\/klape\/","title":{"rendered":"Klape"},"content":{"rendered":"<div class=\"wpb-content-wrapper\"><p>[vc_row][vc_column][vc_column_text]<\/p>\n<p style=\"text-align: center; font-size: 20px;\">Susret klapa &#8220;Povljana u pismi&#8221; tradicionalna je manifestacija koja se odr\u017eava po\u010detkom srpnja svake godine od 2002., ispred crkve na trgu sv. Jurja. Ovaj festival nadma\u0161io je svoju lokalnu va\u017enost i stekao atribute najzna\u010dajnijeg doga\u0111aja klapskog pjevanja na otoku Pagu. Osim klapa s otoka Paga, festival okuplja klape iz Zadarske \u017eupanije i RH.<\/p>\n<p>[\/vc_column_text][\/vc_column][\/vc_row][vc_row css=&#8221;.vc_custom_1543312512975{padding-top: 50px !important;}&#8221;][vc_column width=&#8221;1\/2&#8243;][vc_column_text]Nepotrebno je re\u0107i da ova dalmatinska glazbena tradicija privla\u010di veliki interes turista i doma\u0107e publike. Stoga je susret klapa &#8220;Povljana u pismi&#8221; zna\u010dajan doprinos turisti\u010dkoj ponudi Povljane i otoka Paga.<\/p>\n<p>Turisti\u010dka zajednica Povljane, zajedno s op\u0107inom Povljana, klju\u010dni su organizatori nastupa klapa. Turisti i doma\u0107ini mogu u\u017eivati u ljepoti zvuka dalmatinskog klapskog pjevanja, a manifestacija &#8220;Povljana u pismi&#8221; tradicionalno je uvijek bila najbolji uvod u ljeto kulture i zabave u Povljani.<\/p>\n<p>Festival Klape &#8220;Povljana u pjesmi&#8221; ima tradiciju od 2002. godine, kada je gospodin Boris Rumora prvi put organizirao doga\u0111aj.<br \/>\n[\/vc_column_text][\/vc_column][vc_column width=&#8221;1\/2&#8243;][vc_single_image image=&#8221;1344&#8243; img_size=&#8221;full&#8221;][\/vc_column][\/vc_row][vc_row css=&#8221;.vc_custom_1543313241351{padding-top: 50px !important;}&#8221;][vc_column width=&#8221;1\/2&#8243;][vc_single_image image=&#8221;1341&#8243; img_size=&#8221;full&#8221;][\/vc_column][vc_column width=&#8221;1\/2&#8243;][vc_column_text]<\/p>\n<h4>Mu\u0161ka klapa Povljana<\/h4>\n<p>Mu\u0161ka klapa &#8216;Povljana&#8217; aktivna je od 12.1.1998., a nastupala je mnogo puta tijekom svog postojanja. Osim izvedbi na otoku Pagu, klapa je nastupala i na razli\u010ditim manifestacijama u Zadarskoj \u017eupaniji. Tako\u0111er je nastupala na mnogim doga\u0111anjima u organizaciji turisti\u010dkih zajednica, ali i u inozemstvu &#8211; u Sloveniji, Italiji, Francuskoj i Slova\u010dkoj.<\/p>\n<p>Zna\u010dajniji nastupi &#8211; Omi\u0161ki festival klapa 1999. i 2000., Sjevernoadranski klapski festival u Senju 1999., 2000. i 2002.godine<br \/>\nMu\u0161ka klapa &#8221;Povljana&#8221; svojim je brojnim nastupima dala zna\u010dajan doprinos turisti\u010dkoj ponudi i promociji Povljane.<br \/>\n[\/vc_column_text][\/vc_column][\/vc_row]<\/p>\n<\/div>","protected":false},"excerpt":{"rendered":"<p>[vc_row][vc_column][vc_column_text] Susret klapa &#8220;Povljana u pismi&#8221; tradicionalna je manifestacija koja se odr\u017eava po\u010detkom srpnja svake godine od 2002., ispred crkve na trgu sv. Jurja. Ovaj festival nadma\u0161io je svoju lokalnu&hellip;<\/p>\n","protected":false},"author":1,"featured_media":0,"parent":0,"menu_order":0,"comment_status":"closed","ping_status":"closed","template":"","meta":{"footnotes":""},"class_list":["post-1573","page","type-page","status-publish","hentry"],"yoast_head":"<!-- This site is optimized with the Yoast SEO plugin v27.1.1 - https:\/\/yoast.com\/product\/yoast-seo-wordpress\/ -->\n<title>Klape | Povljana Tourist Board<\/title>\n<meta name=\"robots\" content=\"index, follow, max-snippet:-1, max-image-preview:large, max-video-preview:-1\" \/>\n<link rel=\"canonical\" href=\"https:\/\/visitpovljana.eu\/hr\/klape\/\" \/>\n<meta property=\"og:locale\" content=\"hr_HR\" \/>\n<meta property=\"og:type\" content=\"article\" \/>\n<meta property=\"og:title\" content=\"Klape | Povljana Tourist Board\" \/>\n<meta property=\"og:description\" content=\"[vc_row][vc_column][vc_column_text] Susret klapa &#8220;Povljana u pismi&#8221; tradicionalna je manifestacija koja se odr\u017eava po\u010detkom srpnja svake godine od 2002., ispred crkve na trgu sv. Jurja. Ovaj festival nadma\u0161io je svoju lokalnu&hellip;\" \/>\n<meta property=\"og:url\" content=\"https:\/\/visitpovljana.eu\/hr\/klape\/\" \/>\n<meta property=\"og:site_name\" content=\"Povljana Tourist Board\" \/>\n<meta property=\"article:publisher\" content=\"https:\/\/www.facebook.com\/turistickazajednica.povljana.9\" \/>\n<meta property=\"article:modified_time\" content=\"2018-12-06T12:25:26+00:00\" \/>\n<meta name=\"twitter:card\" content=\"summary_large_image\" \/>\n<meta name=\"twitter:label1\" content=\"Procijenjeno vrijeme \u010ditanja\" \/>\n\t<meta name=\"twitter:data1\" content=\"2 minute\" \/>\n<script type=\"application\/ld+json\" class=\"yoast-schema-graph\">{\"@context\":\"https:\/\/schema.org\",\"@graph\":[{\"@type\":\"WebPage\",\"@id\":\"https:\/\/visitpovljana.eu\/hr\/klape\/\",\"url\":\"https:\/\/visitpovljana.eu\/hr\/klape\/\",\"name\":\"Klape | Povljana Tourist Board\",\"isPartOf\":{\"@id\":\"https:\/\/visitpovljana.eu\/#website\"},\"datePublished\":\"2018-12-06T12:23:34+00:00\",\"dateModified\":\"2018-12-06T12:25:26+00:00\",\"breadcrumb\":{\"@id\":\"https:\/\/visitpovljana.eu\/hr\/klape\/#breadcrumb\"},\"inLanguage\":\"hr\",\"potentialAction\":[{\"@type\":\"ReadAction\",\"target\":[\"https:\/\/visitpovljana.eu\/hr\/klape\/\"]}]},{\"@type\":\"BreadcrumbList\",\"@id\":\"https:\/\/visitpovljana.eu\/hr\/klape\/#breadcrumb\",\"itemListElement\":[{\"@type\":\"ListItem\",\"position\":1,\"name\":\"Naslovnica\",\"item\":\"https:\/\/visitpovljana.eu\/hr\/\"},{\"@type\":\"ListItem\",\"position\":2,\"name\":\"Klape\"}]},{\"@type\":\"WebSite\",\"@id\":\"https:\/\/visitpovljana.eu\/#website\",\"url\":\"https:\/\/visitpovljana.eu\/\",\"name\":\"Povljana Tourist Board\",\"description\":\"Official Website for Povljana Tourist Board\",\"publisher\":{\"@id\":\"https:\/\/visitpovljana.eu\/#organization\"},\"potentialAction\":[{\"@type\":\"SearchAction\",\"target\":{\"@type\":\"EntryPoint\",\"urlTemplate\":\"https:\/\/visitpovljana.eu\/?s={search_term_string}\"},\"query-input\":{\"@type\":\"PropertyValueSpecification\",\"valueRequired\":true,\"valueName\":\"search_term_string\"}}],\"inLanguage\":\"hr\"},{\"@type\":\"Organization\",\"@id\":\"https:\/\/visitpovljana.eu\/#organization\",\"name\":\"Povljana Tourist Board\",\"url\":\"https:\/\/visitpovljana.eu\/\",\"logo\":{\"@type\":\"ImageObject\",\"inLanguage\":\"hr\",\"@id\":\"https:\/\/visitpovljana.eu\/#\/schema\/logo\/image\/\",\"url\":\"https:\/\/visitpovljana.eu\/wp-content\/uploads\/2018\/11\/logo.png\",\"contentUrl\":\"https:\/\/visitpovljana.eu\/wp-content\/uploads\/2018\/11\/logo.png\",\"width\":225,\"height\":53,\"caption\":\"Povljana Tourist Board\"},\"image\":{\"@id\":\"https:\/\/visitpovljana.eu\/#\/schema\/logo\/image\/\"},\"sameAs\":[\"https:\/\/www.facebook.com\/turistickazajednica.povljana.9\",\"https:\/\/www.instagram.com\/povljanatz\/\",\"https:\/\/www.youtube.com\/channel\/UCxdqlvStUxA6OnUy3WyOIyw\"]}]}<\/script>\n<!-- \/ Yoast SEO plugin. -->","yoast_head_json":{"title":"Klape | Povljana Tourist Board","robots":{"index":"index","follow":"follow","max-snippet":"max-snippet:-1","max-image-preview":"max-image-preview:large","max-video-preview":"max-video-preview:-1"},"canonical":"https:\/\/visitpovljana.eu\/hr\/klape\/","og_locale":"hr_HR","og_type":"article","og_title":"Klape | Povljana Tourist Board","og_description":"[vc_row][vc_column][vc_column_text] Susret klapa &#8220;Povljana u pismi&#8221; tradicionalna je manifestacija koja se odr\u017eava po\u010detkom srpnja svake godine od 2002., ispred crkve na trgu sv. Jurja. Ovaj festival nadma\u0161io je svoju lokalnu&hellip;","og_url":"https:\/\/visitpovljana.eu\/hr\/klape\/","og_site_name":"Povljana Tourist Board","article_publisher":"https:\/\/www.facebook.com\/turistickazajednica.povljana.9","article_modified_time":"2018-12-06T12:25:26+00:00","twitter_card":"summary_large_image","twitter_misc":{"Procijenjeno vrijeme \u010ditanja":"2 minute"},"schema":{"@context":"https:\/\/schema.org","@graph":[{"@type":"WebPage","@id":"https:\/\/visitpovljana.eu\/hr\/klape\/","url":"https:\/\/visitpovljana.eu\/hr\/klape\/","name":"Klape | Povljana Tourist Board","isPartOf":{"@id":"https:\/\/visitpovljana.eu\/#website"},"datePublished":"2018-12-06T12:23:34+00:00","dateModified":"2018-12-06T12:25:26+00:00","breadcrumb":{"@id":"https:\/\/visitpovljana.eu\/hr\/klape\/#breadcrumb"},"inLanguage":"hr","potentialAction":[{"@type":"ReadAction","target":["https:\/\/visitpovljana.eu\/hr\/klape\/"]}]},{"@type":"BreadcrumbList","@id":"https:\/\/visitpovljana.eu\/hr\/klape\/#breadcrumb","itemListElement":[{"@type":"ListItem","position":1,"name":"Naslovnica","item":"https:\/\/visitpovljana.eu\/hr\/"},{"@type":"ListItem","position":2,"name":"Klape"}]},{"@type":"WebSite","@id":"https:\/\/visitpovljana.eu\/#website","url":"https:\/\/visitpovljana.eu\/","name":"Povljana Tourist Board","description":"Official Website for Povljana Tourist Board","publisher":{"@id":"https:\/\/visitpovljana.eu\/#organization"},"potentialAction":[{"@type":"SearchAction","target":{"@type":"EntryPoint","urlTemplate":"https:\/\/visitpovljana.eu\/?s={search_term_string}"},"query-input":{"@type":"PropertyValueSpecification","valueRequired":true,"valueName":"search_term_string"}}],"inLanguage":"hr"},{"@type":"Organization","@id":"https:\/\/visitpovljana.eu\/#organization","name":"Povljana Tourist Board","url":"https:\/\/visitpovljana.eu\/","logo":{"@type":"ImageObject","inLanguage":"hr","@id":"https:\/\/visitpovljana.eu\/#\/schema\/logo\/image\/","url":"https:\/\/visitpovljana.eu\/wp-content\/uploads\/2018\/11\/logo.png","contentUrl":"https:\/\/visitpovljana.eu\/wp-content\/uploads\/2018\/11\/logo.png","width":225,"height":53,"caption":"Povljana Tourist Board"},"image":{"@id":"https:\/\/visitpovljana.eu\/#\/schema\/logo\/image\/"},"sameAs":["https:\/\/www.facebook.com\/turistickazajednica.povljana.9","https:\/\/www.instagram.com\/povljanatz\/","https:\/\/www.youtube.com\/channel\/UCxdqlvStUxA6OnUy3WyOIyw"]}]}},"_links":{"self":[{"href":"https:\/\/visitpovljana.eu\/hr\/wp-json\/wp\/v2\/pages\/1573","targetHints":{"allow":["GET"]}}],"collection":[{"href":"https:\/\/visitpovljana.eu\/hr\/wp-json\/wp\/v2\/pages"}],"about":[{"href":"https:\/\/visitpovljana.eu\/hr\/wp-json\/wp\/v2\/types\/page"}],"author":[{"embeddable":true,"href":"https:\/\/visitpovljana.eu\/hr\/wp-json\/wp\/v2\/users\/1"}],"replies":[{"embeddable":true,"href":"https:\/\/visitpovljana.eu\/hr\/wp-json\/wp\/v2\/comments?post=1573"}],"version-history":[{"count":3,"href":"https:\/\/visitpovljana.eu\/hr\/wp-json\/wp\/v2\/pages\/1573\/revisions"}],"predecessor-version":[{"id":1578,"href":"https:\/\/visitpovljana.eu\/hr\/wp-json\/wp\/v2\/pages\/1573\/revisions\/1578"}],"wp:attachment":[{"href":"https:\/\/visitpovljana.eu\/hr\/wp-json\/wp\/v2\/media?parent=1573"}],"curies":[{"name":"wp","href":"https:\/\/api.w.org\/{rel}","templated":true}]}}