{"id":1565,"date":"2018-12-05T13:17:32","date_gmt":"2018-12-05T13:17:32","guid":{"rendered":"https:\/\/visitpovljana.eu\/?page_id=1565"},"modified":"2018-12-13T13:14:28","modified_gmt":"2018-12-13T13:14:28","slug":"atrakcije","status":"publish","type":"page","link":"https:\/\/visitpovljana.eu\/hr\/atrakcije\/","title":{"rendered":"Atrakcije"},"content":{"rendered":"<div class=\"wpb-content-wrapper\"><p>[vc_row css=&#8221;.vc_custom_1542884542645{padding-bottom: 50px !important;}&#8221;][vc_column width=&#8221;1\/2&#8243;][vc_single_image image=&#8221;1199&#8243; img_size=&#8221;full&#8221; alignment=&#8221;center&#8221; css=&#8221;.vc_custom_1542884441149{padding-top: 30px !important;}&#8221;][\/vc_column][vc_column width=&#8221;1\/2&#8243;][vc_column_text css=&#8221;.vc_custom_1544015911964{padding-bottom: 15px !important;}&#8221;]<\/p>\n<h3 style=\"margin-top: 0.4em; text-align: left;\">Veliko Blato<\/h3>\n<p style=\"text-align: left;\">Ornitolo\u0161ki rezervat Veliko blato, skloni\u0161te je razli\u010ditim vrstama ptica mo\u010dvarica, osobito tijekom razdoblja gnije\u017e\u0111enja, migracije i hibernacije. Du\u017eina ovog mo\u010dvarnog stani\u0161ta je oko 2 km, s prosje\u010dnom \u0161irinom pribli\u017eno 1.2 km.<\/p>\n<p>[\/vc_column_text][vc_column_text css=&#8221;.vc_custom_1544015916325{padding-bottom: 15px !important;}&#8221;]<\/p>\n<p style=\"text-align: left;\">Na otoku Pagu nalazi se jo\u0161 mo\u010dvarno podru\u010dja Kolansko blato u op\u0107ini Kolan.<\/p>\n<p>[\/vc_column_text]<div class=\"sc_item_button sc_button_wrap sc_align_left\"><a href=\"https:\/\/visitpovljana.eu\/hr\/ornitoloski-rezervat-veliko-blato\/\" id=\"sc_button_1383945832\" class=\"sc_button sc_button_default sc_button_size_normal sc_button_icon_left\"><span class=\"sc_button_text sc_align_center\"><span class=\"sc_button_title\">Saznajte vi\u0161e<\/span><\/span><!-- \/.sc_button_text --><\/a><!-- \/.sc_button --><\/div><!-- \/.sc_item_button -->[\/vc_column][\/vc_row][vc_row css=&#8221;.vc_custom_1542884549528{padding-bottom: 50px !important;}&#8221;][vc_column width=&#8221;1\/2&#8243;][vc_column_text]<\/p>\n<h3 style=\"margin-top: 0.4em; text-align: left;\">Ljekovito blato Segal<\/h3>\n<p>Zapadno od Povljane, uz pla\u017eu Dubrovnik okru\u017eenu borovom \u0161umom, na\u0107i \u0107ete jezero Segal s blatnim sedimentom. Prirodno ljekovito sredstvo kao \u0161to je peloid, zajedno s suncem, morem i \u010distim zrakom, povoljan je \u010dimbenik za o\u010duvanje i pobolj\u0161anje zdravlja i blagostanja, prevenciju i lije\u010denje razli\u010ditih bolesti, kao i oporavak od njih. Terapeutski peloid je idealan za lije\u010denje degenerativnih bolesti, reumatskog artritisa i ko\u017enih bolesti.<\/p>\n<p>\u010cesto se koristi kao kompresija za podru\u010dje \u017eeluca i bubrega u slu\u010dajevima gastrointestinalnih bolesti, kao i bolesti reproduktivnih organa i mokra\u0107nog sustava. Koristi se u slu\u010daju reumatskih bolesti kao oblog za ruke, pojedina\u010dne zglobove ili skupine velikih zglobova i kralje\u017enicu. Prirodno blato smatra se dobrim sredstvom za detoksikaciju. Prona\u0111ite svoje mjesto na pla\u017ei, na stijenama ili pod borovom \u0161umom i prepustite se opu\u0161taju\u0107em i terapeutskom u\u010dinku blagotvornih klimatskih, morskih i balneolo\u0161kih \u010dimbenika.<\/p>\n<p>[\/vc_column_text][\/vc_column][vc_column width=&#8221;1\/2&#8243; css=&#8221;.vc_custom_1542884468842{padding-top: 50px !important;}&#8221;][vc_single_image image=&#8221;1194&#8243; img_size=&#8221;full&#8221;][\/vc_column][\/vc_row][vc_row][vc_column width=&#8221;1\/2&#8243; css=&#8221;.vc_custom_1542884724548{padding-top: 60px !important;}&#8221;][vc_single_image image=&#8221;1205&#8243; img_size=&#8221;full&#8221;][\/vc_column][vc_column width=&#8221;1\/2&#8243;][vc_column_text]<\/p>\n<h3 style=\"margin-top: 0.4em;\">Suhozidi<\/h3>\n<p>Suhozidi su zna\u010dajan spomenik te\u0161kog \u017eivota i ogromnog napora stanovnika otoka; izgra\u0111ene su od vje\u0161tog slo\u017eenog kamena na te\u0161ko obradivom zemlji\u0161tu. Suhozidi sa svojim oblicima, povr\u0161inom, izgledom i svrhom jedan su od najreprezentativnijih primjera izvorne narodne arhitekture. Oni slu\u017ee kao prirodne granice izme\u0111u posjeda, dovoljno su visoki da sprije\u010de skakanje ovaca i dovoljno jaki da ih bura ne\u0107e sru\u0161iti. Va\u017ena su stani\u0161ta za gmazove, ptice i male sisavce.<\/p>\n<p>Bit \u0107ete odu\u0161evljeni pogledom na cijelo stado ovaca koji se odmaraju u sjeni ispod kamene ograde na vru\u0107em ljetnom poslijepodnevu. Zbog nedostatka stabala na golemom kr\u0161kom terenu, ov\u010dje nastambe (tzv. torovi ili jare) su jedino skloni\u0161te od vru\u0107ih ljetnih temperatura. Osim suhozida, ov\u010dje nastambe nazvane &#8220;torovi&#8221; ili &#8220;jare&#8221; mogu privu\u0107i va\u0161u pa\u017enju. Suhozidi su va\u017ean krajobraz i dio su hrvatske bogate kulturne ba\u0161tine.<br \/>\n[\/vc_column_text][\/vc_column][\/vc_row]<\/p>\n<\/div>","protected":false},"excerpt":{"rendered":"<p>[vc_row css=&#8221;.vc_custom_1542884542645{padding-bottom: 50px !important;}&#8221;][vc_column width=&#8221;1\/2&#8243;][vc_single_image image=&#8221;1199&#8243; img_size=&#8221;full&#8221; alignment=&#8221;center&#8221; css=&#8221;.vc_custom_1542884441149{padding-top: 30px !important;}&#8221;][\/vc_column][vc_column width=&#8221;1\/2&#8243;][vc_column_text css=&#8221;.vc_custom_1544015911964{padding-bottom: 15px !important;}&#8221;] Veliko Blato Ornitolo\u0161ki rezervat Veliko blato, skloni\u0161te je razli\u010ditim vrstama ptica mo\u010dvarica, osobito tijekom razdoblja&hellip;<\/p>\n","protected":false},"author":1,"featured_media":0,"parent":0,"menu_order":0,"comment_status":"closed","ping_status":"closed","template":"","meta":{"footnotes":""},"class_list":["post-1565","page","type-page","status-publish","hentry"],"yoast_head":"<!-- This site is optimized with the Yoast SEO plugin v27.1.1 - https:\/\/yoast.com\/product\/yoast-seo-wordpress\/ -->\n<title>Atrakcije | Povljana Tourist Board<\/title>\n<meta name=\"robots\" content=\"index, follow, max-snippet:-1, max-image-preview:large, max-video-preview:-1\" \/>\n<link rel=\"canonical\" href=\"https:\/\/visitpovljana.eu\/hr\/atrakcije\/\" \/>\n<meta property=\"og:locale\" content=\"hr_HR\" \/>\n<meta property=\"og:type\" content=\"article\" \/>\n<meta property=\"og:title\" content=\"Atrakcije | Povljana Tourist Board\" \/>\n<meta property=\"og:description\" content=\"[vc_row css=&#8221;.vc_custom_1542884542645{padding-bottom: 50px !important;}&#8221;][vc_column width=&#8221;1\/2&#8243;][vc_single_image image=&#8221;1199&#8243; img_size=&#8221;full&#8221; alignment=&#8221;center&#8221; css=&#8221;.vc_custom_1542884441149{padding-top: 30px !important;}&#8221;][\/vc_column][vc_column width=&#8221;1\/2&#8243;][vc_column_text css=&#8221;.vc_custom_1544015911964{padding-bottom: 15px !important;}&#8221;] Veliko Blato Ornitolo\u0161ki rezervat Veliko blato, skloni\u0161te je razli\u010ditim vrstama ptica mo\u010dvarica, osobito tijekom razdoblja&hellip;\" \/>\n<meta property=\"og:url\" content=\"https:\/\/visitpovljana.eu\/hr\/atrakcije\/\" \/>\n<meta property=\"og:site_name\" content=\"Povljana Tourist Board\" \/>\n<meta property=\"article:publisher\" content=\"https:\/\/www.facebook.com\/turistickazajednica.povljana.9\" \/>\n<meta property=\"article:modified_time\" content=\"2018-12-13T13:14:28+00:00\" \/>\n<meta name=\"twitter:card\" content=\"summary_large_image\" \/>\n<meta name=\"twitter:label1\" content=\"Procijenjeno vrijeme \u010ditanja\" \/>\n\t<meta name=\"twitter:data1\" content=\"3 minute\" \/>\n<script type=\"application\/ld+json\" class=\"yoast-schema-graph\">{\"@context\":\"https:\/\/schema.org\",\"@graph\":[{\"@type\":\"WebPage\",\"@id\":\"https:\/\/visitpovljana.eu\/hr\/atrakcije\/\",\"url\":\"https:\/\/visitpovljana.eu\/hr\/atrakcije\/\",\"name\":\"Atrakcije | Povljana Tourist Board\",\"isPartOf\":{\"@id\":\"https:\/\/visitpovljana.eu\/#website\"},\"datePublished\":\"2018-12-05T13:17:32+00:00\",\"dateModified\":\"2018-12-13T13:14:28+00:00\",\"breadcrumb\":{\"@id\":\"https:\/\/visitpovljana.eu\/hr\/atrakcije\/#breadcrumb\"},\"inLanguage\":\"hr\",\"potentialAction\":[{\"@type\":\"ReadAction\",\"target\":[\"https:\/\/visitpovljana.eu\/hr\/atrakcije\/\"]}]},{\"@type\":\"BreadcrumbList\",\"@id\":\"https:\/\/visitpovljana.eu\/hr\/atrakcije\/#breadcrumb\",\"itemListElement\":[{\"@type\":\"ListItem\",\"position\":1,\"name\":\"Naslovnica\",\"item\":\"https:\/\/visitpovljana.eu\/hr\/\"},{\"@type\":\"ListItem\",\"position\":2,\"name\":\"Atrakcije\"}]},{\"@type\":\"WebSite\",\"@id\":\"https:\/\/visitpovljana.eu\/#website\",\"url\":\"https:\/\/visitpovljana.eu\/\",\"name\":\"Povljana Tourist Board\",\"description\":\"Official Website for Povljana Tourist Board\",\"publisher\":{\"@id\":\"https:\/\/visitpovljana.eu\/#organization\"},\"potentialAction\":[{\"@type\":\"SearchAction\",\"target\":{\"@type\":\"EntryPoint\",\"urlTemplate\":\"https:\/\/visitpovljana.eu\/?s={search_term_string}\"},\"query-input\":{\"@type\":\"PropertyValueSpecification\",\"valueRequired\":true,\"valueName\":\"search_term_string\"}}],\"inLanguage\":\"hr\"},{\"@type\":\"Organization\",\"@id\":\"https:\/\/visitpovljana.eu\/#organization\",\"name\":\"Povljana Tourist Board\",\"url\":\"https:\/\/visitpovljana.eu\/\",\"logo\":{\"@type\":\"ImageObject\",\"inLanguage\":\"hr\",\"@id\":\"https:\/\/visitpovljana.eu\/#\/schema\/logo\/image\/\",\"url\":\"https:\/\/visitpovljana.eu\/wp-content\/uploads\/2018\/11\/logo.png\",\"contentUrl\":\"https:\/\/visitpovljana.eu\/wp-content\/uploads\/2018\/11\/logo.png\",\"width\":225,\"height\":53,\"caption\":\"Povljana Tourist Board\"},\"image\":{\"@id\":\"https:\/\/visitpovljana.eu\/#\/schema\/logo\/image\/\"},\"sameAs\":[\"https:\/\/www.facebook.com\/turistickazajednica.povljana.9\",\"https:\/\/www.instagram.com\/povljanatz\/\",\"https:\/\/www.youtube.com\/channel\/UCxdqlvStUxA6OnUy3WyOIyw\"]}]}<\/script>\n<!-- \/ Yoast SEO plugin. -->","yoast_head_json":{"title":"Atrakcije | Povljana Tourist Board","robots":{"index":"index","follow":"follow","max-snippet":"max-snippet:-1","max-image-preview":"max-image-preview:large","max-video-preview":"max-video-preview:-1"},"canonical":"https:\/\/visitpovljana.eu\/hr\/atrakcije\/","og_locale":"hr_HR","og_type":"article","og_title":"Atrakcije | Povljana Tourist Board","og_description":"[vc_row css=&#8221;.vc_custom_1542884542645{padding-bottom: 50px !important;}&#8221;][vc_column width=&#8221;1\/2&#8243;][vc_single_image image=&#8221;1199&#8243; img_size=&#8221;full&#8221; alignment=&#8221;center&#8221; css=&#8221;.vc_custom_1542884441149{padding-top: 30px !important;}&#8221;][\/vc_column][vc_column width=&#8221;1\/2&#8243;][vc_column_text css=&#8221;.vc_custom_1544015911964{padding-bottom: 15px !important;}&#8221;] Veliko Blato Ornitolo\u0161ki rezervat Veliko blato, skloni\u0161te je razli\u010ditim vrstama ptica mo\u010dvarica, osobito tijekom razdoblja&hellip;","og_url":"https:\/\/visitpovljana.eu\/hr\/atrakcije\/","og_site_name":"Povljana Tourist Board","article_publisher":"https:\/\/www.facebook.com\/turistickazajednica.povljana.9","article_modified_time":"2018-12-13T13:14:28+00:00","twitter_card":"summary_large_image","twitter_misc":{"Procijenjeno vrijeme \u010ditanja":"3 minute"},"schema":{"@context":"https:\/\/schema.org","@graph":[{"@type":"WebPage","@id":"https:\/\/visitpovljana.eu\/hr\/atrakcije\/","url":"https:\/\/visitpovljana.eu\/hr\/atrakcije\/","name":"Atrakcije | Povljana Tourist Board","isPartOf":{"@id":"https:\/\/visitpovljana.eu\/#website"},"datePublished":"2018-12-05T13:17:32+00:00","dateModified":"2018-12-13T13:14:28+00:00","breadcrumb":{"@id":"https:\/\/visitpovljana.eu\/hr\/atrakcije\/#breadcrumb"},"inLanguage":"hr","potentialAction":[{"@type":"ReadAction","target":["https:\/\/visitpovljana.eu\/hr\/atrakcije\/"]}]},{"@type":"BreadcrumbList","@id":"https:\/\/visitpovljana.eu\/hr\/atrakcije\/#breadcrumb","itemListElement":[{"@type":"ListItem","position":1,"name":"Naslovnica","item":"https:\/\/visitpovljana.eu\/hr\/"},{"@type":"ListItem","position":2,"name":"Atrakcije"}]},{"@type":"WebSite","@id":"https:\/\/visitpovljana.eu\/#website","url":"https:\/\/visitpovljana.eu\/","name":"Povljana Tourist Board","description":"Official Website for Povljana Tourist Board","publisher":{"@id":"https:\/\/visitpovljana.eu\/#organization"},"potentialAction":[{"@type":"SearchAction","target":{"@type":"EntryPoint","urlTemplate":"https:\/\/visitpovljana.eu\/?s={search_term_string}"},"query-input":{"@type":"PropertyValueSpecification","valueRequired":true,"valueName":"search_term_string"}}],"inLanguage":"hr"},{"@type":"Organization","@id":"https:\/\/visitpovljana.eu\/#organization","name":"Povljana Tourist Board","url":"https:\/\/visitpovljana.eu\/","logo":{"@type":"ImageObject","inLanguage":"hr","@id":"https:\/\/visitpovljana.eu\/#\/schema\/logo\/image\/","url":"https:\/\/visitpovljana.eu\/wp-content\/uploads\/2018\/11\/logo.png","contentUrl":"https:\/\/visitpovljana.eu\/wp-content\/uploads\/2018\/11\/logo.png","width":225,"height":53,"caption":"Povljana Tourist Board"},"image":{"@id":"https:\/\/visitpovljana.eu\/#\/schema\/logo\/image\/"},"sameAs":["https:\/\/www.facebook.com\/turistickazajednica.povljana.9","https:\/\/www.instagram.com\/povljanatz\/","https:\/\/www.youtube.com\/channel\/UCxdqlvStUxA6OnUy3WyOIyw"]}]}},"_links":{"self":[{"href":"https:\/\/visitpovljana.eu\/hr\/wp-json\/wp\/v2\/pages\/1565","targetHints":{"allow":["GET"]}}],"collection":[{"href":"https:\/\/visitpovljana.eu\/hr\/wp-json\/wp\/v2\/pages"}],"about":[{"href":"https:\/\/visitpovljana.eu\/hr\/wp-json\/wp\/v2\/types\/page"}],"author":[{"embeddable":true,"href":"https:\/\/visitpovljana.eu\/hr\/wp-json\/wp\/v2\/users\/1"}],"replies":[{"embeddable":true,"href":"https:\/\/visitpovljana.eu\/hr\/wp-json\/wp\/v2\/comments?post=1565"}],"version-history":[{"count":5,"href":"https:\/\/visitpovljana.eu\/hr\/wp-json\/wp\/v2\/pages\/1565\/revisions"}],"predecessor-version":[{"id":1803,"href":"https:\/\/visitpovljana.eu\/hr\/wp-json\/wp\/v2\/pages\/1565\/revisions\/1803"}],"wp:attachment":[{"href":"https:\/\/visitpovljana.eu\/hr\/wp-json\/wp\/v2\/media?parent=1565"}],"curies":[{"name":"wp","href":"https:\/\/api.w.org\/{rel}","templated":true}]}}