{"id":1550,"date":"2018-12-05T12:41:17","date_gmt":"2018-12-05T12:41:17","guid":{"rendered":"https:\/\/visitpovljana.eu\/?page_id=1550"},"modified":"2025-04-03T11:41:23","modified_gmt":"2025-04-03T09:41:23","slug":"plaze","status":"publish","type":"page","link":"https:\/\/visitpovljana.eu\/hr\/plaze\/","title":{"rendered":"Pla\u017ee"},"content":{"rendered":"<div class=\"wpb-content-wrapper\"><p>[vc_row][vc_column width=&#8221;1\/3&#8243;][vc_column_text]<img loading=\"lazy\" decoding=\"async\" class=\"aligncenter size-full wp-image-1372\" src=\"https:\/\/visitpovljana.eu\/wp-content\/uploads\/2018\/11\/beach-dubrovnik.jpg\" alt=\"\" width=\"370\" height=\"201\" srcset=\"https:\/\/visitpovljana.eu\/wp-content\/uploads\/2018\/11\/beach-dubrovnik.jpg 370w, https:\/\/visitpovljana.eu\/wp-content\/uploads\/2018\/11\/beach-dubrovnik-300x163.jpg 300w\" sizes=\"auto, (max-width: 370px) 100vw, 370px\" \/><\/p>\n<h4 class=\"sc_services_item_title\" style=\"text-align: center; margin-top: 0rem;\">Pla\u017ea Dubrovnik<\/h4>\n<p>[\/vc_column_text][vc_column_text css=&#8221;.vc_custom_1544013775282{padding-top: 15px !important;padding-bottom: 15px !important;}&#8221;]<\/p>\n<p style=\"text-align: center;\">Pla\u017ea je \u0161ljun\u010dana, ali dno pli\u0107ine je pijesak. Morsko dno se polako spu\u0161ta, tako da je dobro za djecu. Palme uz pla\u017eu pru\u017eaju sjenu. Uz pla\u017eu su tu\u0161evi, barovi i restorani. Do ove pla\u017ee mo\u017eete do\u0107i \u0161etnicom uz obalu (oko 1 km duga, s lijepim pogledom, pogodno za tr\u010danje ili pje\u0161a\u010denje) koja je povezuje s drugom pla\u017eom u Povljani (Mali Dubrovnik), koja se nalazi pored luke (na kraju glavne ceste u Povljani, gdje se nalazi parkirali\u0161te).<\/p>\n<p>[\/vc_column_text]<div class=\"sc_item_button sc_button_wrap sc_align_center\"><a href=\"https:\/\/www.google.com\/maps\/search\/44.350697,15.097973?ved=2ahUKEwi6mMWJl_feAhXIY1AKHe_0CvEQ8gEwAHoECAAQAQ\" id=\"sc_button_921681001\" class=\"sc_button sc_button_default sc_button_size_normal sc_button_icon_left\"><span class=\"sc_button_text\"><span class=\"sc_button_title\">Pogledajte na karti<\/span><\/span><!-- \/.sc_button_text --><\/a><!-- \/.sc_button --><\/div><!-- \/.sc_item_button -->[\/vc_column][vc_column width=&#8221;1\/3&#8243;][vc_column_text]<img loading=\"lazy\" decoding=\"async\" class=\"aligncenter size-full wp-image-1377\" src=\"https:\/\/visitpovljana.eu\/wp-content\/uploads\/2018\/11\/beach-perilo-povljana.jpg\" alt=\"beach perilo\" width=\"370\" height=\"201\" srcset=\"https:\/\/visitpovljana.eu\/wp-content\/uploads\/2018\/11\/beach-perilo-povljana.jpg 370w, https:\/\/visitpovljana.eu\/wp-content\/uploads\/2018\/11\/beach-perilo-povljana-300x163.jpg 300w\" sizes=\"auto, (max-width: 370px) 100vw, 370px\" \/><\/p>\n<h4 class=\"sc_services_item_title\" style=\"text-align: center; margin-top: 0rem;\">Pla\u017ea Perilo<\/h4>\n<p>[\/vc_column_text][vc_column_text css=&#8221;.vc_custom_1544014232417{padding-top: 15px !important;padding-bottom: 15px !important;}&#8221;]<\/p>\n<p style=\"text-align: center;\">Pla\u017ea je prekrivena nekim travama i zelenim povr\u0161inama, ali pru\u017ea malo prirodne hladovine. Kafi\u0107 na pla\u017ei i bistro poslu\u017euju jela i osvje\u017eavaju\u0107a pi\u0107a. Ljeti je pla\u017ea vrlo zauzeta zbog svoje ravne obale i pje\u0161\u010danog dna.<\/p>\n<p>[\/vc_column_text]<div class=\"sc_item_button sc_button_wrap sc_align_center\"><a href=\"https:\/\/www.google.com\/maps\/place\/44%C2%B020&#039;34.1%22N+15%C2%B006&#039;23.5%22E\/@44.342805,15.1043343,17z\/data=!3m1!4b1!4m5!3m4!1s0x0:0x0!8m2!3d44.342805!4d15.106523\" id=\"sc_button_1605185108\" class=\"sc_button sc_button_default sc_button_size_normal sc_button_icon_left\"><span class=\"sc_button_text\"><span class=\"sc_button_title\">Pogledajte na karti<\/span><\/span><!-- \/.sc_button_text --><\/a><!-- \/.sc_button --><\/div><!-- \/.sc_item_button -->[\/vc_column][vc_column width=&#8221;1\/3&#8243;][vc_column_text]<img loading=\"lazy\" decoding=\"async\" class=\"aligncenter size-full wp-image-1385\" src=\"https:\/\/visitpovljana.eu\/wp-content\/uploads\/2018\/11\/beach-livade-povljana.jpg\" alt=\"beach livade\" width=\"370\" height=\"201\" srcset=\"https:\/\/visitpovljana.eu\/wp-content\/uploads\/2018\/11\/beach-livade-povljana.jpg 370w, https:\/\/visitpovljana.eu\/wp-content\/uploads\/2018\/11\/beach-livade-povljana-300x163.jpg 300w\" sizes=\"auto, (max-width: 370px) 100vw, 370px\" \/><\/p>\n<h4 class=\"sc_services_item_title\" style=\"text-align: center; margin-top: 0rem;\">Pla\u017ea Livade<\/h4>\n<p>[\/vc_column_text][vc_column_text css=&#8221;.vc_custom_1544014220616{padding-top: 15px !important;padding-bottom: 15px !important;}&#8221;]<\/p>\n<p style=\"text-align: center;\">Pla\u017ea Livade (Meadows) i Obatnice su pje\u0161\u010dane pla\u017ee uz vrlo nisku obalu i sa plitkim morem. Zbog svojeg polo\u017eaja manje su posje\u0107ene.<\/p>\n<p>[\/vc_column_text]<div class=\"sc_item_button sc_button_wrap sc_align_center\"><a href=\"https:\/\/www.google.com\/maps\/place\/44%C2%B020&#039;24.6%22N+15%C2%B006&#039;22.8%22E\/@44.340155,15.1041543,17z\/data=!3m1!4b1!4m5!3m4!1s0x0:0x0!8m2!3d44.340155!4d15.106343\" id=\"sc_button_895569426\" class=\"sc_button sc_button_default sc_button_size_normal sc_button_icon_left\"><span class=\"sc_button_text\"><span class=\"sc_button_title\">Pogledajte na karti<\/span><\/span><!-- \/.sc_button_text --><\/a><!-- \/.sc_button --><\/div><!-- \/.sc_item_button -->[\/vc_column][\/vc_row][vc_row css=&#8221;.vc_custom_1543329500045{padding-top: 50px !important;}&#8221;][vc_column width=&#8221;1\/3&#8243;][vc_column_text]<img loading=\"lazy\" decoding=\"async\" class=\"aligncenter size-full wp-image-1382\" src=\"https:\/\/visitpovljana.eu\/wp-content\/uploads\/2018\/11\/beach-stara-povljana.jpg\" alt=\"beach stara povljana\" width=\"370\" height=\"201\" srcset=\"https:\/\/visitpovljana.eu\/wp-content\/uploads\/2018\/11\/beach-stara-povljana.jpg 370w, https:\/\/visitpovljana.eu\/wp-content\/uploads\/2018\/11\/beach-stara-povljana-300x163.jpg 300w\" sizes=\"auto, (max-width: 370px) 100vw, 370px\" \/><\/p>\n<h4 class=\"sc_services_item_title\" style=\"text-align: center; margin-top: 0rem;\">Pla\u017ea Stara Povljana<\/h4>\n<p>[\/vc_column_text][vc_column_text css=&#8221;.vc_custom_1544014246123{padding-top: 15px !important;padding-bottom: 15px !important;}&#8221;]<\/p>\n<p style=\"text-align: center;\">U uvalu &#8220;Stara Povljana&#8221; mo\u017ee se do\u0107i asfaltnom cestom kroz polje, na ju\u017enoj strani zaljeva su stijene, a na sjevernoj strani su mnoge male skrivene pje\u0161\u010dane pla\u017ee.<\/p>\n<p>[\/vc_column_text]<div class=\"sc_item_button sc_button_wrap sc_align_center\"><a href=\"https:\/\/www.google.com\/maps\/place\/44%C2%B019&#039;56.0%22N+15%C2%B008&#039;18.7%22E\/@44.332224,15.1363263,17z\/data=!3m1!4b1!4m5!3m4!1s0x0:0x0!8m2!3d44.332224!4d15.138515\" id=\"sc_button_1411669298\" class=\"sc_button sc_button_default sc_button_size_normal sc_button_icon_left\"><span class=\"sc_button_text\"><span class=\"sc_button_title\">Pogledajte na karti<\/span><\/span><!-- \/.sc_button_text --><\/a><!-- \/.sc_button --><\/div><!-- \/.sc_item_button -->[\/vc_column][vc_column width=&#8221;1\/3&#8243;][vc_column_text]<img loading=\"lazy\" decoding=\"async\" class=\"aligncenter size-full wp-image-1379\" src=\"https:\/\/visitpovljana.eu\/wp-content\/uploads\/2018\/11\/beach-livadine-povljana-1.jpg\" alt=\"beach livadine\" width=\"370\" height=\"201\" srcset=\"https:\/\/visitpovljana.eu\/wp-content\/uploads\/2018\/11\/beach-livadine-povljana-1.jpg 370w, https:\/\/visitpovljana.eu\/wp-content\/uploads\/2018\/11\/beach-livadine-povljana-1-300x163.jpg 300w\" sizes=\"auto, (max-width: 370px) 100vw, 370px\" \/><\/p>\n<h4 class=\"sc_services_item_title\" style=\"text-align: center; margin-top: 0rem;\">Pla\u017ea Livadine<\/h4>\n<p>[\/vc_column_text]<div class=\"sc_item_button sc_button_wrap sc_align_center\"><a href=\"https:\/\/www.google.com\/maps\/place\/44%C2%B019&#039;45.2%22N+15%C2%B007&#039;55.3%22E\/@44.329216,15.1298363,17z\/data=!3m1!4b1!4m5!3m4!1s0x0:0x0!8m2!3d44.329216!4d15.132025\" id=\"sc_button_1215753069\" class=\"sc_button sc_button_default sc_button_size_normal sc_button_icon_left\"><span class=\"sc_button_text\"><span class=\"sc_button_title\">Pogledajte na karti<\/span><\/span><!-- \/.sc_button_text --><\/a><!-- \/.sc_button --><\/div><!-- \/.sc_item_button -->[\/vc_column][vc_column width=&#8221;1\/3&#8243;][\/vc_column][\/vc_row]<\/p>\n<\/div>","protected":false},"excerpt":{"rendered":"<p>[vc_row][vc_column width=&#8221;1\/3&#8243;][vc_column_text] Pla\u017ea Dubrovnik [\/vc_column_text][vc_column_text css=&#8221;.vc_custom_1544013775282{padding-top: 15px !important;padding-bottom: 15px !important;}&#8221;] Pla\u017ea je \u0161ljun\u010dana, ali dno pli\u0107ine je pijesak. Morsko dno se polako spu\u0161ta, tako da je dobro za djecu. Palme&hellip;<\/p>\n","protected":false},"author":1,"featured_media":0,"parent":0,"menu_order":0,"comment_status":"closed","ping_status":"closed","template":"","meta":{"footnotes":""},"class_list":["post-1550","page","type-page","status-publish","hentry"],"yoast_head":"<!-- This site is optimized with the Yoast SEO plugin v27.1.1 - https:\/\/yoast.com\/product\/yoast-seo-wordpress\/ -->\n<title>Pla\u017ee | Povljana Tourist Board<\/title>\n<meta name=\"robots\" content=\"index, follow, max-snippet:-1, max-image-preview:large, max-video-preview:-1\" \/>\n<link rel=\"canonical\" href=\"https:\/\/visitpovljana.eu\/hr\/plaze\/\" \/>\n<meta property=\"og:locale\" content=\"hr_HR\" \/>\n<meta property=\"og:type\" content=\"article\" \/>\n<meta property=\"og:title\" content=\"Pla\u017ee | Povljana Tourist Board\" \/>\n<meta property=\"og:description\" content=\"[vc_row][vc_column width=&#8221;1\/3&#8243;][vc_column_text] Pla\u017ea Dubrovnik [\/vc_column_text][vc_column_text css=&#8221;.vc_custom_1544013775282{padding-top: 15px !important;padding-bottom: 15px !important;}&#8221;] Pla\u017ea je \u0161ljun\u010dana, ali dno pli\u0107ine je pijesak. Morsko dno se polako spu\u0161ta, tako da je dobro za djecu. Palme&hellip;\" \/>\n<meta property=\"og:url\" content=\"https:\/\/visitpovljana.eu\/hr\/plaze\/\" \/>\n<meta property=\"og:site_name\" content=\"Povljana Tourist Board\" \/>\n<meta property=\"article:publisher\" content=\"https:\/\/www.facebook.com\/turistickazajednica.povljana.9\" \/>\n<meta property=\"article:modified_time\" content=\"2025-04-03T09:41:23+00:00\" \/>\n<meta property=\"og:image\" content=\"https:\/\/visitpovljana.eu\/wp-content\/uploads\/2018\/11\/beach-dubrovnik.jpg\" \/>\n<meta name=\"twitter:card\" content=\"summary_large_image\" \/>\n<meta name=\"twitter:label1\" content=\"Procijenjeno vrijeme \u010ditanja\" \/>\n\t<meta name=\"twitter:data1\" content=\"3 minute\" \/>\n<script type=\"application\/ld+json\" class=\"yoast-schema-graph\">{\"@context\":\"https:\/\/schema.org\",\"@graph\":[{\"@type\":\"WebPage\",\"@id\":\"https:\/\/visitpovljana.eu\/hr\/plaze\/\",\"url\":\"https:\/\/visitpovljana.eu\/hr\/plaze\/\",\"name\":\"Pla\u017ee | Povljana Tourist Board\",\"isPartOf\":{\"@id\":\"https:\/\/visitpovljana.eu\/#website\"},\"primaryImageOfPage\":{\"@id\":\"https:\/\/visitpovljana.eu\/hr\/plaze\/#primaryimage\"},\"image\":{\"@id\":\"https:\/\/visitpovljana.eu\/hr\/plaze\/#primaryimage\"},\"thumbnailUrl\":\"https:\/\/visitpovljana.eu\/wp-content\/uploads\/2018\/11\/beach-dubrovnik.jpg\",\"datePublished\":\"2018-12-05T12:41:17+00:00\",\"dateModified\":\"2025-04-03T09:41:23+00:00\",\"breadcrumb\":{\"@id\":\"https:\/\/visitpovljana.eu\/hr\/plaze\/#breadcrumb\"},\"inLanguage\":\"hr\",\"potentialAction\":[{\"@type\":\"ReadAction\",\"target\":[\"https:\/\/visitpovljana.eu\/hr\/plaze\/\"]}]},{\"@type\":\"ImageObject\",\"inLanguage\":\"hr\",\"@id\":\"https:\/\/visitpovljana.eu\/hr\/plaze\/#primaryimage\",\"url\":\"https:\/\/visitpovljana.eu\/wp-content\/uploads\/2018\/11\/beach-dubrovnik.jpg\",\"contentUrl\":\"https:\/\/visitpovljana.eu\/wp-content\/uploads\/2018\/11\/beach-dubrovnik.jpg\"},{\"@type\":\"BreadcrumbList\",\"@id\":\"https:\/\/visitpovljana.eu\/hr\/plaze\/#breadcrumb\",\"itemListElement\":[{\"@type\":\"ListItem\",\"position\":1,\"name\":\"Naslovnica\",\"item\":\"https:\/\/visitpovljana.eu\/hr\/\"},{\"@type\":\"ListItem\",\"position\":2,\"name\":\"Pla\u017ee\"}]},{\"@type\":\"WebSite\",\"@id\":\"https:\/\/visitpovljana.eu\/#website\",\"url\":\"https:\/\/visitpovljana.eu\/\",\"name\":\"Povljana Tourist Board\",\"description\":\"Official Website for Povljana Tourist Board\",\"publisher\":{\"@id\":\"https:\/\/visitpovljana.eu\/#organization\"},\"potentialAction\":[{\"@type\":\"SearchAction\",\"target\":{\"@type\":\"EntryPoint\",\"urlTemplate\":\"https:\/\/visitpovljana.eu\/?s={search_term_string}\"},\"query-input\":{\"@type\":\"PropertyValueSpecification\",\"valueRequired\":true,\"valueName\":\"search_term_string\"}}],\"inLanguage\":\"hr\"},{\"@type\":\"Organization\",\"@id\":\"https:\/\/visitpovljana.eu\/#organization\",\"name\":\"Povljana Tourist Board\",\"url\":\"https:\/\/visitpovljana.eu\/\",\"logo\":{\"@type\":\"ImageObject\",\"inLanguage\":\"hr\",\"@id\":\"https:\/\/visitpovljana.eu\/#\/schema\/logo\/image\/\",\"url\":\"https:\/\/visitpovljana.eu\/wp-content\/uploads\/2018\/11\/logo.png\",\"contentUrl\":\"https:\/\/visitpovljana.eu\/wp-content\/uploads\/2018\/11\/logo.png\",\"width\":225,\"height\":53,\"caption\":\"Povljana Tourist Board\"},\"image\":{\"@id\":\"https:\/\/visitpovljana.eu\/#\/schema\/logo\/image\/\"},\"sameAs\":[\"https:\/\/www.facebook.com\/turistickazajednica.povljana.9\",\"https:\/\/www.instagram.com\/povljanatz\/\",\"https:\/\/www.youtube.com\/channel\/UCxdqlvStUxA6OnUy3WyOIyw\"]}]}<\/script>\n<!-- \/ Yoast SEO plugin. -->","yoast_head_json":{"title":"Pla\u017ee | Povljana Tourist Board","robots":{"index":"index","follow":"follow","max-snippet":"max-snippet:-1","max-image-preview":"max-image-preview:large","max-video-preview":"max-video-preview:-1"},"canonical":"https:\/\/visitpovljana.eu\/hr\/plaze\/","og_locale":"hr_HR","og_type":"article","og_title":"Pla\u017ee | Povljana Tourist Board","og_description":"[vc_row][vc_column width=&#8221;1\/3&#8243;][vc_column_text] Pla\u017ea Dubrovnik [\/vc_column_text][vc_column_text css=&#8221;.vc_custom_1544013775282{padding-top: 15px !important;padding-bottom: 15px !important;}&#8221;] Pla\u017ea je \u0161ljun\u010dana, ali dno pli\u0107ine je pijesak. Morsko dno se polako spu\u0161ta, tako da je dobro za djecu. Palme&hellip;","og_url":"https:\/\/visitpovljana.eu\/hr\/plaze\/","og_site_name":"Povljana Tourist Board","article_publisher":"https:\/\/www.facebook.com\/turistickazajednica.povljana.9","article_modified_time":"2025-04-03T09:41:23+00:00","og_image":[{"url":"https:\/\/visitpovljana.eu\/wp-content\/uploads\/2018\/11\/beach-dubrovnik.jpg","type":"","width":"","height":""}],"twitter_card":"summary_large_image","twitter_misc":{"Procijenjeno vrijeme \u010ditanja":"3 minute"},"schema":{"@context":"https:\/\/schema.org","@graph":[{"@type":"WebPage","@id":"https:\/\/visitpovljana.eu\/hr\/plaze\/","url":"https:\/\/visitpovljana.eu\/hr\/plaze\/","name":"Pla\u017ee | Povljana Tourist Board","isPartOf":{"@id":"https:\/\/visitpovljana.eu\/#website"},"primaryImageOfPage":{"@id":"https:\/\/visitpovljana.eu\/hr\/plaze\/#primaryimage"},"image":{"@id":"https:\/\/visitpovljana.eu\/hr\/plaze\/#primaryimage"},"thumbnailUrl":"https:\/\/visitpovljana.eu\/wp-content\/uploads\/2018\/11\/beach-dubrovnik.jpg","datePublished":"2018-12-05T12:41:17+00:00","dateModified":"2025-04-03T09:41:23+00:00","breadcrumb":{"@id":"https:\/\/visitpovljana.eu\/hr\/plaze\/#breadcrumb"},"inLanguage":"hr","potentialAction":[{"@type":"ReadAction","target":["https:\/\/visitpovljana.eu\/hr\/plaze\/"]}]},{"@type":"ImageObject","inLanguage":"hr","@id":"https:\/\/visitpovljana.eu\/hr\/plaze\/#primaryimage","url":"https:\/\/visitpovljana.eu\/wp-content\/uploads\/2018\/11\/beach-dubrovnik.jpg","contentUrl":"https:\/\/visitpovljana.eu\/wp-content\/uploads\/2018\/11\/beach-dubrovnik.jpg"},{"@type":"BreadcrumbList","@id":"https:\/\/visitpovljana.eu\/hr\/plaze\/#breadcrumb","itemListElement":[{"@type":"ListItem","position":1,"name":"Naslovnica","item":"https:\/\/visitpovljana.eu\/hr\/"},{"@type":"ListItem","position":2,"name":"Pla\u017ee"}]},{"@type":"WebSite","@id":"https:\/\/visitpovljana.eu\/#website","url":"https:\/\/visitpovljana.eu\/","name":"Povljana Tourist Board","description":"Official Website for Povljana Tourist Board","publisher":{"@id":"https:\/\/visitpovljana.eu\/#organization"},"potentialAction":[{"@type":"SearchAction","target":{"@type":"EntryPoint","urlTemplate":"https:\/\/visitpovljana.eu\/?s={search_term_string}"},"query-input":{"@type":"PropertyValueSpecification","valueRequired":true,"valueName":"search_term_string"}}],"inLanguage":"hr"},{"@type":"Organization","@id":"https:\/\/visitpovljana.eu\/#organization","name":"Povljana Tourist Board","url":"https:\/\/visitpovljana.eu\/","logo":{"@type":"ImageObject","inLanguage":"hr","@id":"https:\/\/visitpovljana.eu\/#\/schema\/logo\/image\/","url":"https:\/\/visitpovljana.eu\/wp-content\/uploads\/2018\/11\/logo.png","contentUrl":"https:\/\/visitpovljana.eu\/wp-content\/uploads\/2018\/11\/logo.png","width":225,"height":53,"caption":"Povljana Tourist Board"},"image":{"@id":"https:\/\/visitpovljana.eu\/#\/schema\/logo\/image\/"},"sameAs":["https:\/\/www.facebook.com\/turistickazajednica.povljana.9","https:\/\/www.instagram.com\/povljanatz\/","https:\/\/www.youtube.com\/channel\/UCxdqlvStUxA6OnUy3WyOIyw"]}]}},"_links":{"self":[{"href":"https:\/\/visitpovljana.eu\/hr\/wp-json\/wp\/v2\/pages\/1550","targetHints":{"allow":["GET"]}}],"collection":[{"href":"https:\/\/visitpovljana.eu\/hr\/wp-json\/wp\/v2\/pages"}],"about":[{"href":"https:\/\/visitpovljana.eu\/hr\/wp-json\/wp\/v2\/types\/page"}],"author":[{"embeddable":true,"href":"https:\/\/visitpovljana.eu\/hr\/wp-json\/wp\/v2\/users\/1"}],"replies":[{"embeddable":true,"href":"https:\/\/visitpovljana.eu\/hr\/wp-json\/wp\/v2\/comments?post=1550"}],"version-history":[{"count":4,"href":"https:\/\/visitpovljana.eu\/hr\/wp-json\/wp\/v2\/pages\/1550\/revisions"}],"predecessor-version":[{"id":2431,"href":"https:\/\/visitpovljana.eu\/hr\/wp-json\/wp\/v2\/pages\/1550\/revisions\/2431"}],"wp:attachment":[{"href":"https:\/\/visitpovljana.eu\/hr\/wp-json\/wp\/v2\/media?parent=1550"}],"curies":[{"name":"wp","href":"https:\/\/api.w.org\/{rel}","templated":true}]}}