{"id":1539,"date":"2018-12-05T12:35:18","date_gmt":"2018-12-05T12:35:18","guid":{"rendered":"https:\/\/visitpovljana.eu\/?page_id=1539"},"modified":"2018-12-05T12:39:59","modified_gmt":"2018-12-05T12:39:59","slug":"klima","status":"publish","type":"page","link":"https:\/\/visitpovljana.eu\/hr\/klima\/","title":{"rendered":"Klima"},"content":{"rendered":"<div class=\"wpb-content-wrapper\"><p>[vc_row][vc_column][vc_column_text]<\/p>\n<h3>Povljana &#8211; klima, mjese\u010dni prosjek, temperatura, vjetar, ki\u0161a, &#8230;.<\/h3>\n<p>Dolje navedene informacije daju detaljne mjese\u010dne prosje\u010dne vremenske uvjete. Da bi se odr\u017eala relevantnost prema aktualnim vremenskim trendovima, prikazane informacije izra\u010dunate su pomo\u0107u podataka prikupljenih tijekom protekla dva desetlje\u0107a. Klimatski profil preuzet je iz najbli\u017eeg dostupnog izvora podataka do Zadra.[\/vc_column_text][\/vc_column][\/vc_row][vc_row][vc_column width=&#8221;2\/3&#8243; css=&#8221;.vc_custom_1543308323944{padding-top: 50px !important;}&#8221;][vc_column_text]<\/p>\n<h4>Godi\u0161nji trendovi: vremenski prosjeci i ekstremi<\/h4>\n<p>[\/vc_column_text][vc_row_inner css=&#8221;.vc_custom_1543308442237{padding-top: 50px !important;padding-bottom: 50px !important;}&#8221;][vc_column_inner width=&#8221;1\/2&#8243;][vc_single_image image=&#8221;1276&#8243; img_size=&#8221;full&#8221;][\/vc_column_inner][vc_column_inner width=&#8221;1\/2&#8243;][vc_column_text]Temperatura<br \/>\nDonji grafikon prikazuje prosje\u010dnu visoku i nisku temperaturu za svaki mjesec u godini. Tako\u0111er pokazuje maksimalnu i minimalnu zabilje\u017eenu temperaturu. Tijekom mjeseca rujna dnevne temperature obi\u010dno dose\u017eu visinu od oko 24 \u00b0 C. No\u0107u prosje\u010dna minimalna temperatura padne na oko 17 \u00b0 .<br \/>\n[\/vc_column_text][\/vc_column_inner][\/vc_row_inner][vc_row_inner][vc_column_inner width=&#8221;1\/2&#8243;][vc_single_image image=&#8221;1282&#8243; img_size=&#8221;full&#8221;][\/vc_column_inner][vc_column_inner width=&#8221;1\/2&#8243;][vc_column_text]Koli\u010dina oborina<br \/>\nDonji grafikon prikazuje prosje\u010dnu mjese\u010dnu koli\u010dinu padalina. Prosje\u010dna mjese\u010dna koli\u010dina padalina zabilje\u017eena je na oko 77 mm. Tijekom cijelog mjeseca mo\u017eete o\u010dekivati da \u0107e ki\u0161a ili ki\u0161ica padati 7 dana u mjesecu.<br \/>\n[\/vc_column_text][\/vc_column_inner][\/vc_row_inner][vc_row_inner css=&#8221;.vc_custom_1543308553115{padding-top: 50px !important;}&#8221;][vc_column_inner width=&#8221;1\/2&#8243;][vc_single_image image=&#8221;1285&#8243; img_size=&#8221;full&#8221;][\/vc_column_inner][vc_column_inner width=&#8221;1\/2&#8243;][vc_column_text]Brzina vjetra<br \/>\nDonji grafikon prikazuje prosje\u010dnu dnevnu brzinu vjetra koju mo\u017eete o\u010dekivati u svakom mjesecu. Tako\u0111er pokazuje maksimalnu zabilje\u017eenu trajnu brzinu vjetra za svaki mjesec. Prosje\u010dna brzina dnevnog vjetra u rujnu je oko 10 km \/ h, \u0161to odgovara brzini oko 5 \u010dvorova. Posljednjih godina maksimalna brzina vjetra dostigla je 50 km \/ h, \u0161to je ekvivalent od oko 27 \u010dvorova.<br \/>\n[\/vc_column_text][\/vc_column_inner][\/vc_row_inner][vc_row_inner css=&#8221;.vc_custom_1543308653494{padding-top: 50px !important;}&#8221;][vc_column_inner width=&#8221;1\/2&#8243;][vc_single_image image=&#8221;1286&#8243; img_size=&#8221;full&#8221;][\/vc_column_inner][vc_column_inner width=&#8221;1\/2&#8243;][vc_column_text]Ki\u0161ni dani<br \/>\nDonja grafikon prikazuje prosje\u010dni broj dana u bilo kojem mjesecu u kome mo\u017eete o\u010dekivati da \u0107e padati ki\u0161a.<br \/>\n[\/vc_column_text][\/vc_column_inner][\/vc_row_inner][\/vc_column][vc_column width=&#8221;1\/3&#8243; css=&#8221;.vc_custom_1543308330648{padding-top: 50px !important;}&#8221;][vc_column_text]<\/p>\n<h4>Foto iskre<\/h4>\n<p>[\/vc_column_text][vc_column_text]<img loading=\"lazy\" decoding=\"async\" class=\"aligncenter size-full wp-image-1277\" src=\"http:\/\/test.second-hand-clothing.com\/wp-content\/uploads\/2018\/11\/povljana-sunshine-days.jpg\" alt=\"\" width=\"370\" height=\"225\" srcset=\"https:\/\/visitpovljana.eu\/wp-content\/uploads\/2018\/11\/povljana-sunshine-days.jpg 370w, https:\/\/visitpovljana.eu\/wp-content\/uploads\/2018\/11\/povljana-sunshine-days-300x182.jpg 300w\" sizes=\"auto, (max-width: 370px) 100vw, 370px\" \/><br \/>\nProsje\u010dan broj sun\u010danih sati dnevno<br \/>\nZa rujan o\u010dekivani broj sun\u010danih sati je 10 sati dnevno. To zna\u010di prosje\u010dan broj sati dnevno da je sunce vidljivo i nije zaklonjeno oblakom, odnosno prosje\u010dni broj sati kada je sunce vidljivo i sjajno.<\/p>\n<p><img loading=\"lazy\" decoding=\"async\" class=\"aligncenter size-full wp-image-1289\" src=\"http:\/\/test.second-hand-clothing.com\/wp-content\/uploads\/2018\/11\/povljana-sunset-swimming.jpg\" alt=\"povljana sunset\" width=\"370\" height=\"225\" srcset=\"https:\/\/visitpovljana.eu\/wp-content\/uploads\/2018\/11\/povljana-sunset-swimming.jpg 370w, https:\/\/visitpovljana.eu\/wp-content\/uploads\/2018\/11\/povljana-sunset-swimming-300x182.jpg 300w\" sizes=\"auto, (max-width: 370px) 100vw, 370px\" \/><br \/>\nU rujnu, za najbli\u017eu obalnu lokaciju, temperatura mora iznosi oko 22 \u00b0 C. Na\u0161 indeks ukazuje na plivanje, jer se more smatra relativno toplim i u tome bi trebala u\u017eivati ve\u0107ina, iako \u0107e neki ljudi to smatrati hladnim..<\/p>\n<p><img loading=\"lazy\" decoding=\"async\" class=\"aligncenter size-full wp-image-1290\" src=\"http:\/\/test.second-hand-clothing.com\/wp-content\/uploads\/2018\/11\/povljana-nice-weather.jpg\" alt=\"povljana weather\" width=\"370\" height=\"225\" srcset=\"https:\/\/visitpovljana.eu\/wp-content\/uploads\/2018\/11\/povljana-nice-weather.jpg 370w, https:\/\/visitpovljana.eu\/wp-content\/uploads\/2018\/11\/povljana-nice-weather-300x182.jpg 300w\" sizes=\"auto, (max-width: 370px) 100vw, 370px\" \/><br \/>\nIndeks topline<br \/>\nIndeks topline je mjera koliki je osje\u0107aj vru\u0107ine kada se relativna vla\u017enost dodaje stvarnoj temperaturi zraka. Iz toga se izra\u010dunava razina udobnosti tj. kako toplinski uvjeti mogu utjecati na nekoga (negativno ili pozitivno).[\/vc_column_text][\/vc_column][\/vc_row]<\/p>\n<\/div>","protected":false},"excerpt":{"rendered":"<p>[vc_row][vc_column][vc_column_text] Povljana &#8211; klima, mjese\u010dni prosjek, temperatura, vjetar, ki\u0161a, &#8230;. Dolje navedene informacije daju detaljne mjese\u010dne prosje\u010dne vremenske uvjete. Da bi se odr\u017eala relevantnost prema aktualnim vremenskim trendovima, prikazane informacije&hellip;<\/p>\n","protected":false},"author":1,"featured_media":0,"parent":0,"menu_order":0,"comment_status":"closed","ping_status":"closed","template":"","meta":{"footnotes":""},"class_list":["post-1539","page","type-page","status-publish","hentry"],"yoast_head":"<!-- This site is optimized with the Yoast SEO plugin v27.1.1 - https:\/\/yoast.com\/product\/yoast-seo-wordpress\/ -->\n<title>Klima | Povljana Tourist Board<\/title>\n<meta name=\"robots\" content=\"index, follow, max-snippet:-1, max-image-preview:large, max-video-preview:-1\" \/>\n<link rel=\"canonical\" href=\"https:\/\/visitpovljana.eu\/hr\/klima\/\" \/>\n<meta property=\"og:locale\" content=\"hr_HR\" \/>\n<meta property=\"og:type\" content=\"article\" \/>\n<meta property=\"og:title\" content=\"Klima | Povljana Tourist Board\" \/>\n<meta property=\"og:description\" content=\"[vc_row][vc_column][vc_column_text] Povljana &#8211; klima, mjese\u010dni prosjek, temperatura, vjetar, ki\u0161a, &#8230;. Dolje navedene informacije daju detaljne mjese\u010dne prosje\u010dne vremenske uvjete. Da bi se odr\u017eala relevantnost prema aktualnim vremenskim trendovima, prikazane informacije&hellip;\" \/>\n<meta property=\"og:url\" content=\"https:\/\/visitpovljana.eu\/hr\/klima\/\" \/>\n<meta property=\"og:site_name\" content=\"Povljana Tourist Board\" \/>\n<meta property=\"article:publisher\" content=\"https:\/\/www.facebook.com\/turistickazajednica.povljana.9\" \/>\n<meta property=\"article:modified_time\" content=\"2018-12-05T12:39:59+00:00\" \/>\n<meta property=\"og:image\" content=\"http:\/\/test.second-hand-clothing.com\/wp-content\/uploads\/2018\/11\/povljana-sunshine-days.jpg\" \/>\n<meta name=\"twitter:card\" content=\"summary_large_image\" \/>\n<meta name=\"twitter:label1\" content=\"Procijenjeno vrijeme \u010ditanja\" \/>\n\t<meta name=\"twitter:data1\" content=\"3 minute\" \/>\n<script type=\"application\/ld+json\" class=\"yoast-schema-graph\">{\"@context\":\"https:\/\/schema.org\",\"@graph\":[{\"@type\":\"WebPage\",\"@id\":\"https:\/\/visitpovljana.eu\/hr\/klima\/\",\"url\":\"https:\/\/visitpovljana.eu\/hr\/klima\/\",\"name\":\"Klima | Povljana Tourist Board\",\"isPartOf\":{\"@id\":\"https:\/\/visitpovljana.eu\/#website\"},\"primaryImageOfPage\":{\"@id\":\"https:\/\/visitpovljana.eu\/hr\/klima\/#primaryimage\"},\"image\":{\"@id\":\"https:\/\/visitpovljana.eu\/hr\/klima\/#primaryimage\"},\"thumbnailUrl\":\"http:\/\/test.second-hand-clothing.com\/wp-content\/uploads\/2018\/11\/povljana-sunshine-days.jpg\",\"datePublished\":\"2018-12-05T12:35:18+00:00\",\"dateModified\":\"2018-12-05T12:39:59+00:00\",\"breadcrumb\":{\"@id\":\"https:\/\/visitpovljana.eu\/hr\/klima\/#breadcrumb\"},\"inLanguage\":\"hr\",\"potentialAction\":[{\"@type\":\"ReadAction\",\"target\":[\"https:\/\/visitpovljana.eu\/hr\/klima\/\"]}]},{\"@type\":\"ImageObject\",\"inLanguage\":\"hr\",\"@id\":\"https:\/\/visitpovljana.eu\/hr\/klima\/#primaryimage\",\"url\":\"http:\/\/test.second-hand-clothing.com\/wp-content\/uploads\/2018\/11\/povljana-sunshine-days.jpg\",\"contentUrl\":\"http:\/\/test.second-hand-clothing.com\/wp-content\/uploads\/2018\/11\/povljana-sunshine-days.jpg\"},{\"@type\":\"BreadcrumbList\",\"@id\":\"https:\/\/visitpovljana.eu\/hr\/klima\/#breadcrumb\",\"itemListElement\":[{\"@type\":\"ListItem\",\"position\":1,\"name\":\"Naslovnica\",\"item\":\"https:\/\/visitpovljana.eu\/hr\/\"},{\"@type\":\"ListItem\",\"position\":2,\"name\":\"Klima\"}]},{\"@type\":\"WebSite\",\"@id\":\"https:\/\/visitpovljana.eu\/#website\",\"url\":\"https:\/\/visitpovljana.eu\/\",\"name\":\"Povljana Tourist Board\",\"description\":\"Official Website for Povljana Tourist Board\",\"publisher\":{\"@id\":\"https:\/\/visitpovljana.eu\/#organization\"},\"potentialAction\":[{\"@type\":\"SearchAction\",\"target\":{\"@type\":\"EntryPoint\",\"urlTemplate\":\"https:\/\/visitpovljana.eu\/?s={search_term_string}\"},\"query-input\":{\"@type\":\"PropertyValueSpecification\",\"valueRequired\":true,\"valueName\":\"search_term_string\"}}],\"inLanguage\":\"hr\"},{\"@type\":\"Organization\",\"@id\":\"https:\/\/visitpovljana.eu\/#organization\",\"name\":\"Povljana Tourist Board\",\"url\":\"https:\/\/visitpovljana.eu\/\",\"logo\":{\"@type\":\"ImageObject\",\"inLanguage\":\"hr\",\"@id\":\"https:\/\/visitpovljana.eu\/#\/schema\/logo\/image\/\",\"url\":\"https:\/\/visitpovljana.eu\/wp-content\/uploads\/2018\/11\/logo.png\",\"contentUrl\":\"https:\/\/visitpovljana.eu\/wp-content\/uploads\/2018\/11\/logo.png\",\"width\":225,\"height\":53,\"caption\":\"Povljana Tourist Board\"},\"image\":{\"@id\":\"https:\/\/visitpovljana.eu\/#\/schema\/logo\/image\/\"},\"sameAs\":[\"https:\/\/www.facebook.com\/turistickazajednica.povljana.9\",\"https:\/\/www.instagram.com\/povljanatz\/\",\"https:\/\/www.youtube.com\/channel\/UCxdqlvStUxA6OnUy3WyOIyw\"]}]}<\/script>\n<!-- \/ Yoast SEO plugin. -->","yoast_head_json":{"title":"Klima | Povljana Tourist Board","robots":{"index":"index","follow":"follow","max-snippet":"max-snippet:-1","max-image-preview":"max-image-preview:large","max-video-preview":"max-video-preview:-1"},"canonical":"https:\/\/visitpovljana.eu\/hr\/klima\/","og_locale":"hr_HR","og_type":"article","og_title":"Klima | Povljana Tourist Board","og_description":"[vc_row][vc_column][vc_column_text] Povljana &#8211; klima, mjese\u010dni prosjek, temperatura, vjetar, ki\u0161a, &#8230;. Dolje navedene informacije daju detaljne mjese\u010dne prosje\u010dne vremenske uvjete. Da bi se odr\u017eala relevantnost prema aktualnim vremenskim trendovima, prikazane informacije&hellip;","og_url":"https:\/\/visitpovljana.eu\/hr\/klima\/","og_site_name":"Povljana Tourist Board","article_publisher":"https:\/\/www.facebook.com\/turistickazajednica.povljana.9","article_modified_time":"2018-12-05T12:39:59+00:00","og_image":[{"url":"http:\/\/test.second-hand-clothing.com\/wp-content\/uploads\/2018\/11\/povljana-sunshine-days.jpg","type":"","width":"","height":""}],"twitter_card":"summary_large_image","twitter_misc":{"Procijenjeno vrijeme \u010ditanja":"3 minute"},"schema":{"@context":"https:\/\/schema.org","@graph":[{"@type":"WebPage","@id":"https:\/\/visitpovljana.eu\/hr\/klima\/","url":"https:\/\/visitpovljana.eu\/hr\/klima\/","name":"Klima | Povljana Tourist Board","isPartOf":{"@id":"https:\/\/visitpovljana.eu\/#website"},"primaryImageOfPage":{"@id":"https:\/\/visitpovljana.eu\/hr\/klima\/#primaryimage"},"image":{"@id":"https:\/\/visitpovljana.eu\/hr\/klima\/#primaryimage"},"thumbnailUrl":"http:\/\/test.second-hand-clothing.com\/wp-content\/uploads\/2018\/11\/povljana-sunshine-days.jpg","datePublished":"2018-12-05T12:35:18+00:00","dateModified":"2018-12-05T12:39:59+00:00","breadcrumb":{"@id":"https:\/\/visitpovljana.eu\/hr\/klima\/#breadcrumb"},"inLanguage":"hr","potentialAction":[{"@type":"ReadAction","target":["https:\/\/visitpovljana.eu\/hr\/klima\/"]}]},{"@type":"ImageObject","inLanguage":"hr","@id":"https:\/\/visitpovljana.eu\/hr\/klima\/#primaryimage","url":"http:\/\/test.second-hand-clothing.com\/wp-content\/uploads\/2018\/11\/povljana-sunshine-days.jpg","contentUrl":"http:\/\/test.second-hand-clothing.com\/wp-content\/uploads\/2018\/11\/povljana-sunshine-days.jpg"},{"@type":"BreadcrumbList","@id":"https:\/\/visitpovljana.eu\/hr\/klima\/#breadcrumb","itemListElement":[{"@type":"ListItem","position":1,"name":"Naslovnica","item":"https:\/\/visitpovljana.eu\/hr\/"},{"@type":"ListItem","position":2,"name":"Klima"}]},{"@type":"WebSite","@id":"https:\/\/visitpovljana.eu\/#website","url":"https:\/\/visitpovljana.eu\/","name":"Povljana Tourist Board","description":"Official Website for Povljana Tourist Board","publisher":{"@id":"https:\/\/visitpovljana.eu\/#organization"},"potentialAction":[{"@type":"SearchAction","target":{"@type":"EntryPoint","urlTemplate":"https:\/\/visitpovljana.eu\/?s={search_term_string}"},"query-input":{"@type":"PropertyValueSpecification","valueRequired":true,"valueName":"search_term_string"}}],"inLanguage":"hr"},{"@type":"Organization","@id":"https:\/\/visitpovljana.eu\/#organization","name":"Povljana Tourist Board","url":"https:\/\/visitpovljana.eu\/","logo":{"@type":"ImageObject","inLanguage":"hr","@id":"https:\/\/visitpovljana.eu\/#\/schema\/logo\/image\/","url":"https:\/\/visitpovljana.eu\/wp-content\/uploads\/2018\/11\/logo.png","contentUrl":"https:\/\/visitpovljana.eu\/wp-content\/uploads\/2018\/11\/logo.png","width":225,"height":53,"caption":"Povljana Tourist Board"},"image":{"@id":"https:\/\/visitpovljana.eu\/#\/schema\/logo\/image\/"},"sameAs":["https:\/\/www.facebook.com\/turistickazajednica.povljana.9","https:\/\/www.instagram.com\/povljanatz\/","https:\/\/www.youtube.com\/channel\/UCxdqlvStUxA6OnUy3WyOIyw"]}]}},"_links":{"self":[{"href":"https:\/\/visitpovljana.eu\/hr\/wp-json\/wp\/v2\/pages\/1539","targetHints":{"allow":["GET"]}}],"collection":[{"href":"https:\/\/visitpovljana.eu\/hr\/wp-json\/wp\/v2\/pages"}],"about":[{"href":"https:\/\/visitpovljana.eu\/hr\/wp-json\/wp\/v2\/types\/page"}],"author":[{"embeddable":true,"href":"https:\/\/visitpovljana.eu\/hr\/wp-json\/wp\/v2\/users\/1"}],"replies":[{"embeddable":true,"href":"https:\/\/visitpovljana.eu\/hr\/wp-json\/wp\/v2\/comments?post=1539"}],"version-history":[{"count":3,"href":"https:\/\/visitpovljana.eu\/hr\/wp-json\/wp\/v2\/pages\/1539\/revisions"}],"predecessor-version":[{"id":1549,"href":"https:\/\/visitpovljana.eu\/hr\/wp-json\/wp\/v2\/pages\/1539\/revisions\/1549"}],"wp:attachment":[{"href":"https:\/\/visitpovljana.eu\/hr\/wp-json\/wp\/v2\/media?parent=1539"}],"curies":[{"name":"wp","href":"https:\/\/api.w.org\/{rel}","templated":true}]}}