{"id":1511,"date":"2018-12-04T12:55:09","date_gmt":"2018-12-04T12:55:09","guid":{"rendered":"https:\/\/visitpovljana.eu\/?page_id=1511"},"modified":"2022-04-27T10:25:17","modified_gmt":"2022-04-27T08:25:17","slug":"paulianus","status":"publish","type":"page","link":"https:\/\/visitpovljana.eu\/hr\/paulianus\/","title":{"rendered":"Paulianus"},"content":{"rendered":"<div class=\"wpb-content-wrapper\"><p>[vc_row][vc_column][vc_column_text]<\/p>\n<p style=\"text-align: center; font-size: 20px;\">Op\u0107ina Povljana na otoku Pagu obiluje prethistorijskim arheolo\u0161kim lokalitetima (kao i cijeli otok Pag). Najstariji pronalazak do sada je dio kamene sjekire iz bron\u010danog doba (Eneolitik). Iliri (Liburni) i Rimljani su ostavili neizbrisiv trag u povijesti Paga, \u0161to dokazuje i prostor Povljane.<\/p>\n<p>[\/vc_column_text][\/vc_column][\/vc_row][vc_row css=&#8221;.vc_custom_1542967146106{padding-top: 50px !important;}&#8221;][vc_column width=&#8221;1\/2&#8243; css=&#8221;.vc_custom_1543490162969{padding-top: 40px !important;}&#8221;][vc_single_image image=&#8221;1414&#8243; img_size=&#8221;full&#8221;][\/vc_column][vc_column width=&#8221;1\/2&#8243;][vc_column_text]Ime Povljana dolazi od Rimskog imena PAULUS uz dodatak Latinskog sufiksa -ANA, \u0161to onda tvori: PAULINIANA.[\/vc_column_text][vc_column_text]Otok Pag je bio naseljen od davnina. Grobni humci i ostaci predmeta svakodnevne uporabe su prona\u0111eni po cijelom otoku. Nastariji ostaci na podru\u010dju Povljane su iz vremena<\/p>\n<p>2.000 \u2013 2.500 p.n.e.\u00a0 Pokraj pla\u017ee Perilo su ostaci anti\u010dke vile o kojoj postoje zapisi da je posjedovala 18 solana.<\/p>\n<p>Povljana je nastala u uvali na otoku Pagu prekoputa grada Nina, koji je u kasnoj antici i u ranom srednjem vijeku bio administrativni i gospodarski centar ovog dijela obale.<\/p>\n<p>Nakon uni\u0161tenja grada Nina 1646. godine, nestalo je i naselje u uvali u Staroj Povljani, me\u0111utim, na uzvisini pokraj uvale na drugoj strani, nastajalo je naselje Nova Povljana.<\/p>\n<p>U 18. i 19. stolje\u0107u ve\u0107inu stanovni\u0161tva Povljane \u010dinili su novoprido\u0161li dotada\u0161nji stanovnici grada Paga. Pag je tada bio prenapu\u010den i stanovnici su imali ve\u0107e \u0161anse izbje\u0107i glad ukoliko se na podru\u010dju Povljane bave poljoprivredom.<\/p>\n<p>Od 18. stolje\u0107a broj stanovnika je stalno rastao da bi svoj maksimum dostigao 50-ih godina 20. stolje\u0107a.[\/vc_column_text][\/vc_column][\/vc_row][vc_row css=&#8221;.vc_custom_1542967146106{padding-top: 50px !important;}&#8221;][vc_column width=&#8221;1\/2&#8243;][vc_column_text]<\/p>\n<h3>Povljanski bunari<\/h3>\n<p>[\/vc_column_text][vc_column_text]<\/p>\n<p class=\"gmail-standard\"><b>POVLJANSKI BUNARI <\/b>postoje od davnina. Donji se oduvijek koristio za napajanje vu\u010dne stoke (volova), a gornji za opskrbu mje\u0161tana vodom.<\/p>\n<p class=\"gmail-standard\">1946. godine bunari su obnovljeni nakon \u0161to su se uru\u0161ili. Donji bunar se ne koristi za napoj stoke od 1969. godine.<\/p>\n<p class=\"gmail-standard\">Do 1977. godine od gornjeg bunara do ku\u0107a voda se nosila na glavi, u drvenim kablima, a od tada, motornom pumpom se voda pumpala u bazen i dalje u tri slavine (\u0161pine) koje su postavljene u centru mjesta.<\/p>\n<p class=\"gmail-standard\">Nedugo iza toga izgra\u0111ena je vodovodna mre\u017ea od jezera Veliko blato \u010dime je voda do\u0161la u svaku ku\u0107u.<\/p>\n<p class=\"gmail-standard\">2018. godine je tvrtka za distribuciju vode i odvodnju &#8221;Vodovod Povljana&#8221; izvr\u0161ila obnovu donjeg bunara .<\/p>\n<p>[\/vc_column_text][\/vc_column][vc_column width=&#8221;1\/2&#8243; css=&#8221;.vc_custom_1543490162969{padding-top: 40px !important;}&#8221;][vc_column_text]<iframe loading=\"lazy\" style=\"border: 0;\" src=\"https:\/\/www.google.com\/maps\/embed?pb=!1m18!1m12!1m3!1d2853.4335660925617!2d15.110141315721844!3d44.34214381562503!2m3!1f0!2f0!3f0!3m2!1i1024!2i768!4f13.1!3m3!1m2!1s0x0%3A0x45db25090021d435!2zNDTCsDIwJzMxLjciTiAxNcKwMDYnNDQuNCJF!5e0!3m2!1shr!2shr!4v1651047898665!5m2!1shr!2shr\" width=\"100%\" height=\"450\" allowfullscreen=\"allowfullscreen\"><\/iframe>[\/vc_column_text][\/vc_column][\/vc_row]<\/p>\n<\/div>","protected":false},"excerpt":{"rendered":"<p>[vc_row][vc_column][vc_column_text] Op\u0107ina Povljana na otoku Pagu obiluje prethistorijskim arheolo\u0161kim lokalitetima (kao i cijeli otok Pag). Najstariji pronalazak do sada je dio kamene sjekire iz bron\u010danog doba (Eneolitik). Iliri (Liburni) i&hellip;<\/p>\n","protected":false},"author":1,"featured_media":0,"parent":0,"menu_order":0,"comment_status":"closed","ping_status":"closed","template":"","meta":{"footnotes":""},"class_list":["post-1511","page","type-page","status-publish","hentry"],"yoast_head":"<!-- This site is optimized with the Yoast SEO plugin v27.1.1 - https:\/\/yoast.com\/product\/yoast-seo-wordpress\/ -->\n<title>Paulianus | Povljana Tourist Board<\/title>\n<meta name=\"robots\" content=\"index, follow, max-snippet:-1, max-image-preview:large, max-video-preview:-1\" \/>\n<link rel=\"canonical\" href=\"https:\/\/visitpovljana.eu\/hr\/paulianus\/\" \/>\n<meta property=\"og:locale\" content=\"hr_HR\" \/>\n<meta property=\"og:type\" content=\"article\" \/>\n<meta property=\"og:title\" content=\"Paulianus | Povljana Tourist Board\" \/>\n<meta property=\"og:description\" content=\"[vc_row][vc_column][vc_column_text] Op\u0107ina Povljana na otoku Pagu obiluje prethistorijskim arheolo\u0161kim lokalitetima (kao i cijeli otok Pag). Najstariji pronalazak do sada je dio kamene sjekire iz bron\u010danog doba (Eneolitik). Iliri (Liburni) i&hellip;\" \/>\n<meta property=\"og:url\" content=\"https:\/\/visitpovljana.eu\/hr\/paulianus\/\" \/>\n<meta property=\"og:site_name\" content=\"Povljana Tourist Board\" \/>\n<meta property=\"article:publisher\" content=\"https:\/\/www.facebook.com\/turistickazajednica.povljana.9\" \/>\n<meta property=\"article:modified_time\" content=\"2022-04-27T08:25:17+00:00\" \/>\n<meta name=\"twitter:card\" content=\"summary_large_image\" \/>\n<meta name=\"twitter:label1\" content=\"Procijenjeno vrijeme \u010ditanja\" \/>\n\t<meta name=\"twitter:data1\" content=\"2 minute\" \/>\n<script type=\"application\/ld+json\" class=\"yoast-schema-graph\">{\"@context\":\"https:\/\/schema.org\",\"@graph\":[{\"@type\":\"WebPage\",\"@id\":\"https:\/\/visitpovljana.eu\/hr\/paulianus\/\",\"url\":\"https:\/\/visitpovljana.eu\/hr\/paulianus\/\",\"name\":\"Paulianus | Povljana Tourist Board\",\"isPartOf\":{\"@id\":\"https:\/\/visitpovljana.eu\/#website\"},\"datePublished\":\"2018-12-04T12:55:09+00:00\",\"dateModified\":\"2022-04-27T08:25:17+00:00\",\"breadcrumb\":{\"@id\":\"https:\/\/visitpovljana.eu\/hr\/paulianus\/#breadcrumb\"},\"inLanguage\":\"hr\",\"potentialAction\":[{\"@type\":\"ReadAction\",\"target\":[\"https:\/\/visitpovljana.eu\/hr\/paulianus\/\"]}]},{\"@type\":\"BreadcrumbList\",\"@id\":\"https:\/\/visitpovljana.eu\/hr\/paulianus\/#breadcrumb\",\"itemListElement\":[{\"@type\":\"ListItem\",\"position\":1,\"name\":\"Naslovnica\",\"item\":\"https:\/\/visitpovljana.eu\/hr\/\"},{\"@type\":\"ListItem\",\"position\":2,\"name\":\"Paulianus\"}]},{\"@type\":\"WebSite\",\"@id\":\"https:\/\/visitpovljana.eu\/#website\",\"url\":\"https:\/\/visitpovljana.eu\/\",\"name\":\"Povljana Tourist Board\",\"description\":\"Official Website for Povljana Tourist Board\",\"publisher\":{\"@id\":\"https:\/\/visitpovljana.eu\/#organization\"},\"potentialAction\":[{\"@type\":\"SearchAction\",\"target\":{\"@type\":\"EntryPoint\",\"urlTemplate\":\"https:\/\/visitpovljana.eu\/?s={search_term_string}\"},\"query-input\":{\"@type\":\"PropertyValueSpecification\",\"valueRequired\":true,\"valueName\":\"search_term_string\"}}],\"inLanguage\":\"hr\"},{\"@type\":\"Organization\",\"@id\":\"https:\/\/visitpovljana.eu\/#organization\",\"name\":\"Povljana Tourist Board\",\"url\":\"https:\/\/visitpovljana.eu\/\",\"logo\":{\"@type\":\"ImageObject\",\"inLanguage\":\"hr\",\"@id\":\"https:\/\/visitpovljana.eu\/#\/schema\/logo\/image\/\",\"url\":\"https:\/\/visitpovljana.eu\/wp-content\/uploads\/2018\/11\/logo.png\",\"contentUrl\":\"https:\/\/visitpovljana.eu\/wp-content\/uploads\/2018\/11\/logo.png\",\"width\":225,\"height\":53,\"caption\":\"Povljana Tourist Board\"},\"image\":{\"@id\":\"https:\/\/visitpovljana.eu\/#\/schema\/logo\/image\/\"},\"sameAs\":[\"https:\/\/www.facebook.com\/turistickazajednica.povljana.9\",\"https:\/\/www.instagram.com\/povljanatz\/\",\"https:\/\/www.youtube.com\/channel\/UCxdqlvStUxA6OnUy3WyOIyw\"]}]}<\/script>\n<!-- \/ Yoast SEO plugin. -->","yoast_head_json":{"title":"Paulianus | Povljana Tourist Board","robots":{"index":"index","follow":"follow","max-snippet":"max-snippet:-1","max-image-preview":"max-image-preview:large","max-video-preview":"max-video-preview:-1"},"canonical":"https:\/\/visitpovljana.eu\/hr\/paulianus\/","og_locale":"hr_HR","og_type":"article","og_title":"Paulianus | Povljana Tourist Board","og_description":"[vc_row][vc_column][vc_column_text] Op\u0107ina Povljana na otoku Pagu obiluje prethistorijskim arheolo\u0161kim lokalitetima (kao i cijeli otok Pag). Najstariji pronalazak do sada je dio kamene sjekire iz bron\u010danog doba (Eneolitik). Iliri (Liburni) i&hellip;","og_url":"https:\/\/visitpovljana.eu\/hr\/paulianus\/","og_site_name":"Povljana Tourist Board","article_publisher":"https:\/\/www.facebook.com\/turistickazajednica.povljana.9","article_modified_time":"2022-04-27T08:25:17+00:00","twitter_card":"summary_large_image","twitter_misc":{"Procijenjeno vrijeme \u010ditanja":"2 minute"},"schema":{"@context":"https:\/\/schema.org","@graph":[{"@type":"WebPage","@id":"https:\/\/visitpovljana.eu\/hr\/paulianus\/","url":"https:\/\/visitpovljana.eu\/hr\/paulianus\/","name":"Paulianus | Povljana Tourist Board","isPartOf":{"@id":"https:\/\/visitpovljana.eu\/#website"},"datePublished":"2018-12-04T12:55:09+00:00","dateModified":"2022-04-27T08:25:17+00:00","breadcrumb":{"@id":"https:\/\/visitpovljana.eu\/hr\/paulianus\/#breadcrumb"},"inLanguage":"hr","potentialAction":[{"@type":"ReadAction","target":["https:\/\/visitpovljana.eu\/hr\/paulianus\/"]}]},{"@type":"BreadcrumbList","@id":"https:\/\/visitpovljana.eu\/hr\/paulianus\/#breadcrumb","itemListElement":[{"@type":"ListItem","position":1,"name":"Naslovnica","item":"https:\/\/visitpovljana.eu\/hr\/"},{"@type":"ListItem","position":2,"name":"Paulianus"}]},{"@type":"WebSite","@id":"https:\/\/visitpovljana.eu\/#website","url":"https:\/\/visitpovljana.eu\/","name":"Povljana Tourist Board","description":"Official Website for Povljana Tourist Board","publisher":{"@id":"https:\/\/visitpovljana.eu\/#organization"},"potentialAction":[{"@type":"SearchAction","target":{"@type":"EntryPoint","urlTemplate":"https:\/\/visitpovljana.eu\/?s={search_term_string}"},"query-input":{"@type":"PropertyValueSpecification","valueRequired":true,"valueName":"search_term_string"}}],"inLanguage":"hr"},{"@type":"Organization","@id":"https:\/\/visitpovljana.eu\/#organization","name":"Povljana Tourist Board","url":"https:\/\/visitpovljana.eu\/","logo":{"@type":"ImageObject","inLanguage":"hr","@id":"https:\/\/visitpovljana.eu\/#\/schema\/logo\/image\/","url":"https:\/\/visitpovljana.eu\/wp-content\/uploads\/2018\/11\/logo.png","contentUrl":"https:\/\/visitpovljana.eu\/wp-content\/uploads\/2018\/11\/logo.png","width":225,"height":53,"caption":"Povljana Tourist Board"},"image":{"@id":"https:\/\/visitpovljana.eu\/#\/schema\/logo\/image\/"},"sameAs":["https:\/\/www.facebook.com\/turistickazajednica.povljana.9","https:\/\/www.instagram.com\/povljanatz\/","https:\/\/www.youtube.com\/channel\/UCxdqlvStUxA6OnUy3WyOIyw"]}]}},"_links":{"self":[{"href":"https:\/\/visitpovljana.eu\/hr\/wp-json\/wp\/v2\/pages\/1511","targetHints":{"allow":["GET"]}}],"collection":[{"href":"https:\/\/visitpovljana.eu\/hr\/wp-json\/wp\/v2\/pages"}],"about":[{"href":"https:\/\/visitpovljana.eu\/hr\/wp-json\/wp\/v2\/types\/page"}],"author":[{"embeddable":true,"href":"https:\/\/visitpovljana.eu\/hr\/wp-json\/wp\/v2\/users\/1"}],"replies":[{"embeddable":true,"href":"https:\/\/visitpovljana.eu\/hr\/wp-json\/wp\/v2\/comments?post=1511"}],"version-history":[{"count":4,"href":"https:\/\/visitpovljana.eu\/hr\/wp-json\/wp\/v2\/pages\/1511\/revisions"}],"predecessor-version":[{"id":2142,"href":"https:\/\/visitpovljana.eu\/hr\/wp-json\/wp\/v2\/pages\/1511\/revisions\/2142"}],"wp:attachment":[{"href":"https:\/\/visitpovljana.eu\/hr\/wp-json\/wp\/v2\/media?parent=1511"}],"curies":[{"name":"wp","href":"https:\/\/api.w.org\/{rel}","templated":true}]}}